{"id":1516,"date":"2021-12-02T09:24:57","date_gmt":"2021-12-02T09:24:57","guid":{"rendered":"https:\/\/bvifr.wpengine.com\/fr\/?page_id=1516"},"modified":"2024-04-04T15:10:00","modified_gmt":"2024-04-04T15:10:00","slug":"politique-de-retour","status":"publish","type":"page","link":"https:\/\/www.bvimedical.be\/fr\/politique-de-retour\/","title":{"rendered":"Politique de retour"},"content":{"rendered":"<p>[vc_row full_width=\u00a0\u00bbstretch_row_content_no_spaces\u00a0\u00bb el_class=\u00a0\u00bbprocedure-hero\u00a0\u00bb][vc_column][vc_single_image image=\u00a0\u00bb2854&Prime; img_size=\u00a0\u00bbfull\u00a0\u00bb alignment=\u00a0\u00bbcenter\u00a0\u00bb el_class=\u00a0\u00bbno-mb infinite-image desktop-image\u00a0\u00bb][vc_single_image image=\u00a0\u00bb3361&Prime; img_size=\u00a0\u00bbfull\u00a0\u00bb alignment=\u00a0\u00bbcenter\u00a0\u00bb el_class=\u00a0\u00bbno-mb infinite-image mobile-image\u00a0\u00bb][vc_custom_heading text=\u00a0\u00bbPolitique de retour\u00a0\u00bb font_container=\u00a0\u00bbtag:h1|text_align:left|color:%23ffffff|line_height:1&Prime; use_theme_fonts=\u00a0\u00bbyes\u00a0\u00bb][vc_raw_html el_class=\u00a0\u00bbno-mb\u00a0\u00bb]JTNDaDYlMjBjbGFzcyUzRCUyMmhlYWQtYnJlYWRjcnVtYiUyMiUzRSUzQ2ElMjBocmVmJTNEJTIyJTJGJTIyJTNFQWNjdWVpbCUzQyUyRmElM0UlMjAlMkYlMjBQb2xpdGlxdWUlMjBkZSUyMHJldG91ciUzQyUyRmg2JTNF[\/vc_raw_html][\/vc_column][\/vc_row][vc_row full_width=\u00a0\u00bbstretch_row\u00a0\u00bb css=\u00a0\u00bb.vc_custom_1638437160122{background-color: #ffffff !important;}\u00a0\u00bb][vc_column css=\u00a0\u00bb.vc_custom_1636619391676{padding-top: 0px !important;}\u00a0\u00bb][vc_column_text el_class=\u00a0\u00bbprocedure-introduction\u00a0\u00bb css=\u00a0\u00bb.vc_custom_1658829198480{padding-top: 50px !important;}\u00a0\u00bb]Tous les clients doivent se r\u00e9f\u00e9rer \u00e0 la politique de retour de leur pays ou r\u00e9gion parmi les options ci-dessous. Si vous avez des questions suppl\u00e9mentaires, veuillez contacter notre service client.[\/vc_column_text][vc_custom_heading text=\u00a0\u00bbPolitiques de retour BVI par pays\u00a0\u00bb font_container=\u00a0\u00bbtag:h3|text_align:left|color:%23003865&Prime; use_theme_fonts=\u00a0\u00bbyes\u00a0\u00bb][vc_column_text css=\u00a0\u00bb.vc_custom_1696932414388{padding-bottom: 20px !important;}\u00a0\u00bb]<a style=\"color: #003865;\" href=\"https:\/\/www.bvimedical.be\/wp-content\/uploads\/2021\/12\/US-BVI-Return-Policy-2016_BVI-Inc_Eff.-Jan.pdf\" target=\"_blank\" rel=\"noopener\"><img decoding=\"async\" style=\"margin-right: 10px; width: 15px;\" src=\"https:\/\/www.bvimedical.be\/wp-content\/uploads\/2021\/11\/brochure.png\" \/>Politique de retour \u2013 \u00c9tats-Unis<\/a><br \/>\n<a style=\"color: #003865;\" href=\"https:\/\/www.bvimedical.be\/wp-content\/uploads\/2021\/12\/International-Return-Policy-French.pdf\" target=\"_blank\" rel=\"noopener\"><img decoding=\"async\" style=\"margin-right: 10px; width: 15px;\" src=\"https:\/\/www.bvimedical.be\/wp-content\/uploads\/2021\/11\/brochure.png\" \/>Politique de retour internationale\u00a0(French)<\/a><br \/>\n<a style=\"color: #003865;\" href=\"https:\/\/www.bvimedical.be\/wp-content\/uploads\/2021\/12\/International-Return-Policy-English.pdf\" target=\"_blank\" rel=\"noopener\"><img decoding=\"async\" style=\"margin-right: 10px; width: 15px;\" src=\"https:\/\/www.bvimedical.be\/wp-content\/uploads\/2021\/11\/brochure.png\" \/>Politique de retour internationale\u00a0(English)<\/a><br \/>\n<a style=\"color: #003865;\" href=\"https:\/\/www.bvimedical.be\/wp-content\/uploads\/2021\/12\/International-Return-Policy-German.pdf\" target=\"_blank\" rel=\"noopener\"><img decoding=\"async\" style=\"margin-right: 10px; width: 15px;\" src=\"https:\/\/www.bvimedical.be\/wp-content\/uploads\/2021\/11\/brochure.png\" \/>Politique de retour internationale\u00a0(German)<\/a><br \/>\n<a style=\"color: #003865;\" href=\"https:\/\/www.bvimedical.be\/wp-content\/uploads\/2021\/12\/International-Return-Policy-Italian.pdf\" target=\"_blank\" rel=\"noopener\"><img decoding=\"async\" style=\"margin-right: 10px; width: 15px;\" src=\"https:\/\/www.bvimedical.be\/wp-content\/uploads\/2021\/11\/brochure.png\" \/>Politique de retour internationale\u00a0(Italian)<\/a>[\/vc_column_text][\/vc_column][\/vc_row]<\/p>","protected":false},"excerpt":{"rendered":"<p>[vc_row full_width=\u00a0\u00bbstretch_row_content_no_spaces\u00a0\u00bb el_class=\u00a0\u00bbprocedure-hero\u00a0\u00bb][vc_column][vc_single_image image=\u00a0\u00bb2854&Prime; img_size=\u00a0\u00bbfull\u00a0\u00bb alignment=\u00a0\u00bbcenter\u00a0\u00bb el_class=\u00a0\u00bbno-mb infinite-image desktop-image\u00a0\u00bb][vc_single_image image=\u00a0\u00bb3361&Prime; img_size=\u00a0\u00bbfull\u00a0\u00bb alignment=\u00a0\u00bbcenter\u00a0\u00bb el_class=\u00a0\u00bbno-mb infinite-image mobile-image\u00a0\u00bb][vc_custom_heading text=\u00a0\u00bbPolitique de retour\u00a0\u00bb font_container=\u00a0\u00bbtag:h1|text_align:left|color:%23ffffff|line_height:1&Prime; use_theme_fonts=\u00a0\u00bbyes\u00a0\u00bb][vc_raw_html el_class=\u00a0\u00bbno-mb\u00a0\u00bb]JTNDaDYlMjBjbGFzcyUzRCUyMmhlYWQtYnJlYWRjcnVtYiUyMiUzRSUzQ2ElMjBocmVmJTNEJTIyJTJGJTIyJTNFQWNjdWVpbCUzQyUyRmElM0UlMjAlMkYlMjBQb2xpdGlxdWUlMjBkZSUyMHJldG91ciUzQyUyRmg2JTNF[\/vc_raw_html][\/vc_column][\/vc_row][vc_row full_width=\u00a0\u00bbstretch_row\u00a0\u00bb css=\u00a0\u00bb.vc_custom_1638437160122{background-color: #ffffff !important;}\u00a0\u00bb][vc_column css=\u00a0\u00bb.vc_custom_1636619391676{padding-top: 0px !important;}\u00a0\u00bb][vc_column_text el_class=\u00a0\u00bbprocedure-introduction\u00a0\u00bb css=\u00a0\u00bb.vc_custom_1658829198480{padding-top: 50px !important;}\u00a0\u00bb]Tous les clients doivent se r\u00e9f\u00e9rer \u00e0 la politique de retour de leur pays ou r\u00e9gion parmi les options ci-dessous. Si vous avez des [&hellip;]<\/p>\n","protected":false},"author":1,"featured_media":0,"parent":0,"menu_order":0,"comment_status":"closed","ping_status":"closed","template":"fullwidth.php","meta":{"_acf_changed":false,"_relevanssi_hide_post":"","_relevanssi_hide_content":"","_relevanssi_pin_for_all":"","_relevanssi_pin_keywords":"","_relevanssi_unpin_keywords":"","_relevanssi_related_keywords":"","_relevanssi_related_include_ids":"","_relevanssi_related_exclude_ids":"","_relevanssi_related_no_append":"","_relevanssi_related_not_related":"","_relevanssi_related_posts":"","_relevanssi_noindex_reason":"","footnotes":""},"class_list":["post-1516","page","type-page","status-publish","hentry"],"acf":[],"_links":{"self":[{"href":"https:\/\/www.bvimedical.be\/fr\/wp-json\/wp\/v2\/pages\/1516","targetHints":{"allow":["GET"]}}],"collection":[{"href":"https:\/\/www.bvimedical.be\/fr\/wp-json\/wp\/v2\/pages"}],"about":[{"href":"https:\/\/www.bvimedical.be\/fr\/wp-json\/wp\/v2\/types\/page"}],"author":[{"embeddable":true,"href":"https:\/\/www.bvimedical.be\/fr\/wp-json\/wp\/v2\/users\/1"}],"replies":[{"embeddable":true,"href":"https:\/\/www.bvimedical.be\/fr\/wp-json\/wp\/v2\/comments?post=1516"}],"version-history":[{"count":0,"href":"https:\/\/www.bvimedical.be\/fr\/wp-json\/wp\/v2\/pages\/1516\/revisions"}],"wp:attachment":[{"href":"https:\/\/www.bvimedical.be\/fr\/wp-json\/wp\/v2\/media?parent=1516"}],"curies":[{"name":"wp","href":"https:\/\/api.w.org\/{rel}","templated":true}]}}