{"id":1534,"date":"2021-12-02T10:00:04","date_gmt":"2021-12-02T10:00:04","guid":{"rendered":"https:\/\/bvifr.wpengine.com\/fr\/?page_id=1534"},"modified":"2025-02-20T17:25:05","modified_gmt":"2025-02-20T17:25:05","slug":"politiques-de-entreprise","status":"publish","type":"page","link":"https:\/\/www.bvimedical.be\/fr\/politiques-de-lentreprise\/","title":{"rendered":"Politiques de l&rsquo;entreprise"},"content":{"rendered":"<p>[vc_row full_width=\u00a0\u00bbstretch_row_content_no_spaces\u00a0\u00bb el_class=\u00a0\u00bbprocedure-hero\u00a0\u00bb][vc_column][vc_single_image image=\u00a0\u00bb2854&Prime; img_size=\u00a0\u00bbfull\u00a0\u00bb alignment=\u00a0\u00bbcenter\u00a0\u00bb el_class=\u00a0\u00bbno-mb infinite-image desktop-image\u00a0\u00bb][vc_single_image image=\u00a0\u00bb3361&Prime; img_size=\u00a0\u00bbfull\u00a0\u00bb alignment=\u00a0\u00bbcenter\u00a0\u00bb el_class=\u00a0\u00bbno-mb infinite-image mobile-image\u00a0\u00bb][vc_custom_heading text=\u00a0\u00bbPolitiques de l&rsquo;entreprise\u00a0\u00bb font_container=\u00a0\u00bbtag:h1|text_align:left|color:%23ffffff|line_height:1&Prime; use_theme_fonts=\u00a0\u00bbyes\u00a0\u00bb][vc_raw_html el_class=\u00a0\u00bbno-mb\u00a0\u00bb]JTNDaDYlMjBjbGFzcyUzRCUyMmhlYWQtYnJlYWRjcnVtYiUyMiUzRSUzQ2ElMjBocmVmJTNEJTIyJTJGJTIyJTNFQWNjdWVpbCUzQyUyRmElM0UlMjAlMkYlMjBQb2xpdGlxdWVzJTIwZGUlMjBsJTI3ZW50cmVwcmlzZSUzQyUyRmg2JTNF[\/vc_raw_html][\/vc_column][\/vc_row][vc_row full_width=\u00a0\u00bbstretch_row\u00a0\u00bb css=\u00a0\u00bb.vc_custom_1639736740707{margin-bottom: 0px !important;padding-bottom: 0px !important;background-color: #ffffff !important;}\u00a0\u00bb][vc_column css=\u00a0\u00bb.vc_custom_1636619391676{padding-top: 0px !important;}\u00a0\u00bb][vc_column_text el_class=\u00a0\u00bbprocedure-introduction\u00a0\u00bb css=\u00a0\u00bb.vc_custom_1658830674579{margin-bottom: 0px !important;padding-top: 50px !important;padding-bottom: 0px !important;}\u00a0\u00bb]BVI \u00e9tablit des normes \u00e9lev\u00e9es pour nos produits et nos employ\u00e9s et s&rsquo;efforce de les respecter en permanence. Nos principes et pratiques commerciales saines favorisent notre culture innovante et collaborative, qui s&rsquo;engage \u00e0 adopter un comportement \u00e9thique, responsable et la transparent. Nous avons \u00e9tabli des normes de gouvernance d&rsquo;entreprise et d&rsquo;\u00e9thique et les r\u00e9visons constamment pour nous assurer que nous appliquons les meilleures pratiques commerciales.[\/vc_column_text][\/vc_column][\/vc_row][vc_row full_width=\u00a0\u00bbstretch_row\u00a0\u00bb equal_height=\u00a0\u00bbyes\u00a0\u00bb css=\u00a0\u00bb.vc_custom_1639736821224{margin-top: 0px !important;padding-top: 0px !important;padding-bottom: 50px !important;background-color: #ffffff !important;}\u00a0\u00bb][vc_column][vc_row_inner equal_height=\u00a0\u00bbyes\u00a0\u00bb css=\u00a0\u00bb.vc_custom_1639736749526{margin-top: 0px !important;padding-top: 0px !important;}\u00a0\u00bb][vc_column_inner el_class=\u00a0\u00bbvalues-block\u00a0\u00bb width=\u00a0\u00bb1\/2&Prime;][vc_custom_heading text=\u00a0\u00bbLiens\u00a0\u00bb font_container=\u00a0\u00bbtag:h3|font_size:30|text_align:center|color:%23003865&Prime; use_theme_fonts=\u00a0\u00bbyes\u00a0\u00bb el_class=\u00a0\u00bbslim\u00a0\u00bb][vc_column_text css=\u00a0\u00bb.vc_custom_1664804435414{padding-bottom: 20px !important;}\u00a0\u00bb]<\/p>\n<p style=\"text-align: center;\"><a style=\"color: #003865; text-decoration: underline!important;\" href=\"\/lsas\/\" rel=\"noopener\">LSAS Policy and Supplier Code of Conduct<\/a><br \/>\n<a style=\"color: #003865; text-decoration: underline!important;\" href=\"\/gmp\/\">Qualit\u00e9 et conformit\u00e9<\/a><br \/>\n<a style=\"color: #003865; text-decoration: underline!important;\" href=\"\/politique-de-retour\/\" rel=\"noopener\">Politique de retour<\/a><br \/>\n<a style=\"color: #003865; text-decoration: underline!important;\" href=\"\/termes-et-conditions\/\" rel=\"noopener\">Termes et conditions<\/a><\/p>\n<p>[\/vc_column_text][\/vc_column_inner][vc_column_inner el_class=\u00a0\u00bbvalues-block\u00a0\u00bb width=\u00a0\u00bb1\/2&Prime;][vc_custom_heading text=\u00a0\u00bbPDF\u00a0\u00bb font_container=\u00a0\u00bbtag:h3|font_size:30|text_align:center|color:%23003865&Prime; use_theme_fonts=\u00a0\u00bbyes\u00a0\u00bb el_class=\u00a0\u00bbslim\u00a0\u00bb][vc_column_text css=\u00a0\u00bb.vc_custom_1740072298112{padding-bottom: 20px !important;}\u00a0\u00bb]<\/p>\n<p style=\"text-align: center;\"><a style=\"color: #003865;\" href=\"https:\/\/www.bvimedical.com\/wp-content\/uploads\/2025\/02\/021925_BVI-Privacy-Policy.pdf\" target=\"_blank\" rel=\"noopener\"><img decoding=\"async\" style=\"margin-right: 10px; width: 15px;\" src=\"https:\/\/www.bvimedical.com\/wp-content\/uploads\/2021\/11\/brochure.png\" \/>Privacy Policy<\/a><br \/>\n<a style=\"color: #003865;\" href=\"https:\/\/www.bvimedical.be\/wp-content\/uploads\/2021\/12\/Modern-Slavery-Act-Statement-2020.pdf\" target=\"_blank\" rel=\"noopener\"><img decoding=\"async\" style=\"margin-right: 10px; width: 15px;\" src=\"https:\/\/www.bvimedical.be\/wp-content\/uploads\/2021\/11\/brochure.png\" \/>Modern Slavery Act Statement<\/a><br \/>\n<a style=\"color: #003865;\" href=\"https:\/\/www.bvimedical.be\/wp-content\/uploads\/2021\/12\/AP-100-749-Supplier-Survey-Checklist.pdf\" target=\"_blank\" rel=\"noopener\"><img decoding=\"async\" style=\"margin-right: 10px; width: 15px;\" src=\"https:\/\/www.bvimedical.be\/wp-content\/uploads\/2021\/11\/brochure.png\" \/>Supplier Survey Checklist<\/a><br \/>\n<a style=\"color: #003865;\" href=\"https:\/\/www.bvimedical.be\/wp-content\/uploads\/2021\/12\/Natlex-Check-Instructions-for-Suppliers.pdf\" target=\"_blank\" rel=\"noopener\"><img decoding=\"async\" style=\"margin-right: 10px; width: 15px;\" src=\"https:\/\/www.bvimedical.be\/wp-content\/uploads\/2021\/11\/brochure.png\" \/>Natlex Check Instructions for Suppliers<\/a><br \/>\n<a style=\"color: #003865;\" href=\"https:\/\/www.bvimedical.be\/wp-content\/uploads\/2021\/12\/BVI-Ethics-and-Compliance-Framework-For-Addressing-Concerns.pdf\" target=\"_blank\" rel=\"noopener\"><img decoding=\"async\" style=\"margin-right: 10px; width: 15px;\" src=\"https:\/\/www.bvimedical.be\/wp-content\/uploads\/2021\/11\/brochure.png\" \/>Framework For Addressing Concern<\/a><br \/>\n<a style=\"color: #003865;\" href=\"https:\/\/www.bvimedical.be\/wp-content\/uploads\/2021\/12\/2070-160-Linking-Policy_v2-1.pdf\" target=\"_blank\" rel=\"noopener\"><img decoding=\"async\" style=\"margin-right: 10px; width: 15px;\" src=\"https:\/\/www.bvimedical.be\/wp-content\/uploads\/2021\/11\/brochure.png\" \/>Linking Policy<\/a><br \/>\n<a style=\"color: #003865;\" href=\"https:\/\/www.bvimedical.be\/wp-content\/uploads\/2021\/12\/AP-100-749-Supplier-Survey-Checklist.pdf\" target=\"_blank\" rel=\"noopener\"><img decoding=\"async\" style=\"margin-right: 10px; width: 15px;\" src=\"https:\/\/www.bvimedical.be\/wp-content\/uploads\/2021\/11\/brochure.png\" \/>Supplier Survey Checklist<\/a><\/p>\n<p>[\/vc_column_text][\/vc_column_inner][\/vc_row_inner][\/vc_column][\/vc_row]<\/p>","protected":false},"excerpt":{"rendered":"<p>[vc_row full_width=\u00a0\u00bbstretch_row_content_no_spaces\u00a0\u00bb el_class=\u00a0\u00bbprocedure-hero\u00a0\u00bb][vc_column][vc_single_image image=\u00a0\u00bb2854&Prime; img_size=\u00a0\u00bbfull\u00a0\u00bb alignment=\u00a0\u00bbcenter\u00a0\u00bb el_class=\u00a0\u00bbno-mb infinite-image desktop-image\u00a0\u00bb][vc_single_image image=\u00a0\u00bb3361&Prime; img_size=\u00a0\u00bbfull\u00a0\u00bb alignment=\u00a0\u00bbcenter\u00a0\u00bb el_class=\u00a0\u00bbno-mb infinite-image mobile-image\u00a0\u00bb][vc_custom_heading text=\u00a0\u00bbPolitiques de l&rsquo;entreprise\u00a0\u00bb font_container=\u00a0\u00bbtag:h1|text_align:left|color:%23ffffff|line_height:1&Prime; use_theme_fonts=\u00a0\u00bbyes\u00a0\u00bb][vc_raw_html el_class=\u00a0\u00bbno-mb\u00a0\u00bb]JTNDaDYlMjBjbGFzcyUzRCUyMmhlYWQtYnJlYWRjcnVtYiUyMiUzRSUzQ2ElMjBocmVmJTNEJTIyJTJGJTIyJTNFQWNjdWVpbCUzQyUyRmElM0UlMjAlMkYlMjBQb2xpdGlxdWVzJTIwZGUlMjBsJTI3ZW50cmVwcmlzZSUzQyUyRmg2JTNF[\/vc_raw_html][\/vc_column][\/vc_row][vc_row full_width=\u00a0\u00bbstretch_row\u00a0\u00bb css=\u00a0\u00bb.vc_custom_1639736740707{margin-bottom: 0px !important;padding-bottom: 0px !important;background-color: #ffffff !important;}\u00a0\u00bb][vc_column css=\u00a0\u00bb.vc_custom_1636619391676{padding-top: 0px !important;}\u00a0\u00bb][vc_column_text el_class=\u00a0\u00bbprocedure-introduction\u00a0\u00bb css=\u00a0\u00bb.vc_custom_1658830674579{margin-bottom: 0px !important;padding-top: 50px !important;padding-bottom: 0px !important;}\u00a0\u00bb]BVI \u00e9tablit des normes \u00e9lev\u00e9es pour nos produits et nos employ\u00e9s et s&rsquo;efforce de les respecter [&hellip;]<\/p>\n","protected":false},"author":1,"featured_media":0,"parent":0,"menu_order":0,"comment_status":"closed","ping_status":"closed","template":"fullwidth.php","meta":{"_acf_changed":false,"_relevanssi_hide_post":"","_relevanssi_hide_content":"","_relevanssi_pin_for_all":"","_relevanssi_pin_keywords":"","_relevanssi_unpin_keywords":"","_relevanssi_related_keywords":"","_relevanssi_related_include_ids":"","_relevanssi_related_exclude_ids":"","_relevanssi_related_no_append":"","_relevanssi_related_not_related":"","_relevanssi_related_posts":"","_relevanssi_noindex_reason":"","footnotes":""},"class_list":["post-1534","page","type-page","status-publish","hentry"],"acf":[],"_links":{"self":[{"href":"https:\/\/www.bvimedical.be\/fr\/wp-json\/wp\/v2\/pages\/1534","targetHints":{"allow":["GET"]}}],"collection":[{"href":"https:\/\/www.bvimedical.be\/fr\/wp-json\/wp\/v2\/pages"}],"about":[{"href":"https:\/\/www.bvimedical.be\/fr\/wp-json\/wp\/v2\/types\/page"}],"author":[{"embeddable":true,"href":"https:\/\/www.bvimedical.be\/fr\/wp-json\/wp\/v2\/users\/1"}],"replies":[{"embeddable":true,"href":"https:\/\/www.bvimedical.be\/fr\/wp-json\/wp\/v2\/comments?post=1534"}],"version-history":[{"count":0,"href":"https:\/\/www.bvimedical.be\/fr\/wp-json\/wp\/v2\/pages\/1534\/revisions"}],"wp:attachment":[{"href":"https:\/\/www.bvimedical.be\/fr\/wp-json\/wp\/v2\/media?parent=1534"}],"curies":[{"name":"wp","href":"https:\/\/api.w.org\/{rel}","templated":true}]}}