{"id":1572,"date":"2021-12-02T10:31:01","date_gmt":"2021-12-02T10:31:01","guid":{"rendered":"https:\/\/bvifr.wpengine.com\/fr\/?page_id=1572"},"modified":"2023-11-23T10:58:50","modified_gmt":"2023-11-23T10:58:50","slug":"gmp","status":"publish","type":"page","link":"https:\/\/www.bvimedical.be\/fr\/qualite-et-conformite\/","title":{"rendered":"Qualit\u00e9 et conformit\u00e9"},"content":{"rendered":"<p>[vc_row full_width=\u00a0\u00bbstretch_row_content_no_spaces\u00a0\u00bb el_class=\u00a0\u00bbprocedure-hero\u00a0\u00bb][vc_column][vc_single_image image=\u00a0\u00bb2854&Prime; img_size=\u00a0\u00bbfull\u00a0\u00bb alignment=\u00a0\u00bbcenter\u00a0\u00bb el_class=\u00a0\u00bbno-mb infinite-image desktop-image\u00a0\u00bb][vc_single_image image=\u00a0\u00bb3361&Prime; img_size=\u00a0\u00bbfull\u00a0\u00bb alignment=\u00a0\u00bbcenter\u00a0\u00bb el_class=\u00a0\u00bbno-mb infinite-image mobile-image\u00a0\u00bb][vc_custom_heading text=\u00a0\u00bbQualit\u00e9 et conformit\u00e9\u00a0\u00bb font_container=\u00a0\u00bbtag:h1|text_align:left|color:%23ffffff|line_height:1&Prime; use_theme_fonts=\u00a0\u00bbyes\u00a0\u00bb][vc_raw_html]JTNDaDYlMjBjbGFzcyUzRCUyMmhlYWQtYnJlYWRjcnVtYiUyMiUzRSUzQ2ElMjBocmVmJTNEJTIyJTJGZnIlMkYlMjIlM0VBY2N1ZWlsJTNDJTJGYSUzRSUyMCUyRiUyMFF1YWxpdCVDMyVBOSUyMGV0JTIwY29uZm9ybWl0JUMzJUE5JTNDJTJGaDYlM0U=[\/vc_raw_html][\/vc_column][\/vc_row][vc_row full_width=\u00a0\u00bbstretch_row\u00a0\u00bb css=\u00a0\u00bb.vc_custom_1638437160122{background-color: #ffffff !important;}\u00a0\u00bb][vc_column css=\u00a0\u00bb.vc_custom_1636619391676{padding-top: 0px !important;}\u00a0\u00bb][vc_column_text el_class=\u00a0\u00bbprocedure-introduction\u00a0\u00bb css=\u00a0\u00bb.vc_custom_1700735692582{padding-top: 50px !important;}\u00a0\u00bb]<\/p>\n<p style=\"color: #003865;\">Politique qualit\u00e9<\/p>\n<p>\u201cBVI s\u2019engage \u00e0 fournir des produits ophtalmiques et chirurgicaux de haute qualit\u00e9 qui d\u00e9passent les attentes des clients et les exigences r\u00e9glementaires. Nous mettons l\u2019accent sur la s\u00e9curit\u00e9 des patients, la fiabilit\u00e9 et l\u2019am\u00e9lioration continue.\u201d[\/vc_column_text][vc_column_text el_class=\u00a0\u00bbprocedure-introduction\u00a0\u00bb css=\u00a0\u00bb.vc_custom_1700735703005{padding-top: 50px !important;}\u00a0\u00bb]<b>Principes cl\u00e9s guidant notre politique Qualit\u00e9 qui servent de cadre aux objectifs de BVI :<\/b>[\/vc_column_text][\/vc_column][\/vc_row][vc_row full_width=\u00a0\u00bbstretch_row\u00a0\u00bb css=\u00a0\u00bb.vc_custom_1649058648402{background-color: #ffffff !important;}\u00a0\u00bb][vc_column width=\u00a0\u00bb1\/3&Prime;][vc_single_image image=\u00a0\u00bb5690&Prime; alignment=\u00a0\u00bbcenter\u00a0\u00bb onclick=\u00a0\u00bbcustom_link\u00a0\u00bb][vc_column_text]<\/p>\n<h3 style=\"text-align: center; font-size: 18px; color: #003865;\">Orientation client<\/h3>\n<p style=\"text-align: center;\">Concentrez-vous sur le d\u00e9passement des besoins des clients et le service aux patients.<\/p>\n<p>[\/vc_column_text][\/vc_column][vc_column width=\u00a0\u00bb1\/3&Prime;][vc_single_image image=\u00a0\u00bb5695&Prime; alignment=\u00a0\u00bbcenter\u00a0\u00bb onclick=\u00a0\u00bbcustom_link\u00a0\u00bb el_class=\u00a0\u00bblogo-rounded-ascrs\u00a0\u00bb][vc_column_text]<\/p>\n<h3 style=\"text-align: center; font-size: 18px; color: #003865;\">Qualit\u00e9 du produit<\/h3>\n<p style=\"text-align: center;\">Produire des produits innovants et de haute qualit\u00e9 en suivant des processus d\u00e9finis, en tenant compte des risques \u00e9mergents.<\/p>\n<p>[\/vc_column_text][\/vc_column][vc_column width=\u00a0\u00bb1\/3&Prime;][vc_single_image image=\u00a0\u00bb5694&Prime; alignment=\u00a0\u00bbcenter\u00a0\u00bb onclick=\u00a0\u00bbcustom_link\u00a0\u00bb el_class=\u00a0\u00bblogo-rounded-ascrs\u00a0\u00bb][vc_column_text]<\/p>\n<h3 style=\"text-align: center; font-size: 18px; color: #003865;\">Engagement des employ\u00e9s<\/h3>\n<p style=\"text-align: center;\">Favorisez un \u00e9tat d\u2019esprit Qualit\u00e9 o\u00f9 les employ\u00e9s sont habilit\u00e9s \u00e0 s\u2019approprier la Qualit\u00e9.<\/p>\n<p>[\/vc_column_text][\/vc_column][\/vc_row][vc_row full_width=\u00a0\u00bbstretch_row\u00a0\u00bb css=\u00a0\u00bb.vc_custom_1649058648402{background-color: #ffffff !important;}\u00a0\u00bb][vc_column width=\u00a0\u00bb1\/3&Prime;][vc_single_image image=\u00a0\u00bb5693&Prime; alignment=\u00a0\u00bbcenter\u00a0\u00bb onclick=\u00a0\u00bbcustom_link\u00a0\u00bb el_class=\u00a0\u00bblogo-rounded-ascrs\u00a0\u00bb][vc_column_text]<\/p>\n<h3 style=\"text-align: center; font-size: 18px; color: #003865;\">Am\u00e9lioration continue<\/h3>\n<p style=\"text-align: center;\">Mettre l\u2019accent sur l\u2019am\u00e9lioration continue gr\u00e2ce \u00e0 l\u2019intelligence collective pour identifier, innover et optimiser.<\/p>\n<p>[\/vc_column_text][\/vc_column][vc_column width=\u00a0\u00bb1\/3&Prime;][vc_single_image image=\u00a0\u00bb5692&Prime; alignment=\u00a0\u00bbcenter\u00a0\u00bb onclick=\u00a0\u00bbcustom_link\u00a0\u00bb el_class=\u00a0\u00bblogo-rounded-ascrs\u00a0\u00bb][vc_column_text]<\/p>\n<h3 style=\"text-align: center; font-size: 18px; color: #003865;\">Syst\u00e8me de gestion de la qualit\u00e9<\/h3>\n<p style=\"text-align: center;\">Mettre en \u0153uvre et maintenir un syst\u00e8me de gestion de la qualit\u00e9 efficace pour g\u00e9rer et am\u00e9liorer nos processus.<\/p>\n<p>[\/vc_column_text][\/vc_column][vc_column width=\u00a0\u00bb1\/3&Prime;][vc_single_image image=\u00a0\u00bb5691&Prime; alignment=\u00a0\u00bbcenter\u00a0\u00bb onclick=\u00a0\u00bbcustom_link\u00a0\u00bb el_class=\u00a0\u00bblogo-rounded-ascrs\u00a0\u00bb][vc_column_text]<\/p>\n<h3 style=\"text-align: center; font-size: 18px; color: #003865;\">Conformit\u00e9<\/h3>\n<p style=\"text-align: center;\">Respectez toutes les r\u00e9glementations, normes et directives applicables.<\/p>\n<p>[\/vc_column_text][\/vc_column][\/vc_row][vc_row full_width=\u00a0\u00bbstretch_row\u00a0\u00bb css=\u00a0\u00bb.vc_custom_1638437160122{background-color: #ffffff !important;}\u00a0\u00bb][vc_column css=\u00a0\u00bb.vc_custom_1636619391676{padding-top: 0px !important;}\u00a0\u00bb][vc_column_text el_class=\u00a0\u00bbprocedure-introduction\u00a0\u00bb css=\u00a0\u00bb.vc_custom_1700735640149{padding-top: 50px !important;}\u00a0\u00bb]<i>Nous nous tenons responsables de la communication et de la mise en \u0153uvre de cette politique Qualit\u00e9 dans l\u2019ensemble de notre organisation, de l\u2019examen r\u00e9gulier de son efficacit\u00e9 et des am\u00e9liorations n\u00e9cessaires en tant que \u00ab\u00a0<\/i><i>OneBVI<\/i><i>\u00a0\u00bb. En respectant ces principes, nous travaillons avec int\u00e9grit\u00e9 et agilit\u00e9 pour fournir des produits s\u00fbrs, efficaces et fiables qui contribuent au bien-\u00eatre des patients et \u00e0 l\u2019avancement de la sant\u00e9 oculaire dans le monde entier.<\/i>[\/vc_column_text][vc_column_text]<\/p>\n<p style=\"text-align: left;\">PL-000001 Version 1<\/p>\n<p>[\/vc_column_text][\/vc_column][\/vc_row][vc_row full_width=\u00a0\u00bbstretch_row\u00a0\u00bb css=\u00a0\u00bb.vc_custom_1644336498305{background-color: #ffffff !important;}\u00a0\u00bb][vc_column][vc_raw_html el_class=\u00a0\u00bbno-mb centering\u00a0\u00bb]JTNDYSUyMGNsYXNzJTNEJTIyZGlzY292ZXItZmFjdHMlMjBtYWlsJTIyJTIwaHJlZiUzRCUyMiUyRmNvbnRhY3QlMkYlMjIlM0VDb250YWN0ZXotbm91cyUyMHBvdXIlMjBwbHVzJTIwZCUyN2luZm9ybWF0aW9uJTNDJTJGYSUzRQ==[\/vc_raw_html][vc_empty_space height=\u00a0\u00bb50px\u00a0\u00bb][\/vc_column][\/vc_row][vc_column css=\u00a0\u00bb.vc_custom_1636619391676{padding-top: 0px !important;}\u00a0\u00bb][\/vc_column]<\/p>","protected":false},"excerpt":{"rendered":"<p>[vc_row full_width=\u00a0\u00bbstretch_row_content_no_spaces\u00a0\u00bb el_class=\u00a0\u00bbprocedure-hero\u00a0\u00bb][vc_column][vc_single_image image=\u00a0\u00bb2854&Prime; img_size=\u00a0\u00bbfull\u00a0\u00bb alignment=\u00a0\u00bbcenter\u00a0\u00bb el_class=\u00a0\u00bbno-mb infinite-image desktop-image\u00a0\u00bb][vc_single_image image=\u00a0\u00bb3361&Prime; img_size=\u00a0\u00bbfull\u00a0\u00bb alignment=\u00a0\u00bbcenter\u00a0\u00bb el_class=\u00a0\u00bbno-mb infinite-image mobile-image\u00a0\u00bb][vc_custom_heading text=\u00a0\u00bbQualit\u00e9 et conformit\u00e9\u00a0\u00bb font_container=\u00a0\u00bbtag:h1|text_align:left|color:%23ffffff|line_height:1&Prime; use_theme_fonts=\u00a0\u00bbyes\u00a0\u00bb][vc_raw_html]JTNDaDYlMjBjbGFzcyUzRCUyMmhlYWQtYnJlYWRjcnVtYiUyMiUzRSUzQ2ElMjBocmVmJTNEJTIyJTJGZnIlMkYlMjIlM0VBY2N1ZWlsJTNDJTJGYSUzRSUyMCUyRiUyMFF1YWxpdCVDMyVBOSUyMGV0JTIwY29uZm9ybWl0JUMzJUE5JTNDJTJGaDYlM0U=[\/vc_raw_html][\/vc_column][\/vc_row][vc_row full_width=\u00a0\u00bbstretch_row\u00a0\u00bb css=\u00a0\u00bb.vc_custom_1638437160122{background-color: #ffffff !important;}\u00a0\u00bb][vc_column css=\u00a0\u00bb.vc_custom_1636619391676{padding-top: 0px !important;}\u00a0\u00bb][vc_column_text el_class=\u00a0\u00bbprocedure-introduction\u00a0\u00bb css=\u00a0\u00bb.vc_custom_1700735692582{padding-top: 50px !important;}\u00a0\u00bb] Politique qualit\u00e9 \u201cBVI s\u2019engage \u00e0 fournir des produits ophtalmiques et chirurgicaux de haute qualit\u00e9 qui d\u00e9passent les attentes des clients et les exigences r\u00e9glementaires. [&hellip;]<\/p>\n","protected":false},"author":1,"featured_media":0,"parent":0,"menu_order":0,"comment_status":"closed","ping_status":"closed","template":"fullwidth.php","meta":{"_acf_changed":false,"_relevanssi_hide_post":"","_relevanssi_hide_content":"","_relevanssi_pin_for_all":"","_relevanssi_pin_keywords":"","_relevanssi_unpin_keywords":"","_relevanssi_related_keywords":"","_relevanssi_related_include_ids":"","_relevanssi_related_exclude_ids":"","_relevanssi_related_no_append":"","_relevanssi_related_not_related":"","_relevanssi_related_posts":"","_relevanssi_noindex_reason":"","footnotes":""},"class_list":["post-1572","page","type-page","status-publish","hentry"],"acf":[],"_links":{"self":[{"href":"https:\/\/www.bvimedical.be\/fr\/wp-json\/wp\/v2\/pages\/1572","targetHints":{"allow":["GET"]}}],"collection":[{"href":"https:\/\/www.bvimedical.be\/fr\/wp-json\/wp\/v2\/pages"}],"about":[{"href":"https:\/\/www.bvimedical.be\/fr\/wp-json\/wp\/v2\/types\/page"}],"author":[{"embeddable":true,"href":"https:\/\/www.bvimedical.be\/fr\/wp-json\/wp\/v2\/users\/1"}],"replies":[{"embeddable":true,"href":"https:\/\/www.bvimedical.be\/fr\/wp-json\/wp\/v2\/comments?post=1572"}],"version-history":[{"count":0,"href":"https:\/\/www.bvimedical.be\/fr\/wp-json\/wp\/v2\/pages\/1572\/revisions"}],"wp:attachment":[{"href":"https:\/\/www.bvimedical.be\/fr\/wp-json\/wp\/v2\/media?parent=1572"}],"curies":[{"name":"wp","href":"https:\/\/api.w.org\/{rel}","templated":true}]}}