{"id":1757,"date":"2021-12-07T09:43:29","date_gmt":"2021-12-07T09:43:29","guid":{"rendered":"https:\/\/bvifr.wpengine.com\/fr\/?page_id=1757"},"modified":"2026-03-31T21:57:15","modified_gmt":"2026-03-31T21:57:15","slug":"equipe-dirigeante","status":"publish","type":"page","link":"https:\/\/www.bvimedical.be\/fr\/fr-managementteam\/","title":{"rendered":"Equipe dirigeante"},"content":{"rendered":"<p>[vc_row full_width=\u00a0\u00bbstretch_row_content_no_spaces\u00a0\u00bb el_class=\u00a0\u00bbprocedure-hero\u00a0\u00bb][vc_column][vc_single_image image=\u00a0\u00bb2840&Prime; img_size=\u00a0\u00bbfull\u00a0\u00bb alignment=\u00a0\u00bbcenter\u00a0\u00bb el_class=\u00a0\u00bbno-mb infinite-image desktop-image\u00a0\u00bb][vc_single_image image=\u00a0\u00bb3347&Prime; img_size=\u00a0\u00bbfull\u00a0\u00bb alignment=\u00a0\u00bbcenter\u00a0\u00bb el_class=\u00a0\u00bbno-mb infinite-image mobile-image\u00a0\u00bb][vc_custom_heading text=\u00a0\u00bbEquipe dirigeante\u00a0\u00bb font_container=\u00a0\u00bbtag:h1|text_align:left|color:%23ffffff|line_height:1&Prime; use_theme_fonts=\u00a0\u00bbyes\u00a0\u00bb][vc_raw_html el_class=\u00a0\u00bbno-mb\u00a0\u00bb]JTNDaDYlMjBjbGFzcyUzRCUyMmhlYWQtYnJlYWRjcnVtYiUyMiUzRSUzQ2ElMjBocmVmJTNEJTIyJTJGZnIlMkYlMjIlM0VBY2N1ZWlsJTNDJTJGYSUzRSUyMCUyRiUyMEVxdWlwZSUyMGRpcmlnZWFudGUlM0MlMkZoNiUzRQ==[\/vc_raw_html][\/vc_column][\/vc_row][vc_row full_width=\u00a0\u00bbstretch_row\u00a0\u00bb css=\u00a0\u00bb.vc_custom_1639056771797{padding-top: 0px !important;padding-bottom: 40px !important;background-color: #ffffff !important;}\u00a0\u00bb][vc_column width=\u00a0\u00bb1\/4&Prime;][vc_single_image image=\u00a0\u00bb6123&Prime; img_size=\u00a0\u00bbfull\u00a0\u00bb el_class=\u00a0\u00bbno-mb\u00a0\u00bb][\/vc_column][vc_column width=\u00a0\u00bb3\/4&Prime;][vc_column_text el_class=\u00a0\u00bbdirectors no-mb\u00a0\u00bb]<\/p>\n<h3>Jim Hollingshead<\/h3>\n<h5>Pr\u00e9sident-directeur g\u00e9n\u00e9ral<\/h5>\n<p>Jim Hollingshead poss\u00e8de plus de trente ans d\u2019exp\u00e9rience en leadership mondial dans les domaines des technologies m\u00e9dicales et des sciences de la vie. Sa carri\u00e8re est marqu\u00e9e par le lancement et le d\u00e9veloppement \u00e0 grande \u00e9chelle de produits de r\u00e9f\u00e9rence dans leur cat\u00e9gorie. Avant de rejoindre BVI, Jim a dirig\u00e9 \u00e0 deux reprises des entreprises en profonde transformation, atteignant des positions de leader du march\u00e9, une croissance rentable durable et des am\u00e9liorations significatives de la qualit\u00e9 de vie des patients.<\/p>\n<p>De 2022 \u00e0 2025, en tant que Pr\u00e9sident-directeur g\u00e9n\u00e9ral d\u2019Insulet Corporation, apr\u00e8s avoir d\u2019abord rejoint l\u2019entreprise en tant qu\u2019administrateur ind\u00e9pendant, Jim a pilot\u00e9 le lancement de technologies r\u00e9volutionnaires qui ont surpass\u00e9 la concurrence et positionn\u00e9 Insulet comme le leader num\u00e9ro un de sa cat\u00e9gorie. Son leadership a alli\u00e9 vision produit et rigueur commerciale, transformant l\u2019innovation en une adoption rapide par le march\u00e9.<\/p>\n<p>Avant Insulet, Jim a occup\u00e9 plusieurs postes de direction chez ResMed, notamment Pr\u00e9sident de l\u2019activit\u00e9 Sleep and Respiratory Care, Pr\u00e9sident des Am\u00e9riques, Chief Strategy Officer et Pr\u00e9sident de Ventures &amp; Initiatives. Il y a conduit la conception et le lancement d\u2019offres bas\u00e9es sur le cloud qui ont red\u00e9fini les soins connect\u00e9s et transform\u00e9 le paysage concurrentiel du secteur. Jim a d\u00e9but\u00e9 sa carri\u00e8re dans le conseil en strat\u00e9gie, accompagnant des organisations internationales dans divers secteurs, et si\u00e8ge aujourd\u2019hui au conseil d\u2019administration de Vantive, une entreprise leader dans les technologies m\u00e9dicales d\u00e9di\u00e9es aux soins r\u00e9naux. Il est titulaire d\u2019un BA de l\u2019universit\u00e9 de Stanford ainsi que d\u2019un master et d\u2019un doctorat de l\u2019universit\u00e9 de Californie \u00e0 Berkeley.[\/vc_column_text][\/vc_column][\/vc_row][vc_row full_width=\u00a0\u00bbstretch_row\u00a0\u00bb css=\u00a0\u00bb.vc_custom_1639056771797{padding-top: 0px !important;padding-bottom: 40px !important;background-color: #ffffff !important;}\u00a0\u00bb][vc_column width=\u00a0\u00bb1\/4&Prime;][vc_single_image image=\u00a0\u00bb6140&Prime; img_size=\u00a0\u00bbfull\u00a0\u00bb el_class=\u00a0\u00bbno-mb\u00a0\u00bb][\/vc_column][vc_column width=\u00a0\u00bb3\/4&Prime;][vc_column_text el_class=\u00a0\u00bbdirectors no-mb\u00a0\u00bb]<\/p>\n<h3>Andrew Chang<\/h3>\n<h5>Directeur commercial<\/h5>\n<p>Andrew Chang apporte plus de 20 ans d\u2019exp\u00e9rience en leadership commercial dans les secteurs des dispositifs m\u00e9dicaux ophtalmiques et des produits pharmaceutiques, ayant occup\u00e9 des postes de direction au sein de certaines des organisations mondiales les plus reconnues de l\u2019industrie.<\/p>\n<p>Il a commenc\u00e9 sa carri\u00e8re dans la finance et dans des r\u00f4les de d\u00e9veloppement d\u2019activit\u00e9s en phase de d\u00e9marrage avant de se tourner vers l\u2019ophtalmologie, o\u00f9 il a occup\u00e9 des postes de plus en plus importants chez ISTA Pharmaceuticals puis chez Bausch + Lomb. Chez ISTA, il a contribu\u00e9 \u00e0 l\u2019introduction r\u00e9ussie de plusieurs produits pharmaceutiques ophtalmiques. Apr\u00e8s l\u2019acquisition d\u2019ISTA par Bausch + Lomb, il a assum\u00e9 des responsabilit\u00e9s \u00e9largies chez OptiMedica, qui a \u00e9t\u00e9 ensuite acquise par Abbott Medical Optics. Il a ensuite occup\u00e9 le poste de Directeur G\u00e9n\u00e9ral et Vice-Pr\u00e9sident Senior chez Bausch + Lomb Surgical, supervisant les ventes, le marketing, les op\u00e9rations et le d\u00e9veloppement commercial aux \u00c9tats-Unis.<\/p>\n<p>Par la suite, il a rejoint ZEISS Medical Technology en tant que Pr\u00e9sident de Carl Zeiss Meditec USA, Inc. et Responsable des Ventes Mondiales pour les dispositifs ophtalmiques. \u00c0 ce poste, il a dirig\u00e9 la strat\u00e9gie commerciale mondiale et l&rsquo;ex\u00e9cution sur le march\u00e9 pour un large portefeuille de technologies diagnostiques et chirurgicales, jouant un r\u00f4le cl\u00e9 dans l\u2019expansion mondiale de ZEISS et la croissance commerciale durable.<\/p>\n<p>En dehors de ses r\u00f4les de direction, Andrew est un d\u00e9fenseur passionn\u00e9 de l\u2019innovation en ophtalmologie. Il si\u00e8ge actuellement \u00e0 plusieurs conseils de l\u2019industrie et comit\u00e9s consultatifs : ASCRS Foundation, Ophthalmology Foundation, Medical Device Manufacturers Association (MDMA), comit\u00e9 industrie de CEDARS\/ASPENS, comit\u00e9 ex\u00e9cutif d\u2019AECOS, Ophthalmic World Leaders (OWL), EyeSustain, et il est membre fondateur de la Vanguard Ophthalmology Society. Il a \u00e9galement si\u00e9g\u00e9 au conseil de MicroOptx, a \u00e9t\u00e9 pr\u00e9sident et membre du conseil de FCI Ophthalmics Inc \/ FCI SAS, ainsi que de la American Glaucoma Society Foundation.<\/p>\n<p>Andrew Chang est titulaire d\u2019une licence en gestion de l\u2019universit\u00e9 Rutgers \u2013 Newark.[\/vc_column_text][\/vc_column][\/vc_row][vc_row full_width=\u00a0\u00bbstretch_row\u00a0\u00bb css=\u00a0\u00bb.vc_custom_1639056771797{padding-top: 0px !important;padding-bottom: 40px !important;background-color: #ffffff !important;}\u00a0\u00bb][vc_column width=\u00a0\u00bb1\/4&Prime;][vc_single_image image=\u00a0\u00bb6141&Prime; img_size=\u00a0\u00bbfull\u00a0\u00bb el_class=\u00a0\u00bbno-mb\u00a0\u00bb][\/vc_column][vc_column width=\u00a0\u00bb3\/4&Prime;][vc_column_text el_class=\u00a0\u00bbdirectors no-mb\u00a0\u00bb]<\/p>\n<h3>Andrew (Andy) Dawson<\/h3>\n<h5>Directeur des ressources humaines et responsable des affaires corporatives<\/h5>\n<p>Andrew (Andy) Dawson poss\u00e8de plus de 20 ans d\u2019exp\u00e9rience en mati\u00e8re de strat\u00e9gie et de gestion des ressources humaines au sein de certaines des plus grandes entreprises mondiales du secteur de la sant\u00e9 et de la biopharmacie. Il a commenc\u00e9 sa carri\u00e8re dans les ressources humaines chez Eli Lilly and Company, puis confirm\u00e9 son exp\u00e9rience en occupant des postes de direction progressistes dans le domaine des ressources humaines chez Novartis et Roche dans le monde entier. Il a \u00e9galement contribu\u00e9 \u00e0 la cr\u00e9ation de l\u2019activit\u00e9 Vaccins et diagnostics apr\u00e8s l\u2019acquisition de Chiron par Novartis. En rejoignant Shire en 2014, il a jou\u00e9 un r\u00f4le cl\u00e9 dans la red\u00e9finition de la fonction RH mondiale lors d\u2019une phase de transformation importante. Il a particip\u00e9 \u00e0 l\u2019\u00e9volution de l\u2019organisation et \u00e0 son d\u00e9veloppement suite de nombreuses fusions et acquisitions, notamment en dirigeant la nouvelle strat\u00e9gie mondiale r\u00e9sultant de l\u2019acquisition de Baxalta pour 32 milliards de dollars. Il a \u00e9galement con\u00e7u et mis en \u0153uvre la conception d&rsquo;une nouvelle structure organisationnelle pour une soci\u00e9t\u00e9 en pleine croissance. Andrew Dawson a ensuite occup\u00e9 des postes et tenu des r\u00f4les de plus en plus importants au sein de TripAdvisor. Plus r\u00e9cemment, il a dirig\u00e9 les ressources humaines d\u2019entreprises \u00e9mergentes et pr\u00e9 commerciales dans le domaine de la biotechnologie. Andrew Dawson est membre du Forbes HR Leadership Council et si\u00e8ge au conseil consultatif de LEAP HR et BioPharma Talent \/ CBI. Il est titulaire d\u2019une ma\u00eetrise en gestion et d\u00e9veloppement des ressources humaines de l\u2019universit\u00e9 de Salford (Manchester, Royaume-Uni).[\/vc_column_text][\/vc_column][\/vc_row][vc_row full_width=\u00a0\u00bbstretch_row\u00a0\u00bb css=\u00a0\u00bb.vc_custom_1639056771797{padding-top: 0px !important;padding-bottom: 40px !important;background-color: #ffffff !important;}\u00a0\u00bb][vc_column width=\u00a0\u00bb1\/4&Prime;][vc_single_image image=\u00a0\u00bb6139&Prime; img_size=\u00a0\u00bbfull\u00a0\u00bb el_class=\u00a0\u00bbno-mb\u00a0\u00bb][\/vc_column][vc_column width=\u00a0\u00bb3\/4&Prime;][vc_column_text el_class=\u00a0\u00bbdirectors no-mb\u00a0\u00bb]<\/p>\n<h3>Mikhail Boukhny<\/h3>\n<h5>Directeur des technologies<\/h5>\n<p>Mikhail Boukhny apporte plus de 25 ans d\u2019exp\u00e9rience de leadership en chirurgie ophtalmologique. Jusqu\u2019en 2018, il a dirig\u00e9 la R&amp;D sur les instruments chirurgicaux d\u2019Alcon dans les domaines de la cataracte, des proc\u00e9dures vitr\u00e9o-r\u00e9tiniennes ou de r\u00e9fraction, et des diagnostics. Mikhail a gravi les \u00e9chelons chez Alcon, d\u00e9veloppant de nombreux produits r\u00e9volutionnaires, notamment l\u2019\u00e9chographie de torsion et le syst\u00e8me de vision Centurion. Il a une profonde connaissance des besoins cliniques et commerciaux non satisfaits, peut apporter des produits \u00e0 la fois r\u00e9volutionnaires et commercialement viables, et cr\u00e9er des \u00e9quipes solides. Mikhail est titulaire de plus de 70\u00a0brevets. Lorsqu\u2019il travaillait chez Alcon, il a maintes fois \u00e9t\u00e9 reconnu pour ses r\u00e9alisations, notamment par le prestigieux prix VIVA de Novartis. Plus r\u00e9cemment, Mikhail a dirig\u00e9 la R&amp;D en chirurgie ophtalmologique de Zeiss MediTec o\u00f9, en plus des \u00e9quipements, il \u00e9tait responsable des LIO, des syst\u00e8mes d\u2019administration de LIO et des OVD. Le Dr\u00a0Boukhny a obtenu une ma\u00eetrise en biophysique de l\u2019Institut de physique et de technologie de Moscou et un doctorat en physique de l\u2019Universit\u00e9 de Virginie.[\/vc_column_text][\/vc_column][\/vc_row][vc_row full_width=\u00a0\u00bbstretch_row\u00a0\u00bb css=\u00a0\u00bb.vc_custom_1639056771797{padding-top: 0px !important;padding-bottom: 40px !important;background-color: #ffffff !important;}\u00a0\u00bb][vc_column width=\u00a0\u00bb1\/4&Prime;][vc_single_image image=\u00a0\u00bb6144&Prime; img_size=\u00a0\u00bbfull\u00a0\u00bb el_class=\u00a0\u00bbno-mb\u00a0\u00bb][\/vc_column][vc_column width=\u00a0\u00bb3\/4&Prime;][vc_column_text el_class=\u00a0\u00bbdirectors no-mb\u00a0\u00bb]<\/p>\n<h3>Jean-Nicolas Fassin<\/h3>\n<h5>Senior vice-pr\u00e9sident, business development et directeur juridique<\/h5>\n<p>Jean-Nicolas (\u00ab JN \u00bb) Fassin poss\u00e8de 20 ans d\u2019exp\u00e9rience en fusions et acquisitions, en financement des entreprises, en strat\u00e9gie et en droit. Il a rejoint l\u2019\u00e9quipe de direction des BVI suite \u00e0 l\u2019acquisition de PhysIOL\u00ae par BVI fin 2018. Avant de rejoindre PhysIOL\u00ae en 2017, JN \u00e9tait Senior Manager chez BDO Corporate Finance en Belgique, o\u00f9 il conseillait des clients dans le cadre d\u2019op\u00e9rations de fusions-acquisitions de petite et moyenne taille, d\u2019\u00e9valuations et d\u2019audit d\u2019acquisition dans divers secteurs. Il a \u00e9galement travaill\u00e9 comme consultant en gestion chez McKinsey &amp;Company, se concentrant sur des missions strat\u00e9giques et comme avocat dans des cabinets renomm\u00e9s, o\u00f9 il a conseill\u00e9 des clients sur des questions de fusions-acquisitions, de litiges et de droit des soci\u00e9t\u00e9s. Il est titulaire d\u2019un MBA de la London Business School, d\u2019un LLM de la Columbia Law School et il est dipl\u00f4m\u00e9 de Sciences Po Paris et de la facult\u00e9 de droit de l\u2019Universit\u00e9 de Li\u00e8ge.[\/vc_column_text][\/vc_column][\/vc_row]<\/p>","protected":false},"excerpt":{"rendered":"<p>[vc_row full_width=\u00a0\u00bbstretch_row_content_no_spaces\u00a0\u00bb el_class=\u00a0\u00bbprocedure-hero\u00a0\u00bb][vc_column][vc_single_image image=\u00a0\u00bb2840&Prime; img_size=\u00a0\u00bbfull\u00a0\u00bb alignment=\u00a0\u00bbcenter\u00a0\u00bb el_class=\u00a0\u00bbno-mb infinite-image desktop-image\u00a0\u00bb][vc_single_image image=\u00a0\u00bb3347&Prime; img_size=\u00a0\u00bbfull\u00a0\u00bb alignment=\u00a0\u00bbcenter\u00a0\u00bb el_class=\u00a0\u00bbno-mb infinite-image mobile-image\u00a0\u00bb][vc_custom_heading text=\u00a0\u00bbEquipe dirigeante\u00a0\u00bb font_container=\u00a0\u00bbtag:h1|text_align:left|color:%23ffffff|line_height:1&Prime; use_theme_fonts=\u00a0\u00bbyes\u00a0\u00bb][vc_raw_html el_class=\u00a0\u00bbno-mb\u00a0\u00bb]JTNDaDYlMjBjbGFzcyUzRCUyMmhlYWQtYnJlYWRjcnVtYiUyMiUzRSUzQ2ElMjBocmVmJTNEJTIyJTJGZnIlMkYlMjIlM0VBY2N1ZWlsJTNDJTJGYSUzRSUyMCUyRiUyMEVxdWlwZSUyMGRpcmlnZWFudGUlM0MlMkZoNiUzRQ==[\/vc_raw_html][\/vc_column][\/vc_row][vc_row full_width=\u00a0\u00bbstretch_row\u00a0\u00bb css=\u00a0\u00bb.vc_custom_1639056771797{padding-top: 0px !important;padding-bottom: 40px !important;background-color: #ffffff !important;}\u00a0\u00bb][vc_column width=\u00a0\u00bb1\/4&Prime;][vc_single_image image=\u00a0\u00bb6123&Prime; img_size=\u00a0\u00bbfull\u00a0\u00bb el_class=\u00a0\u00bbno-mb\u00a0\u00bb][\/vc_column][vc_column width=\u00a0\u00bb3\/4&Prime;][vc_column_text el_class=\u00a0\u00bbdirectors no-mb\u00a0\u00bb] Jim Hollingshead Pr\u00e9sident-directeur g\u00e9n\u00e9ral Jim Hollingshead poss\u00e8de plus de trente ans d\u2019exp\u00e9rience en leadership mondial dans les domaines des technologies [&hellip;]<\/p>\n","protected":false},"author":1,"featured_media":0,"parent":0,"menu_order":0,"comment_status":"closed","ping_status":"closed","template":"fullwidth.php","meta":{"_acf_changed":false,"_relevanssi_hide_post":"","_relevanssi_hide_content":"","_relevanssi_pin_for_all":"","_relevanssi_pin_keywords":"","_relevanssi_unpin_keywords":"","_relevanssi_related_keywords":"","_relevanssi_related_include_ids":"","_relevanssi_related_exclude_ids":"","_relevanssi_related_no_append":"","_relevanssi_related_not_related":"","_relevanssi_related_posts":"","_relevanssi_noindex_reason":"","footnotes":""},"class_list":["post-1757","page","type-page","status-publish","hentry"],"acf":[],"_links":{"self":[{"href":"https:\/\/www.bvimedical.be\/fr\/wp-json\/wp\/v2\/pages\/1757","targetHints":{"allow":["GET"]}}],"collection":[{"href":"https:\/\/www.bvimedical.be\/fr\/wp-json\/wp\/v2\/pages"}],"about":[{"href":"https:\/\/www.bvimedical.be\/fr\/wp-json\/wp\/v2\/types\/page"}],"author":[{"embeddable":true,"href":"https:\/\/www.bvimedical.be\/fr\/wp-json\/wp\/v2\/users\/1"}],"replies":[{"embeddable":true,"href":"https:\/\/www.bvimedical.be\/fr\/wp-json\/wp\/v2\/comments?post=1757"}],"version-history":[{"count":0,"href":"https:\/\/www.bvimedical.be\/fr\/wp-json\/wp\/v2\/pages\/1757\/revisions"}],"wp:attachment":[{"href":"https:\/\/www.bvimedical.be\/fr\/wp-json\/wp\/v2\/media?parent=1757"}],"curies":[{"name":"wp","href":"https:\/\/api.w.org\/{rel}","templated":true}]}}