{"id":1833,"date":"2021-12-07T13:49:56","date_gmt":"2021-12-07T13:49:56","guid":{"rendered":"https:\/\/bvifr.wpengine.com\/fr\/?page_id=1833"},"modified":"2025-08-23T16:17:06","modified_gmt":"2025-08-23T16:17:06","slug":"sourcing","status":"publish","type":"page","link":"https:\/\/www.bvimedical.be\/fr\/fr-sourcing\/","title":{"rendered":"Sourcing"},"content":{"rendered":"<p>[vc_row full_width=\u00a0\u00bbstretch_row_content_no_spaces\u00a0\u00bb el_class=\u00a0\u00bbprocedure-hero\u00a0\u00bb][vc_column][vc_single_image image=\u00a0\u00bb2842&Prime; img_size=\u00a0\u00bbfull\u00a0\u00bb alignment=\u00a0\u00bbcenter\u00a0\u00bb el_class=\u00a0\u00bbno-mb infinite-image desktop-image\u00a0\u00bb][vc_single_image image=\u00a0\u00bb3349&Prime; img_size=\u00a0\u00bbfull\u00a0\u00bb alignment=\u00a0\u00bbcenter\u00a0\u00bb el_class=\u00a0\u00bbno-mb infinite-image mobile-image\u00a0\u00bb][vc_custom_heading text=\u00a0\u00bbSourcing\u00a0\u00bb font_container=\u00a0\u00bbtag:h1|text_align:left|color:%23ffffff|line_height:1&Prime; use_theme_fonts=\u00a0\u00bbyes\u00a0\u00bb][vc_raw_html el_class=\u00a0\u00bbno-mb\u00a0\u00bb]JTNDaDYlMjBjbGFzcyUzRCUyMmhlYWQtYnJlYWRjcnVtYiUyMiUzRSUzQ2ElMjBocmVmJTNEJTIyJTJGJTIyJTNFQWNjdWVpbCUzQyUyRmElM0UlMjAlMkYlMjBTb3VyY2luZyUzQyUyRmg2JTNF[\/vc_raw_html][\/vc_column][\/vc_row][vc_row full_width=\u00a0\u00bbstretch_row\u00a0\u00bb css=\u00a0\u00bb.vc_custom_1639056903696{padding-top: 10px !important;padding-bottom: 50px !important;background-color: #ffffff !important;}\u00a0\u00bb][vc_column][vc_column_text]<\/p>\n<p class=\"x_MsoListParagraphCxSpFirst\">BVI comprend l&rsquo;importance d&rsquo;avoir des partenariats solides avec nos fournisseurs dans nos activit\u00e9s, nos cat\u00e9gories et nos sites. Nous nous effor\u00e7ons d&rsquo;\u00eatre l&rsquo;organisation de classe mondiale en ophtalmologie et sommes toujours \u00e0 la recherche de partenaires qui partagent et promeuvent des valeurs comme les n\u00f4tres, dans tout ce qu&rsquo;ils font.<\/p>\n<ul style=\"color: #003865;\" type=\"disc\">\n<li class=\"x_MsoListParagraphCxSpMiddle\">Int\u00e9grit\u00e9<\/li>\n<li class=\"x_MsoListParagraphCxSpMiddle\">Intelligence collective<\/li>\n<li class=\"x_MsoListParagraphCxSpMiddle\">Responsabilit\u00e9<\/li>\n<li class=\"x_MsoListParagraphCxSpMiddle\">Agilit\u00e9<\/li>\n<\/ul>\n<p class=\"x_MsoListParagraphCxSpMiddle\">Nous sommes d\u00e9termin\u00e9s \u00e0 trouver les meilleurs fournisseurs de mati\u00e8res premi\u00e8res, de produits finis et de services avec lesquels travailler. Notre objectif est d&rsquo;\u00e9tablir des partenariats avec des fournisseurs partageant les m\u00eames id\u00e9es, qui travaillent \u00e0 co-cr\u00e9er de la valeur pour toutes les parties et \u00e0 cr\u00e9er une exp\u00e9rience client positive.<\/p>\n<p>[\/vc_column_text][vc_single_image image=\u00a0\u00bb1955&Prime; img_size=\u00a0\u00bbfull\u00a0\u00bb alignment=\u00a0\u00bbcenter\u00a0\u00bb css=\u00a0\u00bb.vc_custom_1643288341869{padding-bottom: 50px !important;}\u00a0\u00bb el_class=\u00a0\u00bbdesktop-image\u00a0\u00bb][vc_single_image image=\u00a0\u00bb3434&Prime; img_size=\u00a0\u00bbfull\u00a0\u00bb alignment=\u00a0\u00bbcenter\u00a0\u00bb css=\u00a0\u00bb.vc_custom_1643288368045{padding-bottom: 50px !important;}\u00a0\u00bb el_class=\u00a0\u00bbmobile-image\u00a0\u00bb][vc_row_inner][vc_column_inner el_class=\u00a0\u00bbsourcing-elements\u00a0\u00bb width=\u00a0\u00bb1\/2&Prime;][vc_single_image image=\u00a0\u00bb1963&Prime; img_size=\u00a0\u00bbfull\u00a0\u00bb alignment=\u00a0\u00bbcenter\u00a0\u00bb onclick=\u00a0\u00bbcustom_link\u00a0\u00bb link=\u00a0\u00bb\/lsas\/\u00a0\u00bb el_class=\u00a0\u00bbno-mb\u00a0\u00bb][vc_custom_heading text=\u00a0\u00bbPolitiques des fournisseurs\u00a0\u00bb font_container=\u00a0\u00bbtag:h4|text_align:center|color:%23ffffff\u00a0\u00bb use_theme_fonts=\u00a0\u00bbyes\u00a0\u00bb link=\u00a0\u00bburl:%2Flsas%2F|||\u00a0\u00bb][\/vc_column_inner][vc_column_inner el_class=\u00a0\u00bbsourcing-elements\u00a0\u00bb width=\u00a0\u00bb1\/2&Prime;][vc_single_image image=\u00a0\u00bb1964&Prime; img_size=\u00a0\u00bbfull\u00a0\u00bb alignment=\u00a0\u00bbcenter\u00a0\u00bb onclick=\u00a0\u00bbcustom_link\u00a0\u00bb link=\u00a0\u00bb\/politiques-de-entreprise\/\u00a0\u00bb el_class=\u00a0\u00bbno-mb\u00a0\u00bb][vc_custom_heading text=\u00a0\u00bbPolitiques d&rsquo;entreprise\u00a0\u00bb font_container=\u00a0\u00bbtag:h4|text_align:center|color:%23ffffff\u00a0\u00bb use_theme_fonts=\u00a0\u00bbyes\u00a0\u00bb link=\u00a0\u00bburl:%2Fpolitiques-de-entreprise%2F|||\u00a0\u00bb][\/vc_column_inner][\/vc_row_inner][vc_custom_heading text=\u00a0\u00bbPostulez d\u00e8s aujourd&rsquo;hui en tant que fournisseur\u00a0\u00bb font_container=\u00a0\u00bbtag:h3|font_size:28|text_align:center|color:%23003865|line_height:1&Prime; use_theme_fonts=\u00a0\u00bbyes\u00a0\u00bb css=\u00a0\u00bb.vc_custom_1658825113414{padding-top: 40px !important;}\u00a0\u00bb][vc_raw_html]JTNDYSUyMGNsYXNzJTNEJTIyc3VwcGxpZXItZm9ybS1idXR0b24lMjIlMjBocmVmJTNEJTIyJTJGZm9ybXVsYWlyZS1kZS1ub3V2ZWF1LWZvdXJuaXNzZXVyJTJGJTIyJTNFUG9zdHVsZXIlM0MlMkZhJTNF[\/vc_raw_html][\/vc_column][\/vc_row]<\/p>","protected":false},"excerpt":{"rendered":"<p>[vc_row full_width=\u00a0\u00bbstretch_row_content_no_spaces\u00a0\u00bb el_class=\u00a0\u00bbprocedure-hero\u00a0\u00bb][vc_column][vc_single_image image=\u00a0\u00bb2842&Prime; img_size=\u00a0\u00bbfull\u00a0\u00bb alignment=\u00a0\u00bbcenter\u00a0\u00bb el_class=\u00a0\u00bbno-mb infinite-image desktop-image\u00a0\u00bb][vc_single_image image=\u00a0\u00bb3349&Prime; img_size=\u00a0\u00bbfull\u00a0\u00bb alignment=\u00a0\u00bbcenter\u00a0\u00bb el_class=\u00a0\u00bbno-mb infinite-image mobile-image\u00a0\u00bb][vc_custom_heading text=\u00a0\u00bbSourcing\u00a0\u00bb font_container=\u00a0\u00bbtag:h1|text_align:left|color:%23ffffff|line_height:1&Prime; use_theme_fonts=\u00a0\u00bbyes\u00a0\u00bb][vc_raw_html el_class=\u00a0\u00bbno-mb\u00a0\u00bb]JTNDaDYlMjBjbGFzcyUzRCUyMmhlYWQtYnJlYWRjcnVtYiUyMiUzRSUzQ2ElMjBocmVmJTNEJTIyJTJGJTIyJTNFQWNjdWVpbCUzQyUyRmElM0UlMjAlMkYlMjBTb3VyY2luZyUzQyUyRmg2JTNF[\/vc_raw_html][\/vc_column][\/vc_row][vc_row full_width=\u00a0\u00bbstretch_row\u00a0\u00bb css=\u00a0\u00bb.vc_custom_1639056903696{padding-top: 10px !important;padding-bottom: 50px !important;background-color: #ffffff !important;}\u00a0\u00bb][vc_column][vc_column_text] BVI comprend l&rsquo;importance d&rsquo;avoir des partenariats solides avec nos fournisseurs dans nos activit\u00e9s, nos cat\u00e9gories et nos sites. Nous nous effor\u00e7ons d&rsquo;\u00eatre l&rsquo;organisation de classe mondiale en ophtalmologie [&hellip;]<\/p>\n","protected":false},"author":6,"featured_media":0,"parent":0,"menu_order":0,"comment_status":"closed","ping_status":"closed","template":"fullwidth.php","meta":{"_acf_changed":false,"_relevanssi_hide_post":"","_relevanssi_hide_content":"","_relevanssi_pin_for_all":"","_relevanssi_pin_keywords":"","_relevanssi_unpin_keywords":"","_relevanssi_related_keywords":"","_relevanssi_related_include_ids":"","_relevanssi_related_exclude_ids":"","_relevanssi_related_no_append":"","_relevanssi_related_not_related":"","_relevanssi_related_posts":"","_relevanssi_noindex_reason":"","footnotes":""},"class_list":["post-1833","page","type-page","status-publish","hentry"],"acf":[],"_links":{"self":[{"href":"https:\/\/www.bvimedical.be\/fr\/wp-json\/wp\/v2\/pages\/1833","targetHints":{"allow":["GET"]}}],"collection":[{"href":"https:\/\/www.bvimedical.be\/fr\/wp-json\/wp\/v2\/pages"}],"about":[{"href":"https:\/\/www.bvimedical.be\/fr\/wp-json\/wp\/v2\/types\/page"}],"author":[{"embeddable":true,"href":"https:\/\/www.bvimedical.be\/fr\/wp-json\/wp\/v2\/users\/6"}],"replies":[{"embeddable":true,"href":"https:\/\/www.bvimedical.be\/fr\/wp-json\/wp\/v2\/comments?post=1833"}],"version-history":[{"count":0,"href":"https:\/\/www.bvimedical.be\/fr\/wp-json\/wp\/v2\/pages\/1833\/revisions"}],"wp:attachment":[{"href":"https:\/\/www.bvimedical.be\/fr\/wp-json\/wp\/v2\/media?parent=1833"}],"curies":[{"name":"wp","href":"https:\/\/api.w.org\/{rel}","templated":true}]}}