{"id":247,"date":"2021-10-12T15:00:25","date_gmt":"2021-10-12T15:00:25","guid":{"rendered":"https:\/\/bvifr.wpengine.com\/fr\/?page_id=247"},"modified":"2026-02-03T13:37:07","modified_gmt":"2026-02-03T13:37:07","slug":"cataracte","status":"publish","type":"page","link":"https:\/\/www.bvimedical.be\/fr\/cataracte\/","title":{"rendered":"Cataracte"},"content":{"rendered":"<p><\/p>\n<p>[vc_row full_width=\u00a0\u00bbstretch_row_content_no_spaces\u00a0\u00bb el_class=\u00a0\u00bbprocedure-hero\u00a0\u00bb][vc_column][vc_single_image image=\u00a0\u00bb2749&Prime; img_size=\u00a0\u00bbfull\u00a0\u00bb alignment=\u00a0\u00bbcenter\u00a0\u00bb el_class=\u00a0\u00bbno-mb infinite-image desktop-image\u00a0\u00bb][vc_single_image image=\u00a0\u00bb3353&Prime; img_size=\u00a0\u00bbfull\u00a0\u00bb alignment=\u00a0\u00bbcenter\u00a0\u00bb el_class=\u00a0\u00bbno-mb infinite-image mobile-image\u00a0\u00bb][vc_custom_heading text=\u00a0\u00bbCataracte\u00a0\u00bb font_container=\u00a0\u00bbtag:h1|text_align:left|color:%23ffffff|line_height:1&Prime; use_theme_fonts=\u00a0\u00bbyes\u00a0\u00bb][vc_raw_html el_class=\u00a0\u00bbno-mb\u00a0\u00bb]JTNDaDYlMjBjbGFzcyUzRCUyMmhlYWQtYnJlYWRjcnVtYiUyMiUzRSUzQ2ElMjBocmVmJTNEJTIyJTJGJTIyJTNFQWNjdWVpbCUzQyUyRmElM0UlMjAlMkYlMjBDYXRhcmFjdGUlM0MlMkZoNiUzRQ==[\/vc_raw_html][\/vc_column][\/vc_row][vc_row full_width=\u00a0\u00bbstretch_row\u00a0\u00bb css=\u00a0\u00bb.vc_custom_1634281503540{background-color: #ffffff !important;}\u00a0\u00bb][vc_column][vc_column_text el_class=\u00a0\u00bbprocedure-introduction\u00a0\u00bb css=\u00a0\u00bb.vc_custom_1660135838200{margin-top: 20px !important;margin-bottom: 50px !important;}\u00a0\u00bb]BVI fournit des produits qui r\u00e9pondent \u00e0 vos attentes chirurgicales et tentent d&rsquo;augmenter l&rsquo;efficacit\u00e9 en salle d&rsquo;op\u00e9ration sans compromettre les r\u00e9sultats pour les patients. Nos conseillers commerciaux sont disponibles pour comprendre vos besoins uniques et vous aider \u00e0 s\u00e9lectionner les produit les plus adapt\u00e9s \u00e0 vous aider \u00e0 am\u00e9liorer vos r\u00e9sultats chirurgicaux.[\/vc_column_text][vc_column_text el_class=\u00a0\u00bbno-mb bubble-caption\u00a0\u00bb]<\/p>\n<p style=\"text-align: center; color: #003865;\">S\u00e9lectionner une cat\u00e9gorie pour en savoir plus<\/p>\n<p>[\/vc_column_text][\/vc_column][\/vc_row][vc_row full_width=\u00a0\u00bbstretch_row\u00a0\u00bb css=\u00a0\u00bb.vc_custom_1638458560750{padding-bottom: 0px !important;background-color: #ffffff !important;}\u00a0\u00bb][vc_column][vc_raw_html el_class=\u00a0\u00bbno-mb procedure-center-element\u00a0\u00bb]JTNDZGl2JTNFJTBBJTNDYSUyMGhyZWYlM0QlMjJqYXZhc2NyaXB0JTNBdm9pZCUyODAlMjklMjIlM0VDYXRhcmFjdGUlM0MlMkZhJTNFJTBBJTNDYSUyMGNsYXNzJTNEJTIyaW52ZXJ0ZWQlMjIlMjBocmVmJTNEJTIyJTJGY3VzdG9tZXllcyUyMiUzRUQlQzMlQTljb3V2cmV6JTIwbm9zJTIwcGFja3MlMjBjaGlydXJnaWNhdXglM0MlMkZhJTNFJTBBJTNDJTJGZGl2JTNF[\/vc_raw_html][vc_single_image image=\u00a0\u00bb1860&Prime; img_size=\u00a0\u00bbfull\u00a0\u00bb alignment=\u00a0\u00bbcenter\u00a0\u00bb el_class=\u00a0\u00bbno-mb relativize\u00a0\u00bb css=\u00a0\u00bb.vc_custom_1675153390545{padding-right: 175px !important;padding-left: 175px !important;}\u00a0\u00bb][vc_raw_html el_class=\u00a0\u00bbno-mb procedure-section-images cataract\u00a0\u00bb]JTNDaW1nJTIwY2xhc3MlM0QlMjJpbWctMSUyMiUyMHNyYyUzRCUyMiUyRndwLWNvbnRlbnQlMkZ1cGxvYWRzJTJGMjAyMSUyRjEwJTJGY2F0YXJhY3QtMS5wbmclMjIlM0UlMEElM0NpbWclMjBjbGFzcyUzRCUyMmltZy0yJTIyJTIwc3JjJTNEJTIyJTJGd3AtY29udGVudCUyRnVwbG9hZHMlMkYyMDIxJTJGMTAlMkZjYXRhcmFjdC0yLnBuZyUyMiUzRSUwQSUzQ2ltZyUyMGNsYXNzJTNEJTIyaW1nLTMlMjIlMjBzcmMlM0QlMjIlMkZ3cC1jb250ZW50JTJGdXBsb2FkcyUyRjIwMjElMkYxMCUyRmNhdGFyYWN0LTMucG5nJTIyJTNFJTBBJTNDaW1nJTIwY2xhc3MlM0QlMjJpbWctNCUyMiUyMHNyYyUzRCUyMiUyRndwLWNvbnRlbnQlMkZ1cGxvYWRzJTJGMjAyMSUyRjEwJTJGY2F0YXJhY3QtNC5wbmclMjIlM0UlMEElM0NpbWclMjBjbGFzcyUzRCUyMmltZy01JTIyJTIwc3JjJTNEJTIyJTJGd3AtY29udGVudCUyRnVwbG9hZHMlMkYyMDIxJTJGMTAlMkZjYXRhcmFjdC01LnBuZyUyMiUzRSUwQSUzQ2ltZyUyMGNsYXNzJTNEJTIyaW1nLTYlMjIlMjBzcmMlM0QlMjIlMkZ3cC1jb250ZW50JTJGdXBsb2FkcyUyRjIwMjElMkYxMCUyRmNhdGFyYWN0LTYucG5nJTIyJTNFJTBBJTNDaW1nJTIwY2xhc3MlM0QlMjJpbWctNyUyMiUyMHNyYyUzRCUyMiUyRndwLWNvbnRlbnQlMkZ1cGxvYWRzJTJGMjAyMSUyRjEwJTJGY2F0YXJhY3QtNy5wbmclMjIlM0UlMEElM0NpbWclMjBjbGFzcyUzRCUyMmltZy04JTIyJTIwc3JjJTNEJTIyJTJGd3AtY29udGVudCUyRnVwbG9hZHMlMkYyMDIxJTJGMTAlMkZjYXRhcmFjdC04LnBuZyUyMiUzRSUwQSUzQ2ltZyUyMGNsYXNzJTNEJTIyaW1nLTklMjIlMjBzcmMlM0QlMjIlMkZ3cC1jb250ZW50JTJGdXBsb2FkcyUyRjIwMjElMkYxMCUyRmNhdGFyYWN0LTkucG5nJTIyJTNFJTBBJTNDaW1nJTIwY2xhc3MlM0QlMjJpbWctMTElMjIlMjBzcmMlM0QlMjIlMkZ3cC1jb250ZW50JTJGdXBsb2FkcyUyRjIwMjElMkYxMCUyRmNhdGFyYWN0LTExLnBuZyUyMiUzRQ==[\/vc_raw_html][vc_raw_html el_class=\u00a0\u00bbno-mb procedure-section-links cataract\u00a0\u00bb]JTNDYSUyMGNsYXNzJTNEJTIybGluay0xJTIyJTIwZGF0YS1saW5rJTNEJTIyMSUyMiUyMGhyZWYlM0QlMjIlMkZwcm9kdWl0JTJGY2FudWxlcyUyMiUzRUNhbnVsZXMlM0MlMkZhJTNFJTBBJTNDYSUyMGNsYXNzJTNEJTIybGluay0yJTIyJTIwZGF0YS1saW5rJTNEJTIyMiUyMiUyMGhyZWYlM0QlMjIlMkZwcm9kdWl0JTJGZHJhcHMtaG91c3NlcyUyMiUzRURyYXBzJTIwJTI2JTIwaG91c3NlcyUzQyUyRmElM0UlMEElM0NhJTIwY2xhc3MlM0QlMjJsaW5rLTMlMjIlMjBkYXRhLWxpbmslM0QlMjIzJTIyJTIwaHJlZiUzRCUyMiUyRnByb2R1aXQlMkZjb3V0ZWF1eC1ldC1sYW1lcyUyMiUzRUNvdXRlYXV4JTIwZXQlMjBsYW1lcyUzQyUyRmElM0UlMEElM0NhJTIwY2xhc3MlM0QlMjJsaW5rLTQlMjIlMjBkYXRhLWxpbmslM0QlMjI0JTIyJTIwaHJlZiUzRCUyMiUyRnByb2R1aXQlMkZudXZpc2MtcHJvJTIyJTNFRFZPJTNDJTJGYSUzRSUwQSUzQ2ElMjBjbGFzcyUzRCUyMmxpbmstNSUyMiUyMGRhdGEtbGluayUzRCUyMjUlMjIlMjBocmVmJTNEJTIyJTJGcHJvZHVpdCUyRiUyRnNvbHV0aW9uLWlycmlnYXRpb24tc3RlcmlsZXMlMkYlMjIlM0VTb2x1dGlvbnMlMjBkJUUyJTgwJTk5aXJyaWdhdGlvbiUyMHN0JUMzJUE5cmlsZXMlM0MlMkZhJTNFJTBBJTNDYSUyMGNsYXNzJTNEJTIybGluay02JTIyJTIwZGF0YS1saW5rJTNEJTIyNiUyMiUyMGhyZWYlM0QlMjIlMkZwcm9kdWl0JTJGaW5zdHJ1bWVudHMtYS11c2FnZS11bmlxdWUlMkYlMjIlM0VJbnN0cnVtZW50cyUyMCVDMyVBMCUyMHVzYWdlJTIwdW5pcXVlJTNDJTJGYSUzRSUwQSUzQ2ElMjBjbGFzcyUzRCUyMmxpbmstNyUyMiUyMGRhdGEtbGluayUzRCUyMjclMjIlMjBocmVmJTNEJTIyJTJGcGhhY29lbXVsc2lmaWNhdGV1ciUyRiUyMiUzRVBoYWNvJTIwJUMzJUE5bXVsc2lmaWNhdGV1ciUzQyUyRmElM0UlMEElM0NhJTIwY2xhc3MlM0QlMjJsaW5rLTglMjIlMjBkYXRhLWxpbmslM0QlMjI4JTIyJTIwaHJlZiUzRCUyMiUyRmxlbnRpbGxlcy1pbnRyYW9jdWxhaXJlcyUyRiUyMiUzRUxlbnRpbGxlcyUyMGludHJhb2N1bGFpcmVzJTNDJTJGYSUzRSUwQSUzQ2ElMjBjbGFzcyUzRCUyMmxpbmstOSUyMiUyMGRhdGEtbGluayUzRCUyMjklMjIlMjBocmVmJTNEJTIyJTJGcHJvZHVpdCUyRmNvbnRyb2xlLWRlcy1mbHVpZGVzJTIyJTNFQ29udHIlQzMlQjRsZSUyMGRlcyUyMGZsdWlkZXMlM0MlMkZhJTNFJTBBJTNDYSUyMGNsYXNzJTNEJTIybGluay0xMSUyMiUyMGRhdGEtbGluayUzRCUyMjExJTIyJTIwaHJlZiUzRCUyMiUyRmNvbG9yYW50cy1jaGlydXJnaWNhdXglMkYlMjIlM0VDb2xvcmFudHMlMjBjaGlydXJnaWNhdXglM0MlMkZhJTNFJTBB[\/vc_raw_html][vc_raw_html el_class=\u00a0\u00bbno-mb procedure-go-back cataract\u00a0\u00bb]JTNDYSUyMGhyZWYlM0QlMjIlMkZhdXRyZXMlMkYlMjIlM0UlM0MlMkZzcGFuJTNFQXV0cmVzJTNDJTJGc3BhbiUzRSUyMCUzQ2ltZyUyMHNyYyUzRCUyMiUyRndwLWNvbnRlbnQlMkZ1cGxvYWRzJTJGMjAyMSUyRjEwJTJGcmlnaHRfYXJyb3cucG5nJTIyJTIwc3R5bGUlM0QlMjJ0cmFuc2Zvcm0lM0ElMjByb3RhdGUlMjgtMTgwZGVnJTI5JTNCJTIyJTNFJTNDJTJGYSUzRQ==[\/vc_raw_html][vc_raw_html el_class=\u00a0\u00bbno-mb procedure-go-ahead cataract\u00a0\u00bb]JTNDYSUyMGhyZWYlM0QlMjIlMkZnbGF1Y29tZSUyMiUzRSUzQ2ltZyUyMHNyYyUzRCUyMiUyRndwLWNvbnRlbnQlMkZ1cGxvYWRzJTJGMjAyMSUyRjEwJTJGcmlnaHRfYXJyb3cucG5nJTIyJTNFJTIwR2xhdWNvbWUlM0MlMkZhJTNF[\/vc_raw_html][\/vc_column][\/vc_row][vc_row full_width=\u00a0\u00bbstretch_row_content_no_spaces\u00a0\u00bb css=\u00a0\u00bb.vc_custom_1634027174212{padding-top: 0px !important;}\u00a0\u00bb][vc_column css=\u00a0\u00bb.vc_custom_1634027169850{padding-top: 0px !important;}\u00a0\u00bb][vc_single_image image=\u00a0\u00bb511&Prime; img_size=\u00a0\u00bbfull\u00a0\u00bb alignment=\u00a0\u00bbcenter\u00a0\u00bb el_class=\u00a0\u00bbno-mb infinite-image desktop-image\u00a0\u00bb][vc_single_image image=\u00a0\u00bb3436&Prime; img_size=\u00a0\u00bbfull\u00a0\u00bb alignment=\u00a0\u00bbcenter\u00a0\u00bb el_class=\u00a0\u00bbno-mb infinite-image mobile-image\u00a0\u00bb][vc_raw_html el_class=\u00a0\u00bbno-mb\u00a0\u00bb el_id=\u00a0\u00bbteam-absolute\u00a0\u00bb]JTNDZGl2JTNFJTBBJTNDYSUyMGNsYXNzJTNEJTIyaW52ZXJ0ZWQlMjIlMjBocmVmJTNEJTIyJTJGY3VzdG9tZXllcyUyMiUzRUQlQzMlQTljb3V2cmV6JTIwbm9zJTIwcGFja3MlMjBjaGlydXJnaWNhdXglM0MlMkZhJTNFJTBBJTNDJTJGZGl2JTNF[\/vc_raw_html][\/vc_column][\/vc_row]<\/p>\n<p><\/p>","protected":false},"excerpt":{"rendered":"<p>[vc_row full_width=\u00a0\u00bbstretch_row_content_no_spaces\u00a0\u00bb el_class=\u00a0\u00bbprocedure-hero\u00a0\u00bb][vc_column][vc_single_image image=\u00a0\u00bb2749&Prime; img_size=\u00a0\u00bbfull\u00a0\u00bb alignment=\u00a0\u00bbcenter\u00a0\u00bb el_class=\u00a0\u00bbno-mb infinite-image desktop-image\u00a0\u00bb][vc_single_image image=\u00a0\u00bb3353&Prime; img_size=\u00a0\u00bbfull\u00a0\u00bb alignment=\u00a0\u00bbcenter\u00a0\u00bb el_class=\u00a0\u00bbno-mb infinite-image mobile-image\u00a0\u00bb][vc_custom_heading text=\u00a0\u00bbCataracte\u00a0\u00bb font_container=\u00a0\u00bbtag:h1|text_align:left|color:%23ffffff|line_height:1&Prime; use_theme_fonts=\u00a0\u00bbyes\u00a0\u00bb][vc_raw_html el_class=\u00a0\u00bbno-mb\u00a0\u00bb]JTNDaDYlMjBjbGFzcyUzRCUyMmhlYWQtYnJlYWRjcnVtYiUyMiUzRSUzQ2ElMjBocmVmJTNEJTIyJTJGJTIyJTNFQWNjdWVpbCUzQyUyRmElM0UlMjAlMkYlMjBDYXRhcmFjdGUlM0MlMkZoNiUzRQ==[\/vc_raw_html][\/vc_column][\/vc_row][vc_row full_width=\u00a0\u00bbstretch_row\u00a0\u00bb css=\u00a0\u00bb.vc_custom_1634281503540{background-color: #ffffff !important;}\u00a0\u00bb][vc_column][vc_column_text el_class=\u00a0\u00bbprocedure-introduction\u00a0\u00bb css=\u00a0\u00bb.vc_custom_1660135838200{margin-top: 20px !important;margin-bottom: 50px !important;}\u00a0\u00bb]BVI fournit des produits qui r\u00e9pondent \u00e0 vos attentes chirurgicales et tentent d&rsquo;augmenter l&rsquo;efficacit\u00e9 en salle d&rsquo;op\u00e9ration sans compromettre les r\u00e9sultats pour les patients. Nos conseillers commerciaux [&hellip;]<\/p>\n","protected":false},"author":6,"featured_media":0,"parent":0,"menu_order":0,"comment_status":"closed","ping_status":"closed","template":"fullwidth.php","meta":{"_acf_changed":false,"_relevanssi_hide_post":"","_relevanssi_hide_content":"","_relevanssi_pin_for_all":"","_relevanssi_pin_keywords":"","_relevanssi_unpin_keywords":"","_relevanssi_related_keywords":"","_relevanssi_related_include_ids":"","_relevanssi_related_exclude_ids":"","_relevanssi_related_no_append":"","_relevanssi_related_not_related":"","_relevanssi_related_posts":"","_relevanssi_noindex_reason":"","footnotes":""},"class_list":["post-247","page","type-page","status-publish","hentry"],"acf":[],"_links":{"self":[{"href":"https:\/\/www.bvimedical.be\/fr\/wp-json\/wp\/v2\/pages\/247","targetHints":{"allow":["GET"]}}],"collection":[{"href":"https:\/\/www.bvimedical.be\/fr\/wp-json\/wp\/v2\/pages"}],"about":[{"href":"https:\/\/www.bvimedical.be\/fr\/wp-json\/wp\/v2\/types\/page"}],"author":[{"embeddable":true,"href":"https:\/\/www.bvimedical.be\/fr\/wp-json\/wp\/v2\/users\/6"}],"replies":[{"embeddable":true,"href":"https:\/\/www.bvimedical.be\/fr\/wp-json\/wp\/v2\/comments?post=247"}],"version-history":[{"count":0,"href":"https:\/\/www.bvimedical.be\/fr\/wp-json\/wp\/v2\/pages\/247\/revisions"}],"wp:attachment":[{"href":"https:\/\/www.bvimedical.be\/fr\/wp-json\/wp\/v2\/media?parent=247"}],"curies":[{"name":"wp","href":"https:\/\/api.w.org\/{rel}","templated":true}]}}