{"id":252,"date":"2021-10-12T15:02:23","date_gmt":"2021-10-12T15:02:23","guid":{"rendered":"https:\/\/bvifr.wpengine.com\/fr\/?page_id=252"},"modified":"2025-03-03T19:14:07","modified_gmt":"2025-03-03T19:14:07","slug":"vitreo-retinienne","status":"publish","type":"page","link":"https:\/\/www.bvimedical.be\/fr\/fr-vitreo-retinienne\/","title":{"rendered":"Vitr\u00e9o-r\u00e9tinienne"},"content":{"rendered":"<p>[vc_row full_width=\u00a0\u00bbstretch_row_content_no_spaces\u00a0\u00bb el_class=\u00a0\u00bbprocedure-hero\u00a0\u00bb][vc_column][vc_single_image image=\u00a0\u00bb1693&Prime; img_size=\u00a0\u00bbfull\u00a0\u00bb alignment=\u00a0\u00bbcenter\u00a0\u00bb el_class=\u00a0\u00bbno-mb infinite-image desktop-image\u00a0\u00bb][vc_single_image image=\u00a0\u00bb3356&Prime; img_size=\u00a0\u00bbfull\u00a0\u00bb alignment=\u00a0\u00bbcenter\u00a0\u00bb el_class=\u00a0\u00bbno-mb infinite-image mobile-image\u00a0\u00bb][vc_custom_heading text=\u00a0\u00bbVitr\u00e9o-r\u00e9tinienne\u00a0\u00bb font_container=\u00a0\u00bbtag:h1|text_align:left|color:%23ffffff|line_height:1&Prime; use_theme_fonts=\u00a0\u00bbyes\u00a0\u00bb][vc_raw_html el_class=\u00a0\u00bbno-mb\u00a0\u00bb]JTNDaDYlMjBjbGFzcyUzRCUyMmhlYWQtYnJlYWRjcnVtYiUyMiUzRSUzQ2ElMjBocmVmJTNEJTIyJTJGJTIyJTNFQWNjdWVpbCUzQyUyRmElM0UlMjAlMkYlMjBWaXRyJUMzJUE5by1yJUMzJUE5dGluaWVubmUlM0MlMkZoNiUzRQ==[\/vc_raw_html][\/vc_column][\/vc_row][vc_row full_width=\u00a0\u00bbstretch_row\u00a0\u00bb css=\u00a0\u00bb.vc_custom_1634281556736{background-color: #ffffff !important;}\u00a0\u00bb][vc_column][vc_column_text el_class=\u00a0\u00bbprocedure-introduction\u00a0\u00bb css=\u00a0\u00bb.vc_custom_1658822630515{margin-top: 20px !important;margin-bottom: 50px !important;}\u00a0\u00bb]BVI s&rsquo;engage \u00e0 d\u00e9velopper une technologie qui supporte vos techniques chirurgicales vitr\u00e9o-r\u00e9tiniennes avanc\u00e9es. Nos conseillers commerciaux sont pr\u00eats \u00e0 travailler avec vous pour comprendre vos besoins cliniques et fournir des produits qui aident \u00e0 optimiser les r\u00e9sultats pour vos patients.[\/vc_column_text][vc_column_text el_class=\u00a0\u00bbno-mb bubble-caption\u00a0\u00bb]<\/p>\n<p style=\"text-align: center; color: #003865;\">S\u00e9lectionner une cat\u00e9gorie pour en savoir plus<\/p>\n<p>[\/vc_column_text][\/vc_column][\/vc_row][vc_row full_width=\u00a0\u00bbstretch_row\u00a0\u00bb css=\u00a0\u00bb.vc_custom_1638526885243{background-color: #ffffff !important;}\u00a0\u00bb][vc_column][vc_raw_html el_class=\u00a0\u00bbno-mb procedure-center-element vitreoretinal\u00a0\u00bb]JTNDZGl2JTNFJTBBJTNDYSUyMGhyZWYlM0QlMjJqYXZhc2NyaXB0JTNBdm9pZCUyODAlMjklMjIlM0VWaXRyJUMzJUE5by1yJUMzJUE5dGluaWVubmUlM0MlMkZhJTNFJTBBJTNDYSUyMGNsYXNzJTNEJTIyaW52ZXJ0ZWQlMjIlMjBocmVmJTNEJTIyJTJGY3VzdG9tZXllcyUyMiUzRUQlQzMlQTljb3V2cmV6JTIwbm9zJTIwcGFja3MlMjBjaGlydXJnaWNhdXglM0MlMkZhJTNFJTBBJTNDJTJGZGl2JTNF[\/vc_raw_html][vc_single_image image=\u00a0\u00bb1629&Prime; img_size=\u00a0\u00bbfull\u00a0\u00bb alignment=\u00a0\u00bbcenter\u00a0\u00bb el_class=\u00a0\u00bbno-mb relativize\u00a0\u00bb css=\u00a0\u00bb.vc_custom_1718370781878{padding-right: 100px !important;padding-left: 100px !important;}\u00a0\u00bb][vc_raw_html el_class=\u00a0\u00bbno-mb procedure-section-images vitreoretinal\u00a0\u00bb]JTNDaW1nJTIwY2xhc3MlM0QlMjJpbWctMSUyMiUyMHNyYyUzRCUyMiUyRndwLWNvbnRlbnQlMkZ1cGxvYWRzJTJGMjAyMSUyRjEyJTJGdml0cmVvLTEucG5nJTIyJTNFJTBBJTNDaW1nJTIwY2xhc3MlM0QlMjJpbWctMiUyMiUyMHNyYyUzRCUyMiUyRndwLWNvbnRlbnQlMkZ1cGxvYWRzJTJGMjAyMSUyRjEyJTJGdml0cmVvLTIucG5nJTIyJTNFJTBBJTNDaW1nJTIwY2xhc3MlM0QlMjJpbWctMyUyMiUyMHNyYyUzRCUyMmh0dHBzJTNBJTJGJTJGd3d3LmJ2aW1lZGljYWwuY29tJTJGd3AtY29udGVudCUyRnVwbG9hZHMlMkYyMDI1JTJGMDIlMkZCVklfdml0cmVvcmV0aW5hbF9jb3JuZWFsLXByb3RlY3Rpb25fdjMucG5nJTIyJTNFJTBBJTNDaW1nJTIwY2xhc3MlM0QlMjJpbWctNCUyMiUyMHNyYyUzRCUyMiUyRndwLWNvbnRlbnQlMkZ1cGxvYWRzJTJGMjAyMSUyRjEyJTJGdml0cmVvLTQucG5nJTIyJTNFJTBBJTNDaW1nJTIwY2xhc3MlM0QlMjJpbWctNSUyMiUyMHNyYyUzRCUyMiUyRndwLWNvbnRlbnQlMkZ1cGxvYWRzJTJGMjAyMSUyRjEyJTJGdml0cmVvLTUucG5nJTIyJTNFJTBBJTNDaW1nJTIwY2xhc3MlM0QlMjJpbWctNiUyMiUyMHNyYyUzRCUyMiUyRndwLWNvbnRlbnQlMkZ1cGxvYWRzJTJGMjAyMSUyRjEyJTJGdml0cmVvLTYucG5nJTIyJTNFJTBBJTNDaW1nJTIwY2xhc3MlM0QlMjJpbWctNyUyMiUyMHNyYyUzRCUyMiUyRndwLWNvbnRlbnQlMkZ1cGxvYWRzJTJGMjAyMSUyRjEyJTJGdml0cmVvLTcucG5nJTIyJTNFJTBBJTNDaW1nJTIwY2xhc3MlM0QlMjJpbWctOCUyMiUyMHNyYyUzRCUyMiUyRndwLWNvbnRlbnQlMkZ1cGxvYWRzJTJGMjAyMSUyRjEyJTJGdml0cmVvLTgucG5nJTIyJTNFJTBBJTNDaW1nJTIwY2xhc3MlM0QlMjJpbWctOSUyMiUyMHNyYyUzRCUyMiUyRndwLWNvbnRlbnQlMkZ1cGxvYWRzJTJGMjAyNSUyRjAxJTJGdml0cmVvcmV0aW5hbF9tb25vYmx1ZS1kdWFsLnBuZyUyMiUzRSUwQSUzQ2ltZyUyMGNsYXNzJTNEJTIyaW1nLTEwJTIyJTIwc3JjJTNEJTIyJTJGd3AtY29udGVudCUyRnVwbG9hZHMlMkYyMDIxJTJGMTIlMkZ2aXRyZW8tMTAucG5nJTIyJTNFJTBBJTNDaW1nJTIwY2xhc3MlM0QlMjJpbWctMTElMjIlMjBzcmMlM0QlMjJodHRwcyUzQSUyRiUyRnd3dy5idmltZWRpY2FsLmNvbSUyRndwLWNvbnRlbnQlMkZ1cGxvYWRzJTJGMjAyNSUyRjAzJTJGQXJjb3RhbmUtQXJjYWxpbmUtQlZJX3ZpdHJlb3JldGluYWxfcGVyZmx1b3JvY2FyYm9uLnBuZyUyMiUzRSUwQSUzQ2ltZyUyMGNsYXNzJTNEJTIyaW1nLTEyJTIyJTIwc3JjJTNEJTIyJTJGd3AtY29udGVudCUyRnVwbG9hZHMlMkYyMDIxJTJGMTIlMkZ2aXRyZW8tMTIucG5nJTIyJTNFJTBBJTNDaW1nJTIwY2xhc3MlM0QlMjJpbWctMTMlMjIlMjBzcmMlM0QlMjJodHRwcyUzQSUyRiUyRnd3dy5idmltZWRpY2FsLmNvbSUyRndwLWNvbnRlbnQlMkZ1cGxvYWRzJTJGMjAyNSUyRjAzJTJGQXJjaW9sYW5lLUJWSV92aXRyZW9yZXRpbmFsX3NpbGljb24tb2lsLnBuZyUyMiUzRSUwQSUzQ2ltZyUyMGNsYXNzJTNEJTIyaW1nLTE0JTIyJTIwc3JjJTNEJTIyJTJGd3AtY29udGVudCUyRnVwbG9hZHMlMkYyMDI0JTJGMDYlMkZjcmlvLWxpbmUtY2lyY2xlLnBuZyUyMiUzRSUwQSUzQ2ltZyUyMGNsYXNzJTNEJTIyaW1nLTE1JTIyJTIwc3JjJTNEJTIyaHR0cHMlM0ElMkYlMkZ3d3cuYnZpbWVkaWNhbC5jb20lMkZ3cC1jb250ZW50JTJGdXBsb2FkcyUyRjIwMjUlMkYwMyUyRkFyY2VvbGUtQlZJX3ZpdHJlb3JldGluYWxfZ2FzLnBuZyUyMiUzRSUwQSUzQ2ltZyUyMGNsYXNzJTNEJTIyaW1nLTE2JTIyJTIwc3JjJTNEJTIyJTJGd3AtY29udGVudCUyRnVwbG9hZHMlMkYyMDIxJTJGMTIlMkZ2aXRyZW8tMTYucG5nJTIyJTNF[\/vc_raw_html][vc_raw_html el_class=\u00a0\u00bbno-mb procedure-section-links vitreoretinal\u00a0\u00bb]JTNDYSUyMGNsYXNzJTNEJTIybGluay0xJTIyJTIwZGF0YS1saW5rJTNEJTIyMSUyMiUyMGhyZWYlM0QlMjIlMkZwcm9kdWl0JTJGZHJhcHMtaG91c3NlcyUyRiUyMiUzRURyYXBzJTIwJTI2JTIwaG91c3NlcyUzQyUyRmElM0UlMEElM0NhJTIwY2xhc3MlM0QlMjJsaW5rLTIlMjIlMjBkYXRhLWxpbmslM0QlMjIyJTIyJTIwaHJlZiUzRCUyMiUyRnByb2R1aXQlMkZjYW51bGVzJTJGJTIyJTNFQ2FudWxlcyUzQyUyRmElM0UlMEElM0NhJTIwY2xhc3MlM0QlMjJsaW5rLTMlMjIlMjBkYXRhLWxpbmslM0QlMjIzJTIyJTIwaHJlZiUzRCUyMiUyRnByb2R1aXQlMkZvcC1jb3ZlciUyRiUyMiUzRVByb3RlY3Rpb24lMjBjb3JuJUMzJUE5ZW5uZSUzQyUyRmElM0UlMEElM0NhJTIwY2xhc3MlM0QlMjJsaW5rLTQlMjIlMjBkYXRhLWxpbmslM0QlMjI0JTIyJTIwaHJlZiUzRCUyMiUyRnByb2R1aXQlMkZpbnN0cnVtZW50cy1hLXVzYWdlLXVuaXF1ZSUyRiUyMiUzRUluc3RydW1lbnRzJTIwJUMzJUEwJTIwdXNhZ2UlMjB1bmlxdWUlM0MlMkZhJTNFJTBBJTNDYSUyMGNsYXNzJTNEJTIybGluay01JTIyJTIwZGF0YS1saW5rJTNEJTIyNSUyMiUyMGhyZWYlM0QlMjIlMkZwcm9kdWl0JTJGZW5kby1vcHRpa3MlMkYlMjIlM0VNaWNyby1lbmRvc2NvcGllJTNDJTJGYSUzRSUwQSUzQ2ElMjBjbGFzcyUzRCUyMmxpbmstNiUyMiUyMGRhdGEtbGluayUzRCUyMjYlMjIlMjBocmVmJTNEJTIyJTJGY29uc29tbWFibGVzLXZyJTJGJTIyJTNFQ29uc29tbWFibGVzJTIwVlIlM0MlMkZhJTNFJTBBJTNDYSUyMGNsYXNzJTNEJTIybGluay03JTIyJTIwZGF0YS1saW5rJTNEJTIyNyUyMiUyMGhyZWYlM0QlMjIlMkZzeXN0ZW1lLWRlLXBoYWNvLXZpdHJlY3RvbWllJTJGJTIyJTNFU3lzdCVDMyVBOG1lJTIwZGUlMjBwaGFjby12aXRyZWN0b21pZSUzQyUyRmElM0UlMEElM0NhJTIwY2xhc3MlM0QlMjJsaW5rLTglMjIlMjBkYXRhLWxpbmslM0QlMjI4JTIyJTIwaHJlZiUzRCUyMiUyRmxhc2VyLWV0LWVjbGFpcmFnZSUyRiUyMiUzRUxhc2VyJTIwZXQlMjAlQzMlQTljbGFpcmFnZSUzQyUyRmElM0UlMEElM0NhJTIwY2xhc3MlM0QlMjJsaW5rLTklMjIlMjBkYXRhLWxpbmslM0QlMjI5JTIyJTIwaHJlZiUzRCUyMiUyRmNvbG9yYW50cy1jaGlydXJnaWNhdXglMkYlMjIlM0VDb2xvcmFudHMlMjBjaGlydXJnaWNhdXglM0MlMkZhJTNFJTBBJTNDYSUyMGNsYXNzJTNEJTIybGluay0xMCUyMiUyMGRhdGEtbGluayUzRCUyMjEwJTIyJTIwaHJlZiUzRCUyMiUyRnByb2R1aXQlMkZtaWNyby1waW5jZXMtZXQtY2lzZWF1eCUyRiUyMiUzRU1pY3JvJTIwcGluY2VzJTIwZXQlMjBjaXNlYXV4JTNDJTJGYSUzRSUwQSUzQ2ElMjBjbGFzcyUzRCUyMmxpbmstMTElMjIlMjBkYXRhLWxpbmslM0QlMjIxMSUyMiUyMGhyZWYlM0QlMjIlMkZwcm9kdWl0JTJGYXJjYWxpbmUtYXJjb3RhbmUlMkYlMjIlM0VDYXJib25lJTIwcGVyZmx1b3IlQzMlQTklM0MlMkZhJTNFJTBBJTNDYSUyMGNsYXNzJTNEJTIybGluay0xMiUyMiUyMGRhdGEtbGluayUzRCUyMjEyJTIyJTIwaHJlZiUzRCUyMiUyRnByb2R1aXQlMkZpbnN0cnVtZW50cy1hc3BpcmF0aW9uJTJGJTIyJTNFSW5zdHJ1bWVudHMlMjBkJTI3YXNwaXJhdGlvbiUzQyUyRmElM0UlMEElM0NhJTIwY2xhc3MlM0QlMjJsaW5rLTEzJTIyJTIwZGF0YS1saW5rJTNEJTIyMTMlMjIlMjBocmVmJTNEJTIyJTJGcHJvZHVpdCUyRmFyY2lvbGFuZSUyRiUyMiUzRUh1aWxlJTIwZGUlMjBzaWxpY29uZSUzQyUyRmElM0UlMEElM0NhJTIwY2xhc3MlM0QlMjJsaW5rLTE0JTIyJTIwZGF0YS1saW5rJTNEJTIyMTQlMjIlMjBocmVmJTNEJTIyJTJGcHJvZHVpdCUyRmNyeW8tbGluZSUyRiUyMiUzRUNyeW8tbGluZSUzQyUyRmElM0UlMEElM0NhJTIwY2xhc3MlM0QlMjJsaW5rLTE1JTIyJTIwZGF0YS1saW5rJTNEJTIyMTUlMjIlMjBocmVmJTNEJTIyJTJGcHJvZHVpdCUyRmFyY2VvbGUlMkYlMjIlM0VHYXolM0MlMkZhJTNFJTBBJTNDYSUyMGNsYXNzJTNEJTIybGluay0xNiUyMiUyMGRhdGEtbGluayUzRCUyMjE2JTIyJTIwaHJlZiUzRCUyMiUyRnByb2R1aXQlMkZlbGVjdHJvc3VyZ2VyeSUyRiUyMiUzRSVDMyU4OWxlY3RybyUyMGNoaXJ1cmdpZSUzQyUyRmElM0U=[\/vc_raw_html][vc_raw_html el_class=\u00a0\u00bbno-mb procedure-go-back\u00a0\u00bb]JTNDYSUyMGhyZWYlM0QlMjIlMkZnbGF1Y29tZSUyMiUzRUdsYXVjb21lJTIwJTNDaW1nJTIwc3JjJTNEJTIyJTJGd3AtY29udGVudCUyRnVwbG9hZHMlMkYyMDIxJTJGMTAlMkZyaWdodF9hcnJvdy5wbmclMjIlMjBzdHlsZSUzRCUyMnRyYW5zZm9ybSUzQSUyMHJvdGF0ZSUyOC0xODBkZWclMjklM0IlMjIlM0UlM0MlMkZhJTNF[\/vc_raw_html][vc_raw_html el_class=\u00a0\u00bbno-mb procedure-go-ahead\u00a0\u00bb]JTNDYSUyMGhyZWYlM0QlMjIlMkZhdXRyZXMlMkYlMjIlM0UlM0NpbWclMjBzcmMlM0QlMjIlMkZ3cC1jb250ZW50JTJGdXBsb2FkcyUyRjIwMjElMkYxMCUyRnJpZ2h0X2Fycm93LnBuZyUyMiUzRSUyMCUzQ3NwYW4lM0VBdXRyZXMlM0MlMkZzcGFuJTNFJTNDJTJGYSUzRQ==[\/vc_raw_html][\/vc_column][\/vc_row][vc_row full_width=\u00a0\u00bbstretch_row_content_no_spaces\u00a0\u00bb css=\u00a0\u00bb.vc_custom_1638527213432{padding-top: 0px !important;}\u00a0\u00bb el_class=\u00a0\u00bbvitreo-last-section\u00a0\u00bb][vc_column css=\u00a0\u00bb.vc_custom_1634027169850{padding-top: 0px !important;}\u00a0\u00bb][vc_single_image image=\u00a0\u00bb511&Prime; img_size=\u00a0\u00bbfull\u00a0\u00bb alignment=\u00a0\u00bbcenter\u00a0\u00bb el_class=\u00a0\u00bbno-mb infinite-image desktop-image\u00a0\u00bb][vc_single_image image=\u00a0\u00bb3436&Prime; img_size=\u00a0\u00bbfull\u00a0\u00bb alignment=\u00a0\u00bbcenter\u00a0\u00bb el_class=\u00a0\u00bbno-mb infinite-image mobile-image\u00a0\u00bb][vc_raw_html el_class=\u00a0\u00bbno-mb\u00a0\u00bb el_id=\u00a0\u00bbteam-absolute\u00a0\u00bb]JTNDZGl2JTNFJTBBJTNDYSUyMGNsYXNzJTNEJTIyaW52ZXJ0ZWQlMjIlMjBocmVmJTNEJTIyJTJGY3VzdG9tZXllcyUyMiUzRUQlQzMlQTljb3V2cmV6JTIwbm9zJTIwcGFja3MlMjBjaGlydXJnaWNhdXglM0MlMkZhJTNFJTBBJTNDJTJGZGl2JTNF[\/vc_raw_html][\/vc_column][\/vc_row]<\/p>","protected":false},"excerpt":{"rendered":"<p>[vc_row full_width=\u00a0\u00bbstretch_row_content_no_spaces\u00a0\u00bb el_class=\u00a0\u00bbprocedure-hero\u00a0\u00bb][vc_column][vc_single_image image=\u00a0\u00bb1693&Prime; img_size=\u00a0\u00bbfull\u00a0\u00bb alignment=\u00a0\u00bbcenter\u00a0\u00bb el_class=\u00a0\u00bbno-mb infinite-image desktop-image\u00a0\u00bb][vc_single_image image=\u00a0\u00bb3356&Prime; img_size=\u00a0\u00bbfull\u00a0\u00bb alignment=\u00a0\u00bbcenter\u00a0\u00bb el_class=\u00a0\u00bbno-mb infinite-image mobile-image\u00a0\u00bb][vc_custom_heading text=\u00a0\u00bbVitr\u00e9o-r\u00e9tinienne\u00a0\u00bb font_container=\u00a0\u00bbtag:h1|text_align:left|color:%23ffffff|line_height:1&Prime; use_theme_fonts=\u00a0\u00bbyes\u00a0\u00bb][vc_raw_html el_class=\u00a0\u00bbno-mb\u00a0\u00bb]JTNDaDYlMjBjbGFzcyUzRCUyMmhlYWQtYnJlYWRjcnVtYiUyMiUzRSUzQ2ElMjBocmVmJTNEJTIyJTJGJTIyJTNFQWNjdWVpbCUzQyUyRmElM0UlMjAlMkYlMjBWaXRyJUMzJUE5by1yJUMzJUE5dGluaWVubmUlM0MlMkZoNiUzRQ==[\/vc_raw_html][\/vc_column][\/vc_row][vc_row full_width=\u00a0\u00bbstretch_row\u00a0\u00bb css=\u00a0\u00bb.vc_custom_1634281556736{background-color: #ffffff !important;}\u00a0\u00bb][vc_column][vc_column_text el_class=\u00a0\u00bbprocedure-introduction\u00a0\u00bb css=\u00a0\u00bb.vc_custom_1658822630515{margin-top: 20px !important;margin-bottom: 50px !important;}\u00a0\u00bb]BVI s&rsquo;engage \u00e0 d\u00e9velopper une technologie qui supporte vos techniques chirurgicales vitr\u00e9o-r\u00e9tiniennes avanc\u00e9es. Nos conseillers commerciaux sont pr\u00eats \u00e0 travailler avec vous pour comprendre vos besoins cliniques [&hellip;]<\/p>\n","protected":false},"author":1,"featured_media":0,"parent":0,"menu_order":0,"comment_status":"closed","ping_status":"closed","template":"fullwidth.php","meta":{"_acf_changed":false,"_relevanssi_hide_post":"","_relevanssi_hide_content":"","_relevanssi_pin_for_all":"","_relevanssi_pin_keywords":"","_relevanssi_unpin_keywords":"","_relevanssi_related_keywords":"","_relevanssi_related_include_ids":"","_relevanssi_related_exclude_ids":"","_relevanssi_related_no_append":"","_relevanssi_related_not_related":"","_relevanssi_related_posts":"","_relevanssi_noindex_reason":"","footnotes":""},"class_list":["post-252","page","type-page","status-publish","hentry"],"acf":[],"_links":{"self":[{"href":"https:\/\/www.bvimedical.be\/fr\/wp-json\/wp\/v2\/pages\/252","targetHints":{"allow":["GET"]}}],"collection":[{"href":"https:\/\/www.bvimedical.be\/fr\/wp-json\/wp\/v2\/pages"}],"about":[{"href":"https:\/\/www.bvimedical.be\/fr\/wp-json\/wp\/v2\/types\/page"}],"author":[{"embeddable":true,"href":"https:\/\/www.bvimedical.be\/fr\/wp-json\/wp\/v2\/users\/1"}],"replies":[{"embeddable":true,"href":"https:\/\/www.bvimedical.be\/fr\/wp-json\/wp\/v2\/comments?post=252"}],"version-history":[{"count":0,"href":"https:\/\/www.bvimedical.be\/fr\/wp-json\/wp\/v2\/pages\/252\/revisions"}],"wp:attachment":[{"href":"https:\/\/www.bvimedical.be\/fr\/wp-json\/wp\/v2\/media?parent=252"}],"curies":[{"name":"wp","href":"https:\/\/api.w.org\/{rel}","templated":true}]}}