{"id":6061,"date":"2025-07-30T11:08:54","date_gmt":"2025-07-30T11:08:54","guid":{"rendered":"https:\/\/www.bvimedical.be\/fr\/?page_id=6061"},"modified":"2026-02-12T23:12:59","modified_gmt":"2026-02-12T23:12:59","slug":"sourcing-2","status":"publish","type":"page","link":"https:\/\/www.bvimedical.be\/fr\/esg\/","title":{"rendered":"ESG"},"content":{"rendered":"<p>[vc_row full_width=\u00a0\u00bbstretch_row_content_no_spaces\u00a0\u00bb el_class=\u00a0\u00bbprocedure-hero\u00a0\u00bb][vc_column][vc_single_image image=\u00a0\u00bb2843&Prime; img_size=\u00a0\u00bbfull\u00a0\u00bb alignment=\u00a0\u00bbcenter\u00a0\u00bb el_class=\u00a0\u00bbno-mb infinite-image desktop-image\u00a0\u00bb][vc_single_image image=\u00a0\u00bb3350&Prime; img_size=\u00a0\u00bbfull\u00a0\u00bb alignment=\u00a0\u00bbcenter\u00a0\u00bb el_class=\u00a0\u00bbno-mb infinite-image mobile-image\u00a0\u00bb][vc_custom_heading text=\u00a0\u00bbESG\u00a0\u00bb font_container=\u00a0\u00bbtag:h1|text_align:left|color:%23ffffff|line_height:1&Prime; use_theme_fonts=\u00a0\u00bbyes\u00a0\u00bb][vc_raw_html el_class=\u00a0\u00bbno-mb\u00a0\u00bb]JTNDaDYlMjBjbGFzcyUzRCUyMmhlYWQtYnJlYWRjcnVtYiUyMiUzRSUzQ2ElMjBocmVmJTNEJTIyJTJGJTIyJTNFSG9tZSUzQyUyRmElM0UlMjAlMkYlMjBFU0clM0MlMkZoNiUzRQ==[\/vc_raw_html][\/vc_column][\/vc_row][vc_row full_width=\u00a0\u00bbstretch_row\u00a0\u00bb css=\u00a0\u00bb.vc_custom_1639056982329{padding-top: 40px !important;background-color: #ffffff !important;}\u00a0\u00bb][vc_column css=\u00a0\u00bb.vc_custom_1636473532085{padding-right: 30px !important;}\u00a0\u00bb][vc_single_image image=\u00a0\u00bb25&Prime; img_size=\u00a0\u00bbfull\u00a0\u00bb alignment=\u00a0\u00bbcenter\u00a0\u00bb][vc_custom_heading text=\u00a0\u00bbCr\u00e9er un futur durable pour la chirurgie ophtalmologique\u00a0\u00bb font_container=\u00a0\u00bbtag:h3|font_size:32|text_align:center|color:%23003865&Prime; use_theme_fonts=\u00a0\u00bbyes\u00a0\u00bb][vc_column_text el_class=\u00a0\u00bbprocedure-introduction\u00a0\u00bb css=\u00a0\u00bb.vc_custom_1753371971346{margin-top: 40px !important;margin-bottom: 40px !important;}\u00a0\u00bb]Nous nous engageons \u00e0 concevoir des produits innovants de mani\u00e8re responsable pour prot\u00e9ger la plan\u00e8te.<\/p>\n<p>&nbsp;<\/p>\n<p>En tant qu\u2019innovateur mondial en ophtalmologie, BVI s\u2019engage \u00e0 faire progresser les soins de la vision pour les chirurgiens et les patients du monde entier. Notre objectif est de rendre la chirurgie ophtalmologique plus innovante, plus efficace et plus durable.<\/p>\n<p>Nous pensons que restaurer la vue permet d\u2019am\u00e9liorer la vie des patients de mani\u00e8re r\u00e9ellement significative. Cet engagement va bien au-del\u00e0 et se refl\u00e8te dans la mani\u00e8re dont nous op\u00e9rons en tant qu\u2019organisation mondiale responsable.<\/p>\n<p>&nbsp;<\/p>\n<p>La durabilit\u00e9 fait partie int\u00e9grante de chaque \u00e9tape du parcours de nos produits\u00a0: une conception r\u00e9fl\u00e9chie, une fabrication pr\u00e9cise, un conditionnement intelligent et une distribution rationalis\u00e9e. Avec plus de 90\u00a0% de nos produits fabriqu\u00e9s en interne, nous sommes particuli\u00e8rement bien positionn\u00e9s pour contr\u00f4ler et r\u00e9duire notre impact sur l\u2019environnement. Nos op\u00e9rations mondiales s\u2019efforcent activement de r\u00e9duire nos \u00e9missions de carbone, d\u2019am\u00e9liorer l\u2019utilisation des mat\u00e9riaux et de minimiser les d\u00e9chets.<\/p>\n<p>&nbsp;<\/p>\n<p>Nous avons mis en \u0153uvre des initiatives dans l\u2019ensemble de nos installations afin de r\u00e9duire l\u2019utilisation de plastiques \u00e0 usage unique, d\u2019am\u00e9liorer l\u2019efficacit\u00e9 \u00e9nerg\u00e9tique et d\u2019explorer des options de conditionnement plus durables, tout en \u00e9largissant la port\u00e9e des soins de la vue de haute qualit\u00e9 dans plus de 100\u00a0pays.[\/vc_column_text][vc_row_inner el_class=\u00a0\u00bbrow-eq-height\u00a0\u00bb][vc_column_inner][vc_raw_html el_class=\u00a0\u00bbflex justify-center\u00a0\u00bb]JTNDYSUyMGNsYXNzJTNEJTIyZGlzY292ZXItZmFjdHMlMjBtYWlsJTIwYnRuLWJsb2NrJTIyJTIwc3R5bGUlM0QlMjJ3aWR0aCUzQSUyMDEwMCUyNSUyMiUyMGhyZWYlM0QlMjJodHRwcyUzQSUyRiUyRnd3dy5idmltZWRpY2FsLmZyJTJGd3AtY29udGVudCUyRnVwbG9hZHMlMkYyMDI2JTJGMDIlMkZFU0dSZXBvcnRfRlIucGRmJTIyJTNFRW4lMjBzYXZvaXIlMjBwbHVzJTIwc3VyJTIwbGUlMjBwYXJjb3VycyUyMEVTRyUyMGRlJTIwQlZJJTNDJTJGYSUzRQ==[\/vc_raw_html][\/vc_column_inner][\/vc_row_inner][vc_row_inner el_class=\u00a0\u00bbrow-eq-height\u00a0\u00bb][vc_column_inner width=\u00a0\u00bb1\/2&Prime;][vc_raw_html el_class=\u00a0\u00bbflex justify-center\u00a0\u00bb]JTNDYSUyMGNsYXNzJTNEJTIyZGlzY292ZXItZmFjdHMlMjBtYWlsJTIwYnRuLWJsb2NrJTIyJTIwc3R5bGUlM0QlMjJ3aWR0aCUzQSUyMDEwMCUyNSUyMiUyMGhyZWYlM0QlMjIlMkZmciUyRmEtcHJvcG9zLWRlLW5vdXMlMkYlMjIlM0UlQzMlODAlMjBwcm9wb3MlMjBkZSUyMEJWSSUzQyUyRmElM0U=[\/vc_raw_html][\/vc_column_inner][vc_column_inner width=\u00a0\u00bb1\/2&Prime;][vc_raw_html el_class=\u00a0\u00bbflex justify-center\u00a0\u00bb]JTNDYSUyMGNsYXNzJTNEJTIyZGlzY292ZXItZmFjdHMlMjBtYWlsJTIwYnRuLWJsb2NrJTIyJTIwc3R5bGUlM0QlMjJ3aWR0aCUzQSUyMDEwMCUyNSUyMiUyMGhyZWYlM0QlMjIlMkZmciUyRmNhdGVnb3JpZSUyRmFjdHVhbGl0ZXMlMkYlMjIlM0VCVkklMjBkYW5zJTIwbGVzJTIwYWN0dWFsaXQlQzMlQTlzJTNDJTJGYSUzRQ==[\/vc_raw_html][\/vc_column_inner][\/vc_row_inner][\/vc_column][\/vc_row][vc_row full_width=\u00a0\u00bbstretch_row_content_no_spaces\u00a0\u00bb css=\u00a0\u00bb.vc_custom_1636619143516{background-color: #ffffff !important;}\u00a0\u00bb][vc_column][vc_single_image image=\u00a0\u00bb949&Prime; img_size=\u00a0\u00bbfull\u00a0\u00bb alignment=\u00a0\u00bbcenter\u00a0\u00bb el_class=\u00a0\u00bbno-mb infinite-image\u00a0\u00bb][\/vc_column][\/vc_row][vc_row full_width=\u00a0\u00bbstretch_row\u00a0\u00bb css=\u00a0\u00bb.vc_custom_1636473415738{background-color: #003865 !important;}\u00a0\u00bb][vc_column css=\u00a0\u00bb.vc_custom_1636617899277{padding-top: 40px !important;padding-bottom: 40px !important;}\u00a0\u00bb][vc_empty_space height=\u00a0\u00bb40px\u00a0\u00bb][vc_custom_heading text=\u00a0\u00bbLa strat\u00e9gie ESG de la BVI repose sur trois principes fondamentaux:\u00a0\u00bb font_container=\u00a0\u00bbtag:h3|font_size:32px|text_align:center|color:%23ffffff\u00a0\u00bb use_theme_fonts=\u00a0\u00bbyes\u00a0\u00bb][vc_raw_html]JTNDZGl2JTIwY2xhc3MlM0QlMjJjb250YWluZXIlMjIlM0UlMEElM0NkaXYlMjBjbGFzcyUzRCUyMnJvdyUyMGVzZy1ibG9jayUyMiUzRSUwQSUyMCUyMCUyMCUyMCUyMCUzQ2RpdiUyMGNsYXNzJTNEJTIyY29sLWxnLTQlMjBjb2wtc20tMTIlMjIlM0UlMEElM0NkaXYlM0UlMEElMjAlMjAlMjAlMjAlMjAlMjAlMjAlMjAlMjAlMjAlM0NzcGFuJTNFJTNDaW1nJTIwc3JjJTNEJTIyJTJGd3AtY29udGVudCUyRnVwbG9hZHMlMkYyMDI1JTJGMDclMkZFU0ctQXNzZXQtMS5wbmclMjIlMjAlMkYlM0UlM0MlMkZzcGFuJTNFJTBBJTIwJTIwJTIwJTIwJTIwJTIwJTIwJTIwJTIwJTIwJTNDaDMlM0VSJUMzJUE5ZHVpcmUlMjBsJUUyJTgwJTk5aW1wYWN0JTIwZW52aXJvbm5lbWVudGFsJTNDJTJGaDMlM0UlMEElMjAlMjAlMjAlMjAlMjAlM0MlMkZkaXYlM0UlMEElMjAlMjAlMjAlMjAlMjAlM0MlMkZkaXYlM0UlMEElMjAlMjAlMjAlMjAlMjAlM0NkaXYlMjBjbGFzcyUzRCUyMmNvbC1sZy00JTIwY29sLXNtLTEyJTIyJTNFJTBBJTNDZGl2JTNFJTBBJTBBJTIwJTIwJTIwJTIwJTIwJTIwJTIwJTIwJTIwJTIwJTNDc3BhbiUzRSUzQ2ltZyUyMHNyYyUzRCUyMiUyRndwLWNvbnRlbnQlMkZ1cGxvYWRzJTJGMjAyNSUyRjA3JTJGRVNHLUFzc2V0LTIucG5nJTIyJTIwJTJGJTNFJTNDJTJGc3BhbiUzRSUwQSUyMCUyMCUyMCUyMCUyMCUyMCUyMCUyMCUyMCUyMCUzQ2gzJTNFJUMzJThBdHJlJTIwYWN0ZXVyJTIwZCVFMiU4MCU5OXVuJTIwY2hhbmdlbWVudCUyMGR1cmFibGUlM0MlMkZoMyUzRSUwQSUyMCUyMCUyMCUyMCUyMCUzQyUyRmRpdiUzRSUwQSUyMCUyMCUyMCUyMCUyMCUzQyUyRmRpdiUzRSUwQSUyMCUyMCUyMCUyMCUyMCUzQ2RpdiUyMGNsYXNzJTNEJTIyY29sLWxnLTQlMjBjb2wtc20tMTIlMjIlM0UlMEElM0NkaXYlM0UlMEElMjAlMjAlMjAlMjAlMjAlMjAlMjAlMjAlMjAlMjAlM0NzcGFuJTNFJTNDaW1nJTIwc3JjJTNEJTIyJTJGd3AtY29udGVudCUyRnVwbG9hZHMlMkYyMDI1JTJGMDclMkZFU0ctQXNzZXQtMy5wbmclMjIlMjAlMkYlM0UlM0MlMkZzcGFuJTNFJTBBJTIwJTIwJTIwJTIwJTIwJTIwJTIwJTIwJTIwJTIwJTNDaDMlM0VJbm5vdmVyJTIwZGUlMjBtYW5pJUMzJUE4cmUlMjByZXNwb25zYWJsZSUzQyUyRmgzJTNFJTBBJTIwJTIwJTIwJTIwJTIwJTNDJTJGZGl2JTNFJTBBJTIwJTIwJTIwJTIwJTIwJTNDJTJGZGl2JTNFJTBBJTNDJTJGZGl2JTNFJTBBJTNDJTJGZGl2JTNF[\/vc_raw_html][\/vc_column][\/vc_row][vc_row full_width=\u00a0\u00bbstretch_row_content_no_spaces\u00a0\u00bb css=\u00a0\u00bb.vc_custom_1636619387444{padding-top: 0px !important;background-color: #ffffff !important;}\u00a0\u00bb][vc_column css=\u00a0\u00bb.vc_custom_1636619391676{padding-top: 0px !important;}\u00a0\u00bb][vc_single_image image=\u00a0\u00bb956&Prime; img_size=\u00a0\u00bbfull\u00a0\u00bb alignment=\u00a0\u00bbcenter\u00a0\u00bb el_class=\u00a0\u00bbno-mb infinite-image\u00a0\u00bb css=\u00a0\u00bb.vc_custom_1637674876653{padding-top: 0px !important;}\u00a0\u00bb][\/vc_column][\/vc_row][vc_row full_width=\u00a0\u00bbstretch_row\u00a0\u00bb equal_height=\u00a0\u00bbyes\u00a0\u00bb css=\u00a0\u00bb.vc_custom_1752736908593{background-color: #ffffff !important;}\u00a0\u00bb el_class=\u00a0\u00bbjoin-team\u00a0\u00bb][vc_column][vc_empty_space height=\u00a0\u00bb60px\u00a0\u00bb][\/vc_column][\/vc_row][vc_row full_width=\u00a0\u00bbstretch_row\u00a0\u00bb equal_height=\u00a0\u00bbyes\u00a0\u00bb css=\u00a0\u00bb.vc_custom_1639056031851{padding-top: 50px !important;padding-bottom: 60px !important;background-color: #ffffff !important;}\u00a0\u00bb el_class=\u00a0\u00bbjoin-team\u00a0\u00bb][vc_column][vc_row_inner css=\u00a0\u00bb.vc_custom_1636474075520{background-color: #d4ecf6 !important;}\u00a0\u00bb][vc_column_inner width=\u00a0\u00bb5\/12&Prime;][vc_custom_heading text=\u00a0\u00bb\u00a0\u00bb font_container=\u00a0\u00bbtag:h3|font_size:34|text_align:left|color:%23003865&Prime; use_theme_fonts=\u00a0\u00bbyes\u00a0\u00bb el_class=\u00a0\u00bbslim\u00a0\u00bb css=\u00a0\u00bb.vc_custom_1752744120475{padding-bottom: 40px !important;}\u00a0\u00bb][vc_column_text el_class=\u00a0\u00bbprocedure-introduction\u00a0\u00bb css=\u00a0\u00bb.vc_custom_1753372118331{padding-bottom: 40px !important;}\u00a0\u00bb]Nous continuons \u00e0 impliquer nos \u00e9quipes, nos fournisseurs et nos clients dans la r\u00e9alisation de nos objectifs communs, parce que l\u2019am\u00e9lioration de la vue des patients ne doit jamais se faire au d\u00e9triment de la plan\u00e8te.[\/vc_column_text][vc_raw_html]JTNDYSUyMGNsYXNzJTNEJTIyZGlzY292ZXItZmFjdHMlMjBmb250LXNpemUlMjIlMjBocmVmJTNEJTIyaHR0cHMlM0ElMkYlMkZ3d3cuYnZpbWVkaWNhbC5mciUyRndwLWNvbnRlbnQlMkZ1cGxvYWRzJTJGMjAyNiUyRjAyJTJGRVNHUmVwb3J0X0ZSLnBkZiUyMiUzRUVuJTIwc2F2b2lyJTIwcGx1cyUyMHN1ciUyMGxlJTIwcGFyY291cnMlMjBFU0clMjBkZSUyMEJWSSUzQyUyRmElM0U=[\/vc_raw_html][\/vc_column_inner][vc_column_inner width=\u00a0\u00bb7\/12&Prime;][vc_single_image image=\u00a0\u00bb6050&Prime; img_size=\u00a0\u00bbfull\u00a0\u00bb alignment=\u00a0\u00bbright\u00a0\u00bb el_class=\u00a0\u00bbno-mb\u00a0\u00bb][\/vc_column_inner][\/vc_row_inner][\/vc_column][\/vc_row]<\/p>","protected":false},"excerpt":{"rendered":"<p>[vc_row full_width=\u00a0\u00bbstretch_row_content_no_spaces\u00a0\u00bb el_class=\u00a0\u00bbprocedure-hero\u00a0\u00bb][vc_column][vc_single_image image=\u00a0\u00bb2843&Prime; img_size=\u00a0\u00bbfull\u00a0\u00bb alignment=\u00a0\u00bbcenter\u00a0\u00bb el_class=\u00a0\u00bbno-mb infinite-image desktop-image\u00a0\u00bb][vc_single_image image=\u00a0\u00bb3350&Prime; img_size=\u00a0\u00bbfull\u00a0\u00bb alignment=\u00a0\u00bbcenter\u00a0\u00bb el_class=\u00a0\u00bbno-mb infinite-image mobile-image\u00a0\u00bb][vc_custom_heading text=\u00a0\u00bbESG\u00a0\u00bb font_container=\u00a0\u00bbtag:h1|text_align:left|color:%23ffffff|line_height:1&Prime; use_theme_fonts=\u00a0\u00bbyes\u00a0\u00bb][vc_raw_html el_class=\u00a0\u00bbno-mb\u00a0\u00bb]JTNDaDYlMjBjbGFzcyUzRCUyMmhlYWQtYnJlYWRjcnVtYiUyMiUzRSUzQ2ElMjBocmVmJTNEJTIyJTJGJTIyJTNFSG9tZSUzQyUyRmElM0UlMjAlMkYlMjBFU0clM0MlMkZoNiUzRQ==[\/vc_raw_html][\/vc_column][\/vc_row][vc_row full_width=\u00a0\u00bbstretch_row\u00a0\u00bb css=\u00a0\u00bb.vc_custom_1639056982329{padding-top: 40px !important;background-color: #ffffff !important;}\u00a0\u00bb][vc_column css=\u00a0\u00bb.vc_custom_1636473532085{padding-right: 30px !important;}\u00a0\u00bb][vc_single_image image=\u00a0\u00bb25&Prime; img_size=\u00a0\u00bbfull\u00a0\u00bb alignment=\u00a0\u00bbcenter\u00a0\u00bb][vc_custom_heading text=\u00a0\u00bbCr\u00e9er un futur durable pour la chirurgie ophtalmologique\u00a0\u00bb font_container=\u00a0\u00bbtag:h3|font_size:32|text_align:center|color:%23003865&Prime; use_theme_fonts=\u00a0\u00bbyes\u00a0\u00bb][vc_column_text el_class=\u00a0\u00bbprocedure-introduction\u00a0\u00bb css=\u00a0\u00bb.vc_custom_1753371971346{margin-top: 40px !important;margin-bottom: 40px !important;}\u00a0\u00bb]Nous nous engageons \u00e0 concevoir des produits innovants de [&hellip;]<\/p>\n","protected":false},"author":1,"featured_media":0,"parent":0,"menu_order":0,"comment_status":"closed","ping_status":"closed","template":"fullwidth.php","meta":{"_acf_changed":false,"_relevanssi_hide_post":"","_relevanssi_hide_content":"","_relevanssi_pin_for_all":"","_relevanssi_pin_keywords":"","_relevanssi_unpin_keywords":"","_relevanssi_related_keywords":"","_relevanssi_related_include_ids":"","_relevanssi_related_exclude_ids":"","_relevanssi_related_no_append":"","_relevanssi_related_not_related":"","_relevanssi_related_posts":"","_relevanssi_noindex_reason":"","footnotes":""},"class_list":["post-6061","page","type-page","status-publish","hentry"],"acf":[],"_links":{"self":[{"href":"https:\/\/www.bvimedical.be\/fr\/wp-json\/wp\/v2\/pages\/6061","targetHints":{"allow":["GET"]}}],"collection":[{"href":"https:\/\/www.bvimedical.be\/fr\/wp-json\/wp\/v2\/pages"}],"about":[{"href":"https:\/\/www.bvimedical.be\/fr\/wp-json\/wp\/v2\/types\/page"}],"author":[{"embeddable":true,"href":"https:\/\/www.bvimedical.be\/fr\/wp-json\/wp\/v2\/users\/1"}],"replies":[{"embeddable":true,"href":"https:\/\/www.bvimedical.be\/fr\/wp-json\/wp\/v2\/comments?post=6061"}],"version-history":[{"count":0,"href":"https:\/\/www.bvimedical.be\/fr\/wp-json\/wp\/v2\/pages\/6061\/revisions"}],"wp:attachment":[{"href":"https:\/\/www.bvimedical.be\/fr\/wp-json\/wp\/v2\/media?parent=6061"}],"curies":[{"name":"wp","href":"https:\/\/api.w.org\/{rel}","templated":true}]}}