{"id":6088,"date":"2025-11-11T10:13:25","date_gmt":"2025-11-11T10:13:25","guid":{"rendered":"https:\/\/www.bvimedical.be\/?page_id=6088"},"modified":"2025-11-13T15:05:40","modified_gmt":"2025-11-13T15:05:40","slug":"intraoculaire-lenzen","status":"publish","type":"page","link":"https:\/\/www.bvimedical.be\/fr\/lentilles-intraoculaires\/","title":{"rendered":"Lentilles Intraoculaires"},"content":{"rendered":"<p>[vc_row full_width=\u00a0\u00bbstretch_row_content_no_spaces\u00a0\u00bb el_class=\u00a0\u00bbprocedure-hero\u00a0\u00bb][vc_column][vc_single_image image=\u00a0\u00bb2942&Prime; img_size=\u00a0\u00bbfull\u00a0\u00bb alignment=\u00a0\u00bbcenter\u00a0\u00bb el_class=\u00a0\u00bbno-mb infinite-image desktop-image\u00a0\u00bb][vc_single_image image=\u00a0\u00bb3359&Prime; img_size=\u00a0\u00bbfull\u00a0\u00bb alignment=\u00a0\u00bbcenter\u00a0\u00bb el_class=\u00a0\u00bbno-mb infinite-image mobile-image\u00a0\u00bb][vc_custom_heading text=\u00a0\u00bbLentilles Intraoculaires\u00a0\u00bb font_container=\u00a0\u00bbtag:h1|text_align:left|color:%23ffffff|line_height:1&Prime; use_theme_fonts=\u00a0\u00bbyes\u00a0\u00bb][vc_raw_html el_class=\u00a0\u00bbno-mb\u00a0\u00bb]JTNDaDYlMjBjbGFzcyUzRCUyMmhlYWQtYnJlYWRjcnVtYiUyMiUzRSUzQ2ElMjBocmVmJTNEJTIyJTJGJTIyJTNFSG9tZSUzQyUyRmElM0UlMjAlMkYlMjBMZW50aWxsZXMlMjBJbnRyYW9jdWxhaXJlcyUzQyUyRmg2JTNF[\/vc_raw_html][\/vc_column][\/vc_row][vc_row full_width=\u00a0\u00bbstretch_row\u00a0\u00bb css=\u00a0\u00bb.vc_custom_1639058110026{background-color: #ffffff !important;}\u00a0\u00bb][vc_column css=\u00a0\u00bb.vc_custom_1639058106689{padding-top: 0px !important;padding-bottom: 10px !important;}\u00a0\u00bb][vc_column_text el_class=\u00a0\u00bbprocedure-introduction\u00a0\u00bb css=\u00a0\u00bb.vc_custom_1762848939347{padding-top: 50px !important;}\u00a0\u00bb]BVI est un fabricant de dispositifs ophtalmiques offrant un large portefeuille de produits, y compris des lentilles intraoculaires (LIO) monofocales et premium.<br \/>\nDepuis plus de 30 ans, nous travaillons avec des chirurgiens pour d\u00e9velopper des LIO, en nous effor\u00e7ant de proposer des solutions optiques performantes, r\u00e9pondant aux exigences les plus strictes.[\/vc_column_text][\/vc_column][\/vc_row][vc_row full_width=\u00a0\u00bbstretch_row\u00a0\u00bb css=\u00a0\u00bb.vc_custom_1634894174141{background-color: #ffffff !important;}\u00a0\u00bb][vc_column css=\u00a0\u00bb.vc_custom_1639058152775{padding-top: 0px !important;}\u00a0\u00bb][vc_row_inner][vc_column_inner el_class=\u00a0\u00bbproducts-middle\u00a0\u00bb width=\u00a0\u00bb1\/3&Prime;][vc_single_image image=\u00a0\u00bb6085&Prime; img_size=\u00a0\u00bbfull\u00a0\u00bb alignment=\u00a0\u00bbcenter\u00a0\u00bb onclick=\u00a0\u00bbcustom_link\u00a0\u00bb el_class=\u00a0\u00bbproduct-middle-image no-mb\u00a0\u00bb link=\u00a0\u00bbhttps:\/\/www.bvimedical.be\/fr\/trifocal-and-trifocal-toric-iols-new\/\u00a0\u00bb][vc_custom_heading text=\u00a0\u00bbLIO trifocales et trifocales toriques\u00a0\u00bb font_container=\u00a0\u00bbtag:h5|text_align:center|color:%23ffffff\u00a0\u00bb use_theme_fonts=\u00a0\u00bbyes\u00a0\u00bb el_class=\u00a0\u00bbproducts-middle-title no-mb\u00a0\u00bb link=\u00a0\u00bburl:https%3A%2F%2Fwww.bvimedical.be%2Ffr%2Ftrifocal-and-trifocal-toric-iols-new%2F\u00a0\u00bb][vc_single_image image=\u00a0\u00bb188&Prime; img_size=\u00a0\u00bbfull\u00a0\u00bb alignment=\u00a0\u00bbcenter\u00a0\u00bb onclick=\u00a0\u00bbcustom_link\u00a0\u00bb el_class=\u00a0\u00bbproducts-middle-button no-mb\u00a0\u00bb link=\u00a0\u00bbhttps:\/\/www.bvimedical.be\/fr\/trifocal-and-trifocal-toric-iols-new\/\u00a0\u00bb][\/vc_column_inner][vc_column_inner el_class=\u00a0\u00bbproducts-middle\u00a0\u00bb width=\u00a0\u00bb1\/3&Prime;][vc_single_image image=\u00a0\u00bb6086&Prime; img_size=\u00a0\u00bbfull\u00a0\u00bb alignment=\u00a0\u00bbcenter\u00a0\u00bb onclick=\u00a0\u00bbcustom_link\u00a0\u00bb el_class=\u00a0\u00bbproduct-middle-image no-mb\u00a0\u00bb link=\u00a0\u00bbhttps:\/\/www.bvimedical.be\/fr\/premium-monofocal-and-premium-monofocal-toric-iols-new\/\u00a0\u00bb][vc_custom_heading text=\u00a0\u00bbLIO monofocales Premium et monofocales toriques Premium\u00a0\u00bb font_container=\u00a0\u00bbtag:h5|text_align:center|color:%23ffffff\u00a0\u00bb use_theme_fonts=\u00a0\u00bbyes\u00a0\u00bb el_class=\u00a0\u00bbproducts-middle-title no-mb\u00a0\u00bb link=\u00a0\u00bburl:https%3A%2F%2Fwww.bvimedical.be%2Ffr%2Fpremium-monofocal-and-premium-monofocal-toric-iols-new%2F\u00a0\u00bb][vc_single_image image=\u00a0\u00bb188&Prime; img_size=\u00a0\u00bbfull\u00a0\u00bb alignment=\u00a0\u00bbcenter\u00a0\u00bb onclick=\u00a0\u00bbcustom_link\u00a0\u00bb el_class=\u00a0\u00bbproducts-middle-button no-mb\u00a0\u00bb link=\u00a0\u00bbhttps:\/\/www.bvimedical.be\/fr\/premium-monofocal-and-premium-monofocal-toric-iols-new\/\u00a0\u00bb][\/vc_column_inner][vc_column_inner el_class=\u00a0\u00bbproducts-middle\u00a0\u00bb width=\u00a0\u00bb1\/3&Prime;][vc_single_image image=\u00a0\u00bb6087&Prime; img_size=\u00a0\u00bbfull\u00a0\u00bb alignment=\u00a0\u00bbcenter\u00a0\u00bb onclick=\u00a0\u00bbcustom_link\u00a0\u00bb el_class=\u00a0\u00bbproduct-middle-image no-mb\u00a0\u00bb link=\u00a0\u00bbhttps:\/\/www.bvimedical.be\/fr\/monofocal-and-monofocal-toric-iols\/\u00a0\u00bb][vc_custom_heading text=\u00a0\u00bbLIO monofocales et monofocales toriques\u00a0\u00bb font_container=\u00a0\u00bbtag:h5|text_align:center|color:%23ffffff\u00a0\u00bb use_theme_fonts=\u00a0\u00bbyes\u00a0\u00bb el_class=\u00a0\u00bbproducts-middle-title no-mb\u00a0\u00bb link=\u00a0\u00bburl:https%3A%2F%2Fwww.bvimedical.be%2Ffr%2Fmonofocal-and-monofocal-toric-iols%2F\u00a0\u00bb][vc_single_image image=\u00a0\u00bb188&Prime; img_size=\u00a0\u00bbfull\u00a0\u00bb alignment=\u00a0\u00bbcenter\u00a0\u00bb onclick=\u00a0\u00bbcustom_link\u00a0\u00bb el_class=\u00a0\u00bbproducts-middle-button no-mb\u00a0\u00bb link=\u00a0\u00bbhttps:\/\/www.bvimedical.be\/fr\/monofocal-and-monofocal-toric-iols\/\u00a0\u00bb][\/vc_column_inner][\/vc_row_inner][vc_empty_space height=\u00a0\u00bb50px\u00a0\u00bb][vc_column_text]<\/p>\n<p class=\"mobile-intraocular-title\" style=\"text-align: center; color: #18c5eb; text-transform: uppercase;\">QUAND LA PR\u00c9CISION RENCONTRE L&rsquo;INNOVATION<\/p>\n<p>[\/vc_column_text][vc_row_inner][vc_column_inner width=\u00a0\u00bb1\/2&Prime;][vc_single_image image=\u00a0\u00bb6079&Prime; img_size=\u00a0\u00bbfull\u00a0\u00bb alignment=\u00a0\u00bbcenter\u00a0\u00bb onclick=\u00a0\u00bbcustom_link\u00a0\u00bb img_link_target=\u00a0\u00bb_blank\u00a0\u00bb link=\u00a0\u00bbhttps:\/\/www.physioltoric.eu\/\u00a0\u00bb][\/vc_column_inner][vc_column_inner width=\u00a0\u00bb1\/2&Prime;][vc_custom_heading text=\u00a0\u00bbCalculateur torique avec formule de r\u00e9gression d&rsquo;Abulafia-Koch\u00a0\u00bb font_container=\u00a0\u00bbtag:h4|text_align:left|color:%23003865&Prime; use_theme_fonts=\u00a0\u00bbyes\u00a0\u00bb][vc_column_text css=\u00a0\u00bb.vc_custom_1762848983622{margin-bottom: 20px !important;}\u00a0\u00bb]Notre calculateur toriques a \u00e9t\u00e9 d\u00e9velopp\u00e9 pour compenser l&rsquo;effet de l&rsquo;astigmatisme corn\u00e9en post\u00e9rieur, am\u00e9liorant ainsi la pr\u00e9diction des r\u00e9sultats postop\u00e9ratoires chez les patients astigmates. 1<\/p>\n<p>1. Abulafia A, Koch DD. Une nouvelle formule de r\u00e9gression pour les calculs de lentilles intraoculaires toriques, J Cataract Refract Surg 2016 ; 42 : 663-671.[\/vc_column_text][vc_raw_html]JTNDYSUyMGNsYXNzJTNEJTIybG9jYXRpb24tbWFpbCUyMiUyMGhyZWYlM0QlMjJodHRwJTNBJTJGJTJGdG9yaWMuYnZpbWVkaWNhbC5jb20lMjIlMjB0YXJnZXQlM0QlMjJfYmxhbmslMjIlM0VBY2MlQzMlQTlkZXIlMjBhdSUyMGNhbGN1bGF0ZXVyJTIwdG9yaXF1ZSUzQyUyRmElM0U=[\/vc_raw_html][\/vc_column_inner][\/vc_row_inner][vc_empty_space height=\u00a0\u00bb30px\u00a0\u00bb][\/vc_column][\/vc_row]<\/p>","protected":false},"excerpt":{"rendered":"<p>[vc_row full_width=\u00a0\u00bbstretch_row_content_no_spaces\u00a0\u00bb el_class=\u00a0\u00bbprocedure-hero\u00a0\u00bb][vc_column][vc_single_image image=\u00a0\u00bb2942&Prime; img_size=\u00a0\u00bbfull\u00a0\u00bb alignment=\u00a0\u00bbcenter\u00a0\u00bb el_class=\u00a0\u00bbno-mb infinite-image desktop-image\u00a0\u00bb][vc_single_image image=\u00a0\u00bb3359&Prime; img_size=\u00a0\u00bbfull\u00a0\u00bb alignment=\u00a0\u00bbcenter\u00a0\u00bb el_class=\u00a0\u00bbno-mb infinite-image mobile-image\u00a0\u00bb][vc_custom_heading text=\u00a0\u00bbLentilles Intraoculaires\u00a0\u00bb font_container=\u00a0\u00bbtag:h1|text_align:left|color:%23ffffff|line_height:1&Prime; use_theme_fonts=\u00a0\u00bbyes\u00a0\u00bb][vc_raw_html el_class=\u00a0\u00bbno-mb\u00a0\u00bb]JTNDaDYlMjBjbGFzcyUzRCUyMmhlYWQtYnJlYWRjcnVtYiUyMiUzRSUzQ2ElMjBocmVmJTNEJTIyJTJGJTIyJTNFSG9tZSUzQyUyRmElM0UlMjAlMkYlMjBMZW50aWxsZXMlMjBJbnRyYW9jdWxhaXJlcyUzQyUyRmg2JTNF[\/vc_raw_html][\/vc_column][\/vc_row][vc_row full_width=\u00a0\u00bbstretch_row\u00a0\u00bb css=\u00a0\u00bb.vc_custom_1639058110026{background-color: #ffffff !important;}\u00a0\u00bb][vc_column css=\u00a0\u00bb.vc_custom_1639058106689{padding-top: 0px !important;padding-bottom: 10px !important;}\u00a0\u00bb][vc_column_text el_class=\u00a0\u00bbprocedure-introduction\u00a0\u00bb css=\u00a0\u00bb.vc_custom_1762848939347{padding-top: 50px !important;}\u00a0\u00bb]BVI est un fabricant de dispositifs ophtalmiques offrant un large portefeuille de produits, y compris des lentilles intraoculaires (LIO) monofocales et premium. Depuis [&hellip;]<\/p>\n","protected":false},"author":1,"featured_media":0,"parent":0,"menu_order":0,"comment_status":"closed","ping_status":"closed","template":"fullwidth.php","meta":{"_acf_changed":false,"_relevanssi_hide_post":"","_relevanssi_hide_content":"","_relevanssi_pin_for_all":"","_relevanssi_pin_keywords":"","_relevanssi_unpin_keywords":"","_relevanssi_related_keywords":"","_relevanssi_related_include_ids":"","_relevanssi_related_exclude_ids":"","_relevanssi_related_no_append":"","_relevanssi_related_not_related":"","_relevanssi_related_posts":"","_relevanssi_noindex_reason":"","footnotes":""},"class_list":["post-6088","page","type-page","status-publish","hentry"],"acf":[],"_links":{"self":[{"href":"https:\/\/www.bvimedical.be\/fr\/wp-json\/wp\/v2\/pages\/6088","targetHints":{"allow":["GET"]}}],"collection":[{"href":"https:\/\/www.bvimedical.be\/fr\/wp-json\/wp\/v2\/pages"}],"about":[{"href":"https:\/\/www.bvimedical.be\/fr\/wp-json\/wp\/v2\/types\/page"}],"author":[{"embeddable":true,"href":"https:\/\/www.bvimedical.be\/fr\/wp-json\/wp\/v2\/users\/1"}],"replies":[{"embeddable":true,"href":"https:\/\/www.bvimedical.be\/fr\/wp-json\/wp\/v2\/comments?post=6088"}],"version-history":[{"count":0,"href":"https:\/\/www.bvimedical.be\/fr\/wp-json\/wp\/v2\/pages\/6088\/revisions"}],"wp:attachment":[{"href":"https:\/\/www.bvimedical.be\/fr\/wp-json\/wp\/v2\/media?parent=6088"}],"curies":[{"name":"wp","href":"https:\/\/api.w.org\/{rel}","templated":true}]}}