{"id":6148,"date":"2026-03-10T15:11:27","date_gmt":"2026-03-10T15:11:27","guid":{"rendered":"https:\/\/www.bvimedical.be\/?page_id=6148"},"modified":"2026-03-10T15:26:12","modified_gmt":"2026-03-10T15:26:12","slug":"order-form","status":"publish","type":"page","link":"https:\/\/www.bvimedical.be\/fr\/bon-de-commande\/","title":{"rendered":"Order Form"},"content":{"rendered":"<p>[vc_row full_width=\u00a0\u00bbstretch_row_content_no_spaces\u00a0\u00bb el_class=\u00a0\u00bbprocedure-hero\u00a0\u00bb][vc_column][vc_single_image image=\u00a0\u00bb5098&Prime; img_size=\u00a0\u00bbfull\u00a0\u00bb alignment=\u00a0\u00bbcenter\u00a0\u00bb el_class=\u00a0\u00bbno-mb infinite-image desktop-image\u00a0\u00bb][vc_single_image image=\u00a0\u00bb5097&Prime; img_size=\u00a0\u00bbfull\u00a0\u00bb alignment=\u00a0\u00bbcenter\u00a0\u00bb el_class=\u00a0\u00bbno-mb infinite-image mobile-image\u00a0\u00bb][vc_custom_heading text=\u00a0\u00bbOrder Form\u00a0\u00bb font_container=\u00a0\u00bbtag:h1|text_align:left|color:%23ffffff|line_height:1&Prime; use_theme_fonts=\u00a0\u00bbyes\u00a0\u00bb][vc_raw_html el_class=\u00a0\u00bbno-mb\u00a0\u00bb]JTNDaDYlMjBjbGFzcyUzRCUyMmhlYWQtYnJlYWRjcnVtYiUyMiUzRSUzQ2ElMjBocmVmJTNEJTIyJTJGJTIyJTNFSG9tZSUzQyUyRmElM0UlMjAlMkYlMjBPcmRlciUyMEZvcm0lM0MlMkZoNiUzRQ==[\/vc_raw_html][\/vc_column][\/vc_row][vc_row full_width=\u00a0\u00bbstretch_row\u00a0\u00bb css=\u00a0\u00bb.vc_custom_1634281862939{background-color: #ffffff !important;}\u00a0\u00bb][vc_column][vc_row_inner equal_height=\u00a0\u00bbyes\u00a0\u00bb content_placement=\u00a0\u00bbtop\u00a0\u00bb css=\u00a0\u00bb.vc_custom_1724072593987{padding-top: 60px !important;padding-bottom: 60px !important;}\u00a0\u00bb el_id=\u00a0\u00bbpreview-container\u00a0\u00bb][vc_column_inner width=\u00a0\u00bb1\/2&Prime;][vc_single_image image=\u00a0\u00bb6149&Prime; img_size=\u00a0\u00bbfull\u00a0\u00bb add_caption=\u00a0\u00bbyes\u00a0\u00bb css_animation=\u00a0\u00bbfadeInLeft\u00a0\u00bb][\/vc_column_inner][vc_column_inner width=\u00a0\u00bb1\/2&Prime; css=\u00a0\u00bb.vc_custom_1634031651948{padding-top: 20px !important;padding-right: 20px !important;padding-bottom: 20px !important;padding-left: 20px !important;}\u00a0\u00bb][vc_custom_heading text=\u00a0\u00bbBVI<sup>\u00ae<\/sup> nouveau formulaire de commande num\u00e9rique\u00a0\u00bb font_container=\u00a0\u00bbtag:h1|font_size:28|text_align:left|color:%23003865|line_height:1.1&Prime; use_theme_fonts=\u00a0\u00bbyes\u00a0\u00bb css_animation=\u00a0\u00bbfadeInDown\u00a0\u00bb el_id=\u00a0\u00bbrefocusing\u00a0\u00bb][vc_column_text css_animation=\u00a0\u00bbfadeInRight\u00a0\u00bb el_class=\u00a0\u00bbno-mb\u00a0\u00bb]Bonjour, nous sommes ravis de vous annoncer une excellente nouvelle!<br \/>\nDans le cadre de notre engagement \u00e0 rendre votre exp\u00e9rience plus fluide et plus pratique, nous lan\u00e7ons notre tout nouveau formulaire de commande num\u00e9rique!<\/p>\n<h5>Les caract\u00e9ristiques :<\/h5>\n<ul>\n<li><em>Tr\u00e8s facile \u00e0 utiliser:<\/em> Con\u00e7u sp\u00e9cialement pour vous, notre nouveau formulaire est intuitif et convivial.<\/li>\n<li><em>Gagnez du temps:<\/em> Passez vos commandes plus rapidement que jamais \u2013 fini les allers-retours!<\/li>\n<li><em>Respectueux de l&rsquo;environnement:<\/em> Passez au z\u00e9ro papier et aidez-nous \u00e0 contribuer \u00e0 une plan\u00e8te plus verte.<\/li>\n<\/ul>\n<h5>Comment commencer:<\/h5>\n<ol>\n<li><strong>Cliquez sur le lien<\/strong> ci-dessous pour passer votre nouvelle commande.<\/li>\n<\/ol>\n<h5>Ce formulaire est r\u00e9serv\u00e9 aux clients directs existants.<\/h5>\n<h3><\/h3>\n<p>[\/vc_column_text][vc_column_text css_animation=\u00a0\u00bbfadeInUp\u00a0\u00bb el_class=\u00a0\u00bbno-mb\u00a0\u00bb el_id=\u00a0\u00bbreact-app-start\u00a0\u00bb]<a class=\"more-link-home\">Commencer une nouvelle commande<img decoding=\"async\" src=\"\/wp-content\/uploads\/2021\/10\/right_arrow.png\" alt=\"Start a new order\" \/><\/a>[\/vc_column_text][\/vc_column_inner][\/vc_row_inner][\/vc_column][\/vc_row][vc_row full_width=\u00a0\u00bbstretch_row\u00a0\u00bb css=\u00a0\u00bb.vc_custom_1724071941374{background-color: #ffffff !important;}\u00a0\u00bb el_id=\u00a0\u00bborder-form\u00a0\u00bb][vc_column css=\u00a0\u00bb.vc_custom_1636473532085{padding-right: 30px !important;}\u00a0\u00bb][vc_raw_html]JTNDZGl2JTIwaWQlM0QlMjJyZWFjdC1jb250YWluZXIlMjIlMjBzdHlsZSUzRCUyMmRpc3BsYXklM0ElMjBub25lJTNCJTIyJTNFJTBBJTIwJTIwJTIwJTIwJTNDaDUlMjBpZCUzRCUyMm9yZGVyLWZvcm0tdGl0bGUlMjIlM0VUaGlzJTIwZm9ybSUyMGlzJTIwZm9yJTIwZXhpc3RpbmclMjBkaXJlY3QlMjBjdXN0b21lcnMlMjBvbmx5JTNDJTJGaDUlM0UlMEElMjAlMjAlMjAlMjAlM0NkaXYlMjBpZCUzRCUyMm9yZGVyLWZvcm0lMjIlM0UlMEElMjAlMjAlMjAlMjAlMjAlMjAlMjAlMjAlM0NkaXYlMjBpZCUzRCUyMnJlYWN0LXJvb3QlMjIlM0UlM0MlMkZkaXYlM0UlMEElMjAlMjAlMjAlMjAlM0MlMkZkaXYlM0UlMEElM0NoNiUyMGNsYXNzJTNEJTIyb25seS1jb3VudHJ5JTIwb25seS1jb3VudHJ5LTElMjIlMjBzdHlsZSUzRCUyMmRpc3BsYXklM0ElMjBub25lJTNCJTIyJTNFJTBBJTIwJTIwJTIwJTIwSWYlMjB5b3UlMjBoYXZlJTIwYW55JTIwdXJnZW50JTIwcXVlcmllcyUyMGFib3V0JTIweW91ciUyMG9yZGVyJTIwcGxlYXNlJTIwY29udGFjdCUyMGN1c3RvbWVyJTIwc2VydmljZSUyMGJ5JTIwcGhvbmUlMjBhdCUwQSUyMCUyMCUyMCUyMCUzQ2ElMjBocmVmJTNEJTIydGVsJTNBJTJCMSUyMDg2NiUyMDkwNiUyMDgwODAlMjIlM0UlMkI4NjYtOTA2LTgwODAlM0MlMkZhJTNFJTBBJTIwJTIwJTIwJTIwb3IlMjBieSUyMGVtYWlsJTIwYXQlMjAlM0NhJTIwaHJlZiUzRCUyMm1haWx0byUzQWlvbG9yZGVycyU0MGJ2aW1lZGljYWwuY29tJTIyJTNFaW9sb3JkZXJzJTQwYnZpbWVkaWNhbC5jb20lM0MlMkZhJTNFJTBBJTIwJTIwJTNDJTJGaDYlM0UlMEElM0MlMkZkaXYlM0UlMEElMEElM0NzY3JpcHQlM0UlMEElMjAlMjAlMjAlMjBkb2N1bWVudC5nZXRFbGVtZW50QnlJZCUyOCUyN3JlYWN0LWFwcC1zdGFydCUyNyUyOS5vbmNsaWNrJTIwJTNEJTIwZnVuY3Rpb24lMjAlMjglMjklMjAlN0IlMEElMjAlMjAlMjAlMjAlMjAlMjAlMjAlMjBkb2N1bWVudC5nZXRFbGVtZW50QnlJZCUyOCUyN3ByZXZpZXctY29udGFpbmVyJTI3JTI5LnN0eWxlLmRpc3BsYXklMjAlM0QlMjAlMjdub25lJTI3JTNCJTBBJTIwJTIwJTIwJTIwJTIwJTIwJTIwJTIwZG9jdW1lbnQuZ2V0RWxlbWVudEJ5SWQlMjglMjdyZWFjdC1jb250YWluZXIlMjclMjkuc3R5bGUuZGlzcGxheSUyMCUzRCUyMCUyN2Jsb2NrJTI3JTNCJTBBJTIwJTIwJTIwJTIwJTdEJTBBJTNDJTJGc2NyaXB0JTNF[\/vc_raw_html][vc_raw_js]JTNDc2NyaXB0JTNFJTBBJTIwJTIwY29uc3QlMjB0aW1lc3RhbXAlMjAlM0QlMjBEYXRlLm5vdyUyOCUyOSUzQiUwQSUyMCUyMGNvbnN0JTIwc2NyaXB0JTIwJTNEJTIwZG9jdW1lbnQuY3JlYXRlRWxlbWVudCUyOCUyN3NjcmlwdCUyNyUyOSUzQiUwQSUyMCUyMHNjcmlwdC5zcmMlMjAlM0QlMjAlNjBodHRwcyUzQSUyRiUyRmJ2aS5mcmExLmRpZ2l0YWxvY2VhbnNwYWNlcy5jb20lMkZvcmRlcmluZy1mb3JtLWFzc2V0cyUyRnByb2R1Y3Rpb24lMkZzdGF0aWMlMkZqcyUyRm1haW4uanMlM0Z2JTNEJTI0JTdCdGltZXN0YW1wJTdEJTYwJTNCJTBBJTIwJTIwZG9jdW1lbnQuaGVhZC5hcHBlbmRDaGlsZCUyOHNjcmlwdCUyOSUzQiUwQSUzQyUyRnNjcmlwdCUzRQ==[\/vc_raw_js][vc_raw_js]JTNDc2NyaXB0JTIwc3JjJTNEJTIyaHR0cHMlM0ElMkYlMkZjb2RlLmpxdWVyeS5jb20lMkZqcXVlcnktMy42LjAubWluLmpzJTIyJTNFJTNDJTJGc2NyaXB0JTNFJTBBJTNDc2NyaXB0JTNFJTBBalF1ZXJ5JTI4ZG9jdW1lbnQlMjkucmVhZHklMjhmdW5jdGlvbiUyOCUyNCUyOSUyMCU3QiUwQSUyMCUyMCUyMCUyMCUyNC5wb3N0JTI4JTI3JTJGd3AtY29udGVudCUyRnRoZW1lcyUyRndwLWJvb3RzdHJhcC1zdGFydGVyJTJGdHJhY2tpbmcucGhwJTI3JTJDJTIwJTdCJTBBJTIwJTIwJTIwJTIwJTIwJTIwJTIwJTIwYWN0aW9uJTNBJTIwJTI3dmlzaXQlMjclMkMlMEElMjAlMjAlMjAlMjAlMjAlMjAlMjAlMjBwYWdlJTNBJTIwJTI3b3JkZXItZm9ybSUyNyUwQSUyMCUyMCUyMCUyMCU3RCUyOSUzQiUwQSU3RCUyOSUzQiUwQSUzQyUyRnNjcmlwdCUzRQ==[\/vc_raw_js][\/vc_column][\/vc_row]<\/p>","protected":false},"excerpt":{"rendered":"<p>[vc_row full_width=\u00a0\u00bbstretch_row_content_no_spaces\u00a0\u00bb el_class=\u00a0\u00bbprocedure-hero\u00a0\u00bb][vc_column][vc_single_image image=\u00a0\u00bb5098&Prime; img_size=\u00a0\u00bbfull\u00a0\u00bb alignment=\u00a0\u00bbcenter\u00a0\u00bb el_class=\u00a0\u00bbno-mb infinite-image desktop-image\u00a0\u00bb][vc_single_image image=\u00a0\u00bb5097&Prime; img_size=\u00a0\u00bbfull\u00a0\u00bb alignment=\u00a0\u00bbcenter\u00a0\u00bb el_class=\u00a0\u00bbno-mb infinite-image mobile-image\u00a0\u00bb][vc_custom_heading text=\u00a0\u00bbOrder Form\u00a0\u00bb font_container=\u00a0\u00bbtag:h1|text_align:left|color:%23ffffff|line_height:1&Prime; use_theme_fonts=\u00a0\u00bbyes\u00a0\u00bb][vc_raw_html el_class=\u00a0\u00bbno-mb\u00a0\u00bb]JTNDaDYlMjBjbGFzcyUzRCUyMmhlYWQtYnJlYWRjcnVtYiUyMiUzRSUzQ2ElMjBocmVmJTNEJTIyJTJGJTIyJTNFSG9tZSUzQyUyRmElM0UlMjAlMkYlMjBPcmRlciUyMEZvcm0lM0MlMkZoNiUzRQ==[\/vc_raw_html][\/vc_column][\/vc_row][vc_row full_width=\u00a0\u00bbstretch_row\u00a0\u00bb css=\u00a0\u00bb.vc_custom_1634281862939{background-color: #ffffff !important;}\u00a0\u00bb][vc_column][vc_row_inner equal_height=\u00a0\u00bbyes\u00a0\u00bb content_placement=\u00a0\u00bbtop\u00a0\u00bb css=\u00a0\u00bb.vc_custom_1724072593987{padding-top: 60px !important;padding-bottom: 60px !important;}\u00a0\u00bb el_id=\u00a0\u00bbpreview-container\u00a0\u00bb][vc_column_inner width=\u00a0\u00bb1\/2&Prime;][vc_single_image image=\u00a0\u00bb6149&Prime; img_size=\u00a0\u00bbfull\u00a0\u00bb add_caption=\u00a0\u00bbyes\u00a0\u00bb css_animation=\u00a0\u00bbfadeInLeft\u00a0\u00bb][\/vc_column_inner][vc_column_inner width=\u00a0\u00bb1\/2&Prime; css=\u00a0\u00bb.vc_custom_1634031651948{padding-top: 20px !important;padding-right: 20px !important;padding-bottom: 20px !important;padding-left: 20px !important;}\u00a0\u00bb][vc_custom_heading text=\u00a0\u00bbBVI\u00ae nouveau formulaire de commande num\u00e9rique\u00a0\u00bb font_container=\u00a0\u00bbtag:h1|font_size:28|text_align:left|color:%23003865|line_height:1.1&Prime; use_theme_fonts=\u00a0\u00bbyes\u00a0\u00bb [&hellip;]<\/p>\n","protected":false},"author":1,"featured_media":0,"parent":0,"menu_order":0,"comment_status":"closed","ping_status":"closed","template":"fullwidth.php","meta":{"_acf_changed":false,"_relevanssi_hide_post":"","_relevanssi_hide_content":"","_relevanssi_pin_for_all":"","_relevanssi_pin_keywords":"","_relevanssi_unpin_keywords":"","_relevanssi_related_keywords":"","_relevanssi_related_include_ids":"","_relevanssi_related_exclude_ids":"","_relevanssi_related_no_append":"","_relevanssi_related_not_related":"","_relevanssi_related_posts":"","_relevanssi_noindex_reason":"","footnotes":""},"class_list":["post-6148","page","type-page","status-publish","hentry"],"acf":[],"_links":{"self":[{"href":"https:\/\/www.bvimedical.be\/fr\/wp-json\/wp\/v2\/pages\/6148","targetHints":{"allow":["GET"]}}],"collection":[{"href":"https:\/\/www.bvimedical.be\/fr\/wp-json\/wp\/v2\/pages"}],"about":[{"href":"https:\/\/www.bvimedical.be\/fr\/wp-json\/wp\/v2\/types\/page"}],"author":[{"embeddable":true,"href":"https:\/\/www.bvimedical.be\/fr\/wp-json\/wp\/v2\/users\/1"}],"replies":[{"embeddable":true,"href":"https:\/\/www.bvimedical.be\/fr\/wp-json\/wp\/v2\/comments?post=6148"}],"version-history":[{"count":0,"href":"https:\/\/www.bvimedical.be\/fr\/wp-json\/wp\/v2\/pages\/6148\/revisions"}],"wp:attachment":[{"href":"https:\/\/www.bvimedical.be\/fr\/wp-json\/wp\/v2\/media?parent=6148"}],"curies":[{"name":"wp","href":"https:\/\/api.w.org\/{rel}","templated":true}]}}