{"id":641,"date":"2021-10-21T09:13:02","date_gmt":"2021-10-21T09:13:02","guid":{"rendered":"https:\/\/bvifr.wpengine.com\/fr\/?page_id=641"},"modified":"2023-06-13T10:11:19","modified_gmt":"2023-06-13T10:11:19","slug":"consommables","status":"publish","type":"page","link":"https:\/\/www.bvimedical.be\/fr\/consommables\/","title":{"rendered":"Consommables"},"content":{"rendered":"<p><\/p>\n<p>[vc_row full_width=\u00a0\u00bbstretch_row_content_no_spaces\u00a0\u00bb el_class=\u00a0\u00bbprocedure-hero\u00a0\u00bb][vc_column][vc_single_image image=\u00a0\u00bb3028&Prime; img_size=\u00a0\u00bbfull\u00a0\u00bb alignment=\u00a0\u00bbcenter\u00a0\u00bb el_class=\u00a0\u00bbno-mb infinite-image desktop-image\u00a0\u00bb][vc_single_image image=\u00a0\u00bb3357&Prime; img_size=\u00a0\u00bbfull\u00a0\u00bb alignment=\u00a0\u00bbcenter\u00a0\u00bb el_class=\u00a0\u00bbno-mb infinite-image mobile-image\u00a0\u00bb][vc_custom_heading text=\u00a0\u00bbConsommables\u00a0\u00bb font_container=\u00a0\u00bbtag:h1|text_align:left|color:%23ffffff|line_height:1&Prime; use_theme_fonts=\u00a0\u00bbyes\u00a0\u00bb][vc_raw_html el_class=\u00a0\u00bbno-mb\u00a0\u00bb]JTNDaDYlMjBjbGFzcyUzRCUyMmhlYWQtYnJlYWRjcnVtYiUyMiUzRSUzQ2ElMjBocmVmJTNEJTIyJTJGJTIyJTNFQWNjdWVpbCUzQyUyRmElM0UlMjAlMkYlMjBDb25zb21tYWJsZXMlM0MlMkZoNiUzRQ==[\/vc_raw_html][\/vc_column][\/vc_row][vc_row full_width=\u00a0\u00bbstretch_row\u00a0\u00bb css=\u00a0\u00bb.vc_custom_1634817293380{background-color: #ffffff !important;}\u00a0\u00bb][vc_column css=\u00a0\u00bb.vc_custom_1639058003306{padding-top: 0px !important;padding-bottom: 10px !important;}\u00a0\u00bb][vc_column_text el_class=\u00a0\u00bbprocedure-introduction\u00a0\u00bb css=\u00a0\u00bb.vc_custom_1660136748555{margin-top: 50px !important;}\u00a0\u00bb]BVI fabrique et distribue une large gamme d&rsquo;accessoires, d&rsquo;instruments \u00e0 usage unique et de packs de proc\u00e9dures personnalis\u00e9s pour vos chirgurgies ophtalmiques.[\/vc_column_text][\/vc_column][\/vc_row][vc_row full_width=\u00a0\u00bbstretch_row\u00a0\u00bb css=\u00a0\u00bb.vc_custom_1634817293380{background-color: #ffffff !important;}\u00a0\u00bb][vc_column css=\u00a0\u00bb.vc_custom_1639057948958{padding-top: 0px !important;}\u00a0\u00bb][vc_row_inner][vc_column_inner el_class=\u00a0\u00bbproducts-middle\u00a0\u00bb width=\u00a0\u00bb1\/3&Prime;][vc_single_image image=\u00a0\u00bb2688&Prime; img_size=\u00a0\u00bbfull\u00a0\u00bb alignment=\u00a0\u00bbcenter\u00a0\u00bb onclick=\u00a0\u00bbcustom_link\u00a0\u00bb el_class=\u00a0\u00bbproduct-middle-image no-mb\u00a0\u00bb link=\u00a0\u00bb\/bouchons-meatiques\/\u00a0\u00bb][vc_custom_heading text=\u00a0\u00bbBouchons m\u00e9atiques\u00a0\u00bb font_container=\u00a0\u00bbtag:h5|text_align:center|color:%23ffffff\u00a0\u00bb use_theme_fonts=\u00a0\u00bbyes\u00a0\u00bb el_class=\u00a0\u00bbproducts-middle-title no-mb\u00a0\u00bb link=\u00a0\u00bburl:%2Fbouchons-meatiques%2F|||\u00a0\u00bb][vc_single_image image=\u00a0\u00bb188&Prime; img_size=\u00a0\u00bbfull\u00a0\u00bb alignment=\u00a0\u00bbcenter\u00a0\u00bb onclick=\u00a0\u00bbcustom_link\u00a0\u00bb el_class=\u00a0\u00bbproducts-middle-button no-mb\u00a0\u00bb link=\u00a0\u00bb\/bouchons-meatiques\/\u00a0\u00bb][\/vc_column_inner][vc_column_inner el_class=\u00a0\u00bbproducts-middle\u00a0\u00bb width=\u00a0\u00bb1\/3&Prime;][vc_single_image image=\u00a0\u00bb2443&Prime; img_size=\u00a0\u00bbfull\u00a0\u00bb alignment=\u00a0\u00bbcenter\u00a0\u00bb onclick=\u00a0\u00bbcustom_link\u00a0\u00bb el_class=\u00a0\u00bbproduct-middle-image no-mb\u00a0\u00bb link=\u00a0\u00bb\/canules\/\u00a0\u00bb][vc_custom_heading text=\u00a0\u00bbCanules\u00a0\u00bb font_container=\u00a0\u00bbtag:h5|text_align:center|color:%23ffffff\u00a0\u00bb use_theme_fonts=\u00a0\u00bbyes\u00a0\u00bb el_class=\u00a0\u00bbproducts-middle-title no-mb\u00a0\u00bb link=\u00a0\u00bburl:%2Fcanules%2F|||\u00a0\u00bb][vc_single_image image=\u00a0\u00bb188&Prime; img_size=\u00a0\u00bbfull\u00a0\u00bb alignment=\u00a0\u00bbcenter\u00a0\u00bb onclick=\u00a0\u00bbcustom_link\u00a0\u00bb el_class=\u00a0\u00bbproducts-middle-button no-mb\u00a0\u00bb link=\u00a0\u00bb\/canules\/\u00a0\u00bb][\/vc_column_inner][vc_column_inner el_class=\u00a0\u00bbproducts-middle\u00a0\u00bb width=\u00a0\u00bb1\/3&Prime;][vc_single_image image=\u00a0\u00bb4440&Prime; img_size=\u00a0\u00bbfull\u00a0\u00bb alignment=\u00a0\u00bbcenter\u00a0\u00bb onclick=\u00a0\u00bbcustom_link\u00a0\u00bb el_class=\u00a0\u00bbproduct-middle-image no-mb\u00a0\u00bb link=\u00a0\u00bb\/controle-des-fluides\/\u00a0\u00bb][vc_custom_heading text=\u00a0\u00bbContr\u00f4le des fluides\u00a0\u00bb font_container=\u00a0\u00bbtag:h5|text_align:center|color:%23ffffff\u00a0\u00bb use_theme_fonts=\u00a0\u00bbyes\u00a0\u00bb el_class=\u00a0\u00bbproducts-middle-title no-mb\u00a0\u00bb link=\u00a0\u00bburl:%2Fcontrole-des-fluides%2F|||\u00a0\u00bb][vc_single_image image=\u00a0\u00bb188&Prime; img_size=\u00a0\u00bbfull\u00a0\u00bb alignment=\u00a0\u00bbcenter\u00a0\u00bb onclick=\u00a0\u00bbcustom_link\u00a0\u00bb el_class=\u00a0\u00bbproducts-middle-button no-mb\u00a0\u00bb link=\u00a0\u00bb\/controle-des-fluides\/\u00a0\u00bb][\/vc_column_inner][\/vc_row_inner][vc_row_inner][vc_column_inner el_class=\u00a0\u00bbproducts-middle\u00a0\u00bb width=\u00a0\u00bb1\/3&Prime;][vc_single_image image=\u00a0\u00bb2531&Prime; img_size=\u00a0\u00bbfull\u00a0\u00bb alignment=\u00a0\u00bbcenter\u00a0\u00bb onclick=\u00a0\u00bbcustom_link\u00a0\u00bb el_class=\u00a0\u00bbproduct-middle-image no-mb\u00a0\u00bb link=\u00a0\u00bb\/consommables-vr\/\u00a0\u00bb][vc_custom_heading text=\u00a0\u00bbConsommables VR\u00a0\u00bb font_container=\u00a0\u00bbtag:h5|text_align:center|color:%23ffffff\u00a0\u00bb use_theme_fonts=\u00a0\u00bbyes\u00a0\u00bb el_class=\u00a0\u00bbproducts-middle-title no-mb\u00a0\u00bb link=\u00a0\u00bburl:%2Fconsommables-vr%2F|||\u00a0\u00bb][vc_single_image image=\u00a0\u00bb188&Prime; img_size=\u00a0\u00bbfull\u00a0\u00bb alignment=\u00a0\u00bbcenter\u00a0\u00bb onclick=\u00a0\u00bbcustom_link\u00a0\u00bb el_class=\u00a0\u00bbproducts-middle-button no-mb\u00a0\u00bb link=\u00a0\u00bb\/consommables-vr\/\u00a0\u00bb][\/vc_column_inner][vc_column_inner el_class=\u00a0\u00bbproducts-middle\u00a0\u00bb width=\u00a0\u00bb1\/3&Prime;][vc_single_image image=\u00a0\u00bb2482&Prime; img_size=\u00a0\u00bbfull\u00a0\u00bb alignment=\u00a0\u00bbcenter\u00a0\u00bb onclick=\u00a0\u00bbcustom_link\u00a0\u00bb el_class=\u00a0\u00bbproduct-middle-image no-mb\u00a0\u00bb link=\u00a0\u00bb\/couteaux-et-lames-beaver\/\u00a0\u00bb][vc_custom_heading text=\u00a0\u00bbCouteaux et lames\u00a0\u00bb font_container=\u00a0\u00bbtag:h5|text_align:center|color:%23ffffff\u00a0\u00bb use_theme_fonts=\u00a0\u00bbyes\u00a0\u00bb el_class=\u00a0\u00bbproducts-middle-title no-mb\u00a0\u00bb link=\u00a0\u00bburl:%2Fcouteaux-et-lames-beaver%2F|||\u00a0\u00bb][vc_single_image image=\u00a0\u00bb188&Prime; img_size=\u00a0\u00bbfull\u00a0\u00bb alignment=\u00a0\u00bbcenter\u00a0\u00bb onclick=\u00a0\u00bbcustom_link\u00a0\u00bb el_class=\u00a0\u00bbproducts-middle-button no-mb\u00a0\u00bb link=\u00a0\u00bb\/couteaux-et-lames-beaver\/\u00a0\u00bb][\/vc_column_inner][vc_column_inner el_class=\u00a0\u00bbproducts-middle\u00a0\u00bb width=\u00a0\u00bb1\/3&Prime;][vc_single_image image=\u00a0\u00bb2685&Prime; img_size=\u00a0\u00bbfull\u00a0\u00bb alignment=\u00a0\u00bbcenter\u00a0\u00bb onclick=\u00a0\u00bbcustom_link\u00a0\u00bb el_class=\u00a0\u00bbproduct-middle-image no-mb\u00a0\u00bb link=\u00a0\u00bb\/draps-housses\/\u00a0\u00bb][vc_custom_heading text=\u00a0\u00bbDraps &#038; housses\u00a0\u00bb font_container=\u00a0\u00bbtag:h5|text_align:center|color:%23ffffff\u00a0\u00bb use_theme_fonts=\u00a0\u00bbyes\u00a0\u00bb el_class=\u00a0\u00bbproducts-middle-title no-mb\u00a0\u00bb link=\u00a0\u00bburl:%2Fdraps-housses%2F|||\u00a0\u00bb][vc_single_image image=\u00a0\u00bb188&Prime; img_size=\u00a0\u00bbfull\u00a0\u00bb alignment=\u00a0\u00bbcenter\u00a0\u00bb onclick=\u00a0\u00bbcustom_link\u00a0\u00bb el_class=\u00a0\u00bbproducts-middle-button no-mb\u00a0\u00bb link=\u00a0\u00bb\/draps-housses\/\u00a0\u00bb][\/vc_column_inner][\/vc_row_inner][vc_row_inner][vc_column_inner el_class=\u00a0\u00bbproducts-middle\u00a0\u00bb width=\u00a0\u00bb1\/3&Prime;][vc_single_image image=\u00a0\u00bb2684&Prime; img_size=\u00a0\u00bbfull\u00a0\u00bb alignment=\u00a0\u00bbcenter\u00a0\u00bb onclick=\u00a0\u00bbcustom_link\u00a0\u00bb el_class=\u00a0\u00bbproduct-middle-image no-mb\u00a0\u00bb link=\u00a0\u00bb\/electrodes\/\u00a0\u00bb][vc_custom_heading text=\u00a0\u00bbElectrodes\u00a0\u00bb font_container=\u00a0\u00bbtag:h5|text_align:center|color:%23ffffff\u00a0\u00bb use_theme_fonts=\u00a0\u00bbyes\u00a0\u00bb el_class=\u00a0\u00bbproducts-middle-title no-mb\u00a0\u00bb link=\u00a0\u00bburl:%2Felectrodes%2F|||\u00a0\u00bb][vc_single_image image=\u00a0\u00bb188&Prime; img_size=\u00a0\u00bbfull\u00a0\u00bb alignment=\u00a0\u00bbcenter\u00a0\u00bb onclick=\u00a0\u00bbcustom_link\u00a0\u00bb el_class=\u00a0\u00bbproducts-middle-button no-mb\u00a0\u00bb link=\u00a0\u00bb\/electrodes\/\u00a0\u00bb][\/vc_column_inner][vc_column_inner el_class=\u00a0\u00bbproducts-middle\u00a0\u00bb width=\u00a0\u00bb1\/3&Prime;][vc_single_image image=\u00a0\u00bb2689&Prime; img_size=\u00a0\u00bbfull\u00a0\u00bb alignment=\u00a0\u00bbcenter\u00a0\u00bb onclick=\u00a0\u00bbcustom_link\u00a0\u00bb el_class=\u00a0\u00bbproduct-middle-image no-mb\u00a0\u00bb link=\u00a0\u00bb\/instruments-a-usage-unique\/\u00a0\u00bb][vc_custom_heading text=\u00a0\u00bbInstruments \u00e0 usage unique\u00a0\u00bb font_container=\u00a0\u00bbtag:h5|text_align:center|color:%23ffffff\u00a0\u00bb use_theme_fonts=\u00a0\u00bbyes\u00a0\u00bb el_class=\u00a0\u00bbproducts-middle-title no-mb\u00a0\u00bb link=\u00a0\u00bburl:%2Finstruments-a-usage-unique%2F|||\u00a0\u00bb][vc_single_image image=\u00a0\u00bb188&Prime; img_size=\u00a0\u00bbfull\u00a0\u00bb alignment=\u00a0\u00bbcenter\u00a0\u00bb onclick=\u00a0\u00bbcustom_link\u00a0\u00bb el_class=\u00a0\u00bbproducts-middle-button no-mb\u00a0\u00bb link=\u00a0\u00bb\/instruments-a-usage-unique\/\u00a0\u00bb][\/vc_column_inner][vc_column_inner el_class=\u00a0\u00bbproducts-middle\u00a0\u00bb width=\u00a0\u00bb1\/3&Prime;][vc_single_image image=\u00a0\u00bb2430&Prime; img_size=\u00a0\u00bbfull\u00a0\u00bb alignment=\u00a0\u00bbcenter\u00a0\u00bb onclick=\u00a0\u00bbcustom_link\u00a0\u00bb el_class=\u00a0\u00bbproduct-middle-image no-mb\u00a0\u00bb link=\u00a0\u00bb\/instruments-aspiration\/\u00a0\u00bb][vc_custom_heading text=\u00a0\u00bbInstruments d&rsquo;aspiration\u00a0\u00bb font_container=\u00a0\u00bbtag:h5|text_align:center|color:%23ffffff\u00a0\u00bb use_theme_fonts=\u00a0\u00bbyes\u00a0\u00bb el_class=\u00a0\u00bbproducts-middle-title no-mb\u00a0\u00bb link=\u00a0\u00bburl:%2Finstruments-aspiration%2F|||\u00a0\u00bb][vc_single_image image=\u00a0\u00bb188&Prime; img_size=\u00a0\u00bbfull\u00a0\u00bb alignment=\u00a0\u00bbcenter\u00a0\u00bb onclick=\u00a0\u00bbcustom_link\u00a0\u00bb el_class=\u00a0\u00bbproducts-middle-button no-mb\u00a0\u00bb link=\u00a0\u00bb\/instruments-aspiration\/\u00a0\u00bb][\/vc_column_inner][\/vc_row_inner][vc_row_inner][vc_column_inner el_class=\u00a0\u00bbproducts-middle\u00a0\u00bb width=\u00a0\u00bb1\/3&Prime;][vc_single_image image=\u00a0\u00bb2503&Prime; img_size=\u00a0\u00bbfull\u00a0\u00bb alignment=\u00a0\u00bbcenter\u00a0\u00bb onclick=\u00a0\u00bbcustom_link\u00a0\u00bb el_class=\u00a0\u00bbproduct-middle-image no-mb\u00a0\u00bb link=\u00a0\u00bb\/laser-et-eclairage\/\u00a0\u00bb][vc_custom_heading text=\u00a0\u00bbLaser et \u00e9clairage\u00a0\u00bb font_container=\u00a0\u00bbtag:h5|text_align:center|color:%23ffffff\u00a0\u00bb use_theme_fonts=\u00a0\u00bbyes\u00a0\u00bb el_class=\u00a0\u00bbproducts-middle-title no-mb\u00a0\u00bb link=\u00a0\u00bburl:%2Flaser-et-eclairage%2F|||\u00a0\u00bb][vc_single_image image=\u00a0\u00bb188&Prime; img_size=\u00a0\u00bbfull\u00a0\u00bb alignment=\u00a0\u00bbcenter\u00a0\u00bb onclick=\u00a0\u00bbcustom_link\u00a0\u00bb el_class=\u00a0\u00bbproducts-middle-button no-mb\u00a0\u00bb link=\u00a0\u00bb\/laser-et-eclairage\/\u00a0\u00bb][\/vc_column_inner][vc_column_inner el_class=\u00a0\u00bbproducts-middle\u00a0\u00bb width=\u00a0\u00bb1\/3&Prime;][vc_single_image image=\u00a0\u00bb2505&Prime; img_size=\u00a0\u00bbfull\u00a0\u00bb alignment=\u00a0\u00bbcenter\u00a0\u00bb onclick=\u00a0\u00bbcustom_link\u00a0\u00bb el_class=\u00a0\u00bbproduct-middle-image no-mb\u00a0\u00bb link=\u00a0\u00bb\/micro-pinces-et-ciseaux\/\u00a0\u00bb][vc_custom_heading text=\u00a0\u00bbMicro pinces et ciseaux\u00a0\u00bb font_container=\u00a0\u00bbtag:h5|text_align:center|color:%23ffffff\u00a0\u00bb use_theme_fonts=\u00a0\u00bbyes\u00a0\u00bb el_class=\u00a0\u00bbproducts-middle-title no-mb\u00a0\u00bb link=\u00a0\u00bburl:%2Fmicro-pinces-et-ciseaux%2F|||\u00a0\u00bb][vc_single_image image=\u00a0\u00bb188&Prime; img_size=\u00a0\u00bbfull\u00a0\u00bb alignment=\u00a0\u00bbcenter\u00a0\u00bb onclick=\u00a0\u00bbcustom_link\u00a0\u00bb el_class=\u00a0\u00bbproducts-middle-button no-mb\u00a0\u00bb link=\u00a0\u00bb\/micro-pinces-et-ciseaux\/\u00a0\u00bb][\/vc_column_inner][vc_column_inner el_class=\u00a0\u00bbproducts-middle\u00a0\u00bb width=\u00a0\u00bb1\/3&Prime;][vc_single_image image=\u00a0\u00bb2687&Prime; img_size=\u00a0\u00bbfull\u00a0\u00bb alignment=\u00a0\u00bbcenter\u00a0\u00bb onclick=\u00a0\u00bbcustom_link\u00a0\u00bb el_class=\u00a0\u00bbproduct-middle-image no-mb\u00a0\u00bb link=\u00a0\u00bb\/customeyes\u00a0\u00bb][vc_custom_heading text=\u00a0\u00bbPacks personallis\u00e9s\u00a0\u00bb font_container=\u00a0\u00bbtag:h5|text_align:center|color:%23ffffff\u00a0\u00bb use_theme_fonts=\u00a0\u00bbyes\u00a0\u00bb el_class=\u00a0\u00bbproducts-middle-title no-mb\u00a0\u00bb link=\u00a0\u00bburl:%2Fcustomeyes%2F|||\u00a0\u00bb][vc_single_image image=\u00a0\u00bb188&Prime; img_size=\u00a0\u00bbfull\u00a0\u00bb alignment=\u00a0\u00bbcenter\u00a0\u00bb onclick=\u00a0\u00bbcustom_link\u00a0\u00bb el_class=\u00a0\u00bbproducts-middle-button no-mb\u00a0\u00bb link=\u00a0\u00bb\/customeyes\u00a0\u00bb][\/vc_column_inner][\/vc_row_inner][vc_empty_space height=\u00a0\u00bb30px\u00a0\u00bb][\/vc_column][\/vc_row]<\/p>\n<p><\/p>","protected":false},"excerpt":{"rendered":"<p>[vc_row full_width=\u00a0\u00bbstretch_row_content_no_spaces\u00a0\u00bb el_class=\u00a0\u00bbprocedure-hero\u00a0\u00bb][vc_column][vc_single_image image=\u00a0\u00bb3028&Prime; img_size=\u00a0\u00bbfull\u00a0\u00bb alignment=\u00a0\u00bbcenter\u00a0\u00bb el_class=\u00a0\u00bbno-mb infinite-image desktop-image\u00a0\u00bb][vc_single_image image=\u00a0\u00bb3357&Prime; img_size=\u00a0\u00bbfull\u00a0\u00bb alignment=\u00a0\u00bbcenter\u00a0\u00bb el_class=\u00a0\u00bbno-mb infinite-image mobile-image\u00a0\u00bb][vc_custom_heading text=\u00a0\u00bbConsommables\u00a0\u00bb font_container=\u00a0\u00bbtag:h1|text_align:left|color:%23ffffff|line_height:1&Prime; use_theme_fonts=\u00a0\u00bbyes\u00a0\u00bb][vc_raw_html el_class=\u00a0\u00bbno-mb\u00a0\u00bb]JTNDaDYlMjBjbGFzcyUzRCUyMmhlYWQtYnJlYWRjcnVtYiUyMiUzRSUzQ2ElMjBocmVmJTNEJTIyJTJGJTIyJTNFQWNjdWVpbCUzQyUyRmElM0UlMjAlMkYlMjBDb25zb21tYWJsZXMlM0MlMkZoNiUzRQ==[\/vc_raw_html][\/vc_column][\/vc_row][vc_row full_width=\u00a0\u00bbstretch_row\u00a0\u00bb css=\u00a0\u00bb.vc_custom_1634817293380{background-color: #ffffff !important;}\u00a0\u00bb][vc_column css=\u00a0\u00bb.vc_custom_1639058003306{padding-top: 0px !important;padding-bottom: 10px !important;}\u00a0\u00bb][vc_column_text el_class=\u00a0\u00bbprocedure-introduction\u00a0\u00bb css=\u00a0\u00bb.vc_custom_1660136748555{margin-top: 50px !important;}\u00a0\u00bb]BVI fabrique et distribue une large gamme d&rsquo;accessoires, d&rsquo;instruments \u00e0 usage unique et de packs de proc\u00e9dures personnalis\u00e9s pour vos chirgurgies ophtalmiques.[\/vc_column_text][\/vc_column][\/vc_row][vc_row full_width=\u00a0\u00bbstretch_row\u00a0\u00bb css=\u00a0\u00bb.vc_custom_1634817293380{background-color: [&hellip;]<\/p>\n","protected":false},"author":2,"featured_media":0,"parent":0,"menu_order":0,"comment_status":"closed","ping_status":"closed","template":"fullwidth.php","meta":{"_acf_changed":false,"_relevanssi_hide_post":"","_relevanssi_hide_content":"","_relevanssi_pin_for_all":"","_relevanssi_pin_keywords":"","_relevanssi_unpin_keywords":"","_relevanssi_related_keywords":"","_relevanssi_related_include_ids":"","_relevanssi_related_exclude_ids":"","_relevanssi_related_no_append":"","_relevanssi_related_not_related":"","_relevanssi_related_posts":"","_relevanssi_noindex_reason":"","footnotes":""},"class_list":["post-641","page","type-page","status-publish","hentry"],"acf":[],"_links":{"self":[{"href":"https:\/\/www.bvimedical.be\/fr\/wp-json\/wp\/v2\/pages\/641","targetHints":{"allow":["GET"]}}],"collection":[{"href":"https:\/\/www.bvimedical.be\/fr\/wp-json\/wp\/v2\/pages"}],"about":[{"href":"https:\/\/www.bvimedical.be\/fr\/wp-json\/wp\/v2\/types\/page"}],"author":[{"embeddable":true,"href":"https:\/\/www.bvimedical.be\/fr\/wp-json\/wp\/v2\/users\/2"}],"replies":[{"embeddable":true,"href":"https:\/\/www.bvimedical.be\/fr\/wp-json\/wp\/v2\/comments?post=641"}],"version-history":[{"count":0,"href":"https:\/\/www.bvimedical.be\/fr\/wp-json\/wp\/v2\/pages\/641\/revisions"}],"wp:attachment":[{"href":"https:\/\/www.bvimedical.be\/fr\/wp-json\/wp\/v2\/media?parent=641"}],"curies":[{"name":"wp","href":"https:\/\/api.w.org\/{rel}","templated":true}]}}