{"id":1005,"date":"2021-11-11T11:18:58","date_gmt":"2021-11-11T11:18:58","guid":{"rendered":"https:\/\/bvifr.wpengine.com\/fr\/?post_type=product&#038;p=1005"},"modified":"2024-08-05T08:29:31","modified_gmt":"2024-08-05T08:29:31","slug":"couteaux-et-lames-beaver","status":"publish","type":"product","link":"https:\/\/www.bvimedical.be\/fr\/produit\/couteaux-et-lames-beaver\/","title":{"rendered":"Couteaux et lames Beaver\u00ae"},"content":{"rendered":"<p><strong>DESCRIPTION<\/strong><\/p>\n<p>Les couteaux sont con\u00e7us pour offrir pr\u00e9cision, tranchant et consistance exceptionnels.<\/p>\n<p>Notre bouclier de s\u00e9curit\u00e9 brevet\u00e9 sur les couteaux prot\u00e8ge la lame contre les dommages accidentels lors du passage ou de l&rsquo;utilisation, garantissant une exp\u00e9rience d&rsquo;utilisation r\u00e9guli\u00e8re.<\/p>\n<p>&nbsp;<\/p>\n<p><strong>BROCHURES<\/strong><\/p>\n<p><a href=\"https:\/\/www.bvimedical.be\/wp-content\/uploads\/2024\/08\/BVI-Safety-Knives-Brochure.pdf\" target=\"_blank\" rel=\"noopener\"><img decoding=\"async\" class=\"pdf-link-image\" src=\"https:\/\/bvimedical.be\/wp-content\/uploads\/2021\/11\/brochure.png\" \/>Beaver<sup>\u00ae<\/sup> Safety Knives brochure<b>TELECHARGER<\/b><\/a><\/p>\n<p><a href=\"https:\/\/www.bvimedical.be\/wp-content\/uploads\/2024\/08\/BVI-Cataract-Knives-Brochure.pdf\" target=\"_blank\" rel=\"noopener\"><img decoding=\"async\" class=\"pdf-link-image\" src=\"https:\/\/bvimedical.be\/wp-content\/uploads\/2021\/11\/brochure.png\" \/>Cataract Knives brochure<b>TELECHARGER<\/b><\/a><\/p>\n<p><a href=\"https:\/\/bvimedical.be\/wp-content\/uploads\/2022\/05\/Beaver-Mini-Blade-and-Handle-Portfolio.pdf\" target=\"_blank\" rel=\"noopener\"><img decoding=\"async\" class=\"pdf-link-image\" src=\"https:\/\/bvimedical.be\/wp-content\/uploads\/2021\/11\/brochure.png\" \/>Mini blades brochure<b>TELECHARGER<\/b><\/a><\/p>\n<div class=\"get-us-url\">\n<div>https:\/\/www.bvimedical.be\/wp-content\/uploads\/2023\/11\/BVI-Product-Catalog-2023.pdf<\/div>\n<\/div>\n<p><a class=\"contact-fix uscat\" target=\"_blank\" rel=\"noopener\">Download US Catalog<\/a><\/p>\n<p><a class=\"contact-fix\" href=\"\/contact\">Contactez nous<\/a><\/p>","protected":false},"excerpt":{"rendered":"<p>Couteaux et lames chirurgicaux de haute qualit\u00e9<\/p>\n","protected":false},"featured_media":2481,"template":"","meta":{"_acf_changed":false,"_relevanssi_hide_post":"","_relevanssi_hide_content":"","_relevanssi_pin_for_all":"","_relevanssi_pin_keywords":"","_relevanssi_unpin_keywords":"","_relevanssi_related_keywords":"","_relevanssi_related_include_ids":"","_relevanssi_related_exclude_ids":"","_relevanssi_related_no_append":"","_relevanssi_related_not_related":"","_relevanssi_related_posts":"","_relevanssi_noindex_reason":""},"product_brand":[],"product_cat":[21],"product_tag":[],"class_list":{"0":"post-1005","1":"product","2":"type-product","3":"status-publish","4":"has-post-thumbnail","6":"product_cat-knives-n-blades","8":"first","9":"instock","10":"virtual","11":"product-type-simple"},"acf":[],"_links":{"self":[{"href":"https:\/\/www.bvimedical.be\/fr\/wp-json\/wp\/v2\/product\/1005","targetHints":{"allow":["GET"]}}],"collection":[{"href":"https:\/\/www.bvimedical.be\/fr\/wp-json\/wp\/v2\/product"}],"about":[{"href":"https:\/\/www.bvimedical.be\/fr\/wp-json\/wp\/v2\/types\/product"}],"wp:featuredmedia":[{"embeddable":true,"href":"https:\/\/www.bvimedical.be\/fr\/wp-json\/wp\/v2\/media\/2481"}],"wp:attachment":[{"href":"https:\/\/www.bvimedical.be\/fr\/wp-json\/wp\/v2\/media?parent=1005"}],"wp:term":[{"taxonomy":"product_brand","embeddable":true,"href":"https:\/\/www.bvimedical.be\/fr\/wp-json\/wp\/v2\/product_brand?post=1005"},{"taxonomy":"product_cat","embeddable":true,"href":"https:\/\/www.bvimedical.be\/fr\/wp-json\/wp\/v2\/product_cat?post=1005"},{"taxonomy":"product_tag","embeddable":true,"href":"https:\/\/www.bvimedical.be\/fr\/wp-json\/wp\/v2\/product_tag?post=1005"}],"curies":[{"name":"wp","href":"https:\/\/api.w.org\/{rel}","templated":true}]}}