{"id":1024,"date":"2021-11-11T12:01:41","date_gmt":"2021-11-11T12:01:41","guid":{"rendered":"https:\/\/bvifr.wpengine.com\/fr\/?post_type=product&#038;p=1024"},"modified":"2025-02-27T19:57:40","modified_gmt":"2025-02-27T19:57:40","slug":"op-cover","status":"publish","type":"product","link":"https:\/\/www.bvimedical.be\/fr\/produit\/opcover\/","title":{"rendered":"OP\u2019COVER"},"content":{"rendered":"<p><strong>DESCRIPTION<\/strong><\/p>\n<p>Op\u2019cover est une unidose \u00e0 2.2 % d\u2019HPMC, st\u00e9rile et apyrog\u00e8ne destin\u00e9e \u00e0 prot\u00e9ger la corn\u00e9e durant les examens, et diff\u00e9rents types de chirurgies ophtalmiques ou g\u00e9n\u00e9rales. Une goutte d\u00e9pos\u00e9e sur la corn\u00e9e prot\u00e8ge l\u2019\u0153il de la d\u00e9shydratation et \u00e9vite les abrasions li\u00e9es \u00e0 l\u2019absence de film lacrymal pendant l\u2019anesth\u00e9sie.<\/p>\n<p>&nbsp;<\/p>\n<p><strong>BROCHURES<\/strong><\/p>\n<p><a href=\"https:\/\/www.bvimedical.be\/wp-content\/uploads\/2024\/09\/1576806_02_IN_EN-OPCover-Brochure.pdf\" target=\"_blank\" rel=\"noopener\"><img decoding=\"async\" class=\"pdf-link-image\" src=\"https:\/\/bvimedical.be\/wp-content\/uploads\/2021\/11\/brochure.png\" \/>Brochure OP&rsquo;COVER <b>TELECHARGER<\/b><\/a><\/p>\n<div class=\"get-us-url\">\n<div>https:\/\/www.bvimedical.be\/wp-content\/uploads\/2023\/11\/BVI-Product-Catalog-2023.pdf<\/div>\n<\/div>\n<p><a class=\"contact-fix uscat\" target=\"_blank\" rel=\"noopener\">Download US Catalog<\/a><\/p>\n<p><a class=\"contact-fix\" href=\"\/contact\">Contactez nous<\/a><\/p>","protected":false},"excerpt":{"rendered":"<p>Protection de la surface de la corn\u00e9e.<\/p>\n","protected":false},"featured_media":5979,"template":"","meta":{"_acf_changed":false,"_relevanssi_hide_post":"","_relevanssi_hide_content":"","_relevanssi_pin_for_all":"","_relevanssi_pin_keywords":"","_relevanssi_unpin_keywords":"","_relevanssi_related_keywords":"","_relevanssi_related_include_ids":"","_relevanssi_related_exclude_ids":"","_relevanssi_related_no_append":"","_relevanssi_related_not_related":"","_relevanssi_related_posts":"","_relevanssi_noindex_reason":""},"product_brand":[],"product_cat":[45],"product_tag":[],"class_list":{"0":"post-1024","1":"product","2":"type-product","3":"status-publish","4":"has-post-thumbnail","6":"product_cat-corneal-protection","8":"first","9":"instock","10":"virtual","11":"product-type-simple"},"acf":[],"_links":{"self":[{"href":"https:\/\/www.bvimedical.be\/fr\/wp-json\/wp\/v2\/product\/1024","targetHints":{"allow":["GET"]}}],"collection":[{"href":"https:\/\/www.bvimedical.be\/fr\/wp-json\/wp\/v2\/product"}],"about":[{"href":"https:\/\/www.bvimedical.be\/fr\/wp-json\/wp\/v2\/types\/product"}],"wp:featuredmedia":[{"embeddable":true,"href":"https:\/\/www.bvimedical.be\/fr\/wp-json\/wp\/v2\/media\/5979"}],"wp:attachment":[{"href":"https:\/\/www.bvimedical.be\/fr\/wp-json\/wp\/v2\/media?parent=1024"}],"wp:term":[{"taxonomy":"product_brand","embeddable":true,"href":"https:\/\/www.bvimedical.be\/fr\/wp-json\/wp\/v2\/product_brand?post=1024"},{"taxonomy":"product_cat","embeddable":true,"href":"https:\/\/www.bvimedical.be\/fr\/wp-json\/wp\/v2\/product_cat?post=1024"},{"taxonomy":"product_tag","embeddable":true,"href":"https:\/\/www.bvimedical.be\/fr\/wp-json\/wp\/v2\/product_tag?post=1024"}],"curies":[{"name":"wp","href":"https:\/\/api.w.org\/{rel}","templated":true}]}}