{"id":1030,"date":"2021-11-11T13:34:39","date_gmt":"2021-11-11T13:34:39","guid":{"rendered":"https:\/\/bvifr.wpengine.com\/fr\/?post_type=product&#038;p=1030"},"modified":"2026-02-17T16:05:35","modified_gmt":"2026-02-17T16:05:35","slug":"solution-irrigation-steriles","status":"publish","type":"product","link":"https:\/\/www.bvimedical.be\/fr\/produit\/solution-irrigation-steriles\/","title":{"rendered":"Solutions d\u2019irrigation st\u00e9riles"},"content":{"rendered":"<p><strong>DESCRIPTION<\/strong><\/p>\n<p>Chez BVI, nous proposons une gamme de solutions d\u2019irrigation st\u00e9riles de haute qualit\u00e9, con\u00e7ues pour r\u00e9pondre \u00e0 divers besoins cliniques et proc\u00e9duraux, qui inclut les produits suivants :<br \/>\nAqure\u2122 20 ml (flacon plastique) et Aqure\u2122 500 ml (disponible en flacons en verre ou en plastique) sont des solutions d\u2019irrigation st\u00e9riles et physiologiques destin\u00e9es aux proc\u00e9dures ophtalmiques. Elles sont indiqu\u00e9es pour l\u2019irrigation de la chambre ant\u00e9rieure lors de la chirurgie de la cataracte, ainsi que pour d\u2019autres proc\u00e9dures intraoculaires ou extraoculaires, y compris des applications th\u00e9rapeutiques ou diagnostiques n\u00e9cessitant une irrigation ou le maintien de l\u2019humidit\u00e9.<br \/>\nAqueo Premium\u2122 est une solution saline enrichie con\u00e7ue pour soutenir l\u2019int\u00e9grit\u00e9 anatomique et physiologique des tissus intraoculaires pendant la chirurgie ophtalmique. Formul\u00e9e avec un antioxydant (glutathion), un agent tampon (bicarbonate de sodium) et une source d\u2019\u00e9nergie (glucose), elle reproduit fid\u00e8lement la composition chimique naturelle de l\u2019humeur aqueuse et de l\u2019humeur vitr\u00e9e. Cette formulation \u00e9quilibr\u00e9e assure une protection fiable lors des interventions portant sur les segments ant\u00e9rieur et post\u00e9rieur, contribuant au maintien de la stabilit\u00e9 tissulaire tout au long de l\u2019intervention chirurgicale.<\/p>\n<div class=\"get-us-url\">\n<div>https:\/\/www.bvimedical.be\/wp-content\/uploads\/2023\/11\/BVI-Product-Catalog-2023.pdf<\/div>\n<\/div>\n<p><a class=\"btntds\" style=\"width: 430px; margin-bottom: 20px;\" href=\"https:\/\/www.bvimedical.be\/wp-content\/uploads\/2026\/02\/FT_Aqure-20ml_FR.pdf\" target=\"_blank\" rel=\"noopener\">Fiche technique Aqure flacon en PP de 20 ml<\/a><br \/>\n<a class=\"btntds\" style=\"width: 430px; margin-bottom: 20px;\" href=\"https:\/\/www.bvimedical.be\/wp-content\/uploads\/2026\/02\/FT_Aqure-500ml-Glass_FR.pdf\" target=\"_blank\" rel=\"noopener\">Fiche technique Aqure flacon en verre de 500 ml<\/a><br \/>\n<a class=\"btntds\" style=\"width: 430px; margin-bottom: 20px;\" href=\"https:\/\/www.bvimedical.be\/wp-content\/uploads\/2026\/02\/FT_Aqure-500ml-PP_FR.pdf\" target=\"_blank\" rel=\"noopener\">Fiche technique Aqure flacon en plastique de 500 ml<\/a><br \/>\n<a class=\"contact-fix uscat\" target=\"_blank\" rel=\"noopener\">Download US Catalog<\/a><\/p>\n<p><a class=\"contact-fix\" href=\"\/contact\">Contactez nous<\/a><\/p>","protected":false},"excerpt":{"rendered":"<p><i style=\"color: white;\">.<\/i><\/p>\n","protected":false},"featured_media":6129,"template":"","meta":{"_acf_changed":false,"_relevanssi_hide_post":"","_relevanssi_hide_content":"","_relevanssi_pin_for_all":"","_relevanssi_pin_keywords":"","_relevanssi_unpin_keywords":"","_relevanssi_related_keywords":"","_relevanssi_related_include_ids":"","_relevanssi_related_exclude_ids":"","_relevanssi_related_no_append":"","_relevanssi_related_not_related":"","_relevanssi_related_posts":"","_relevanssi_noindex_reason":""},"product_brand":[],"product_cat":[23],"product_tag":[],"class_list":{"0":"post-1030","1":"product","2":"type-product","3":"status-publish","4":"has-post-thumbnail","6":"product_cat-saline-solutions","8":"first","9":"instock","10":"virtual","11":"product-type-simple"},"acf":[],"_links":{"self":[{"href":"https:\/\/www.bvimedical.be\/fr\/wp-json\/wp\/v2\/product\/1030","targetHints":{"allow":["GET"]}}],"collection":[{"href":"https:\/\/www.bvimedical.be\/fr\/wp-json\/wp\/v2\/product"}],"about":[{"href":"https:\/\/www.bvimedical.be\/fr\/wp-json\/wp\/v2\/types\/product"}],"wp:featuredmedia":[{"embeddable":true,"href":"https:\/\/www.bvimedical.be\/fr\/wp-json\/wp\/v2\/media\/6129"}],"wp:attachment":[{"href":"https:\/\/www.bvimedical.be\/fr\/wp-json\/wp\/v2\/media?parent=1030"}],"wp:term":[{"taxonomy":"product_brand","embeddable":true,"href":"https:\/\/www.bvimedical.be\/fr\/wp-json\/wp\/v2\/product_brand?post=1030"},{"taxonomy":"product_cat","embeddable":true,"href":"https:\/\/www.bvimedical.be\/fr\/wp-json\/wp\/v2\/product_cat?post=1030"},{"taxonomy":"product_tag","embeddable":true,"href":"https:\/\/www.bvimedical.be\/fr\/wp-json\/wp\/v2\/product_tag?post=1030"}],"curies":[{"name":"wp","href":"https:\/\/api.w.org\/{rel}","templated":true}]}}