{"id":1032,"date":"2021-11-11T13:52:37","date_gmt":"2021-11-11T13:52:37","guid":{"rendered":"https:\/\/bvifr.wpengine.com\/fr\/?post_type=product&#038;p=1032"},"modified":"2025-05-08T21:59:20","modified_gmt":"2025-05-08T21:59:20","slug":"monoblue-safr","status":"publish","type":"product","link":"https:\/\/www.bvimedical.be\/fr\/produit\/fr-produit-monoblue-safr-safe-for-rhexis\/","title":{"rendered":"MONOBLUE SafR (Safe for Rhexis)"},"content":{"rendered":"<p><strong>DESCRIPTION<\/strong><\/p>\n<p>Aide \u00e0 la r\u00e9alisation du capsulorhexis et aux autres utilisations en segment ant\u00e9rieur, am\u00e9liore la tol\u00e9rance du bleu trypan gr\u00e2ce \u00e0 une purification de la mati\u00e8re premi\u00e8re et l\u2019ajout de mannitol.<\/p>\n<p>&nbsp;<\/p>\n<p><strong>BROCHURES<\/strong><\/p>\n<p><a href=\"https:\/\/www.bvimedical.fr\/wp-content\/uploads\/2025\/02\/021725_Fiche-Technique-Monoblue-SAfr.pdf\" target=\"_blank\" rel=\"noopener\"><img decoding=\"async\" class=\"pdf-link-image\" src=\"https:\/\/bvimedical.be\/wp-content\/uploads\/2021\/11\/brochure.png\" \/>MONOBLUE SafR brochure<b>TELECHARGER<\/b><\/a><\/p>\n<div class=\"get-us-url\">\n<div>https:\/\/www.bvimedical.be\/wp-content\/uploads\/2023\/11\/BVI-Product-Catalog-2023.pdf<\/div>\n<\/div>\n<p><a class=\"contact-fix uscat\" target=\"_blank\" rel=\"noopener\">Download US Catalog<\/a><\/p>\n<p><a class=\"contact-fix\" href=\"\/contact\">Contactez nous<\/a><\/p>","protected":false},"excerpt":{"rendered":"<p>Bleu de trypan purifi\u00e9; v\u00e9hicule isotonique tamponn\u00e9<\/p>\n","protected":false},"featured_media":5975,"template":"","meta":{"_acf_changed":false,"_relevanssi_hide_post":"","_relevanssi_hide_content":"","_relevanssi_pin_for_all":"","_relevanssi_pin_keywords":"","_relevanssi_unpin_keywords":"","_relevanssi_related_keywords":"","_relevanssi_related_include_ids":"","_relevanssi_related_exclude_ids":"","_relevanssi_related_no_append":"","_relevanssi_related_not_related":"","_relevanssi_related_posts":"","_relevanssi_noindex_reason":""},"product_brand":[],"product_cat":[24],"product_tag":[],"class_list":{"0":"post-1032","1":"product","2":"type-product","3":"status-publish","4":"has-post-thumbnail","6":"product_cat-surgical-dyes","8":"first","9":"instock","10":"virtual","11":"product-type-simple"},"acf":[],"_links":{"self":[{"href":"https:\/\/www.bvimedical.be\/fr\/wp-json\/wp\/v2\/product\/1032","targetHints":{"allow":["GET"]}}],"collection":[{"href":"https:\/\/www.bvimedical.be\/fr\/wp-json\/wp\/v2\/product"}],"about":[{"href":"https:\/\/www.bvimedical.be\/fr\/wp-json\/wp\/v2\/types\/product"}],"wp:featuredmedia":[{"embeddable":true,"href":"https:\/\/www.bvimedical.be\/fr\/wp-json\/wp\/v2\/media\/5975"}],"wp:attachment":[{"href":"https:\/\/www.bvimedical.be\/fr\/wp-json\/wp\/v2\/media?parent=1032"}],"wp:term":[{"taxonomy":"product_brand","embeddable":true,"href":"https:\/\/www.bvimedical.be\/fr\/wp-json\/wp\/v2\/product_brand?post=1032"},{"taxonomy":"product_cat","embeddable":true,"href":"https:\/\/www.bvimedical.be\/fr\/wp-json\/wp\/v2\/product_cat?post=1032"},{"taxonomy":"product_tag","embeddable":true,"href":"https:\/\/www.bvimedical.be\/fr\/wp-json\/wp\/v2\/product_tag?post=1032"}],"curies":[{"name":"wp","href":"https:\/\/api.w.org\/{rel}","templated":true}]}}