{"id":1035,"date":"2021-11-11T14:07:55","date_gmt":"2021-11-11T14:07:55","guid":{"rendered":"https:\/\/bvifr.wpengine.com\/fr\/?post_type=product&#038;p=1035"},"modified":"2024-04-05T15:06:05","modified_gmt":"2024-04-05T15:06:05","slug":"electrodes","status":"publish","type":"product","link":"https:\/\/www.bvimedical.be\/fr\/produit\/electrodes\/","title":{"rendered":"Electrodes"},"content":{"rendered":"<p><strong>DESCRIPTION<\/strong><\/p>\n<div class=\"ewa-rteLine\">La gamme d\u2019instruments Eraser de BVI offre une gamme de dispositifs medicaux pour l\u2019\u00e9lectro chirurgie pour les proc\u00e9dures vitr\u00e9o-r\u00e9tiniennes, du glaucome et de la cataracte. Ces instruments permettent une coagulation cibl\u00e9e en minimisant le traumatisme tissulaire et la n\u00e9crose cellulaire p\u00e9riph\u00e9rique.<\/div>\n<p>&nbsp;<\/p>\n<p><strong>BROCHURES<\/strong><\/p>\n<p><a href=\"https:\/\/bvimedical.be\/wp-content\/uploads\/2021\/12\/WetField\u00ae-Eraser\u00ae-Brochure-1517867-01_IN.pdf\" target=\"_blank\" rel=\"noopener\"><img decoding=\"async\" class=\"pdf-link-image\" src=\"https:\/\/bvimedical.be\/wp-content\/uploads\/2021\/11\/brochure.png\" \/>Brochure Wet-Field\u00ae Eraser\u00ae <b>TELECHARGER<\/b><\/a><\/p>\n<p>&nbsp;<\/p>\n<div class=\"get-us-url\">\n<div>https:\/\/www.bvimedical.be\/wp-content\/uploads\/2023\/11\/BVI-Product-Catalog-2023.pdf<\/div>\n<\/div>\n<p><a class=\"contact-fix uscat\" target=\"_blank\" rel=\"noopener\">Download US Catalog<\/a><\/p>\n<p><a class=\"contact-fix\" href=\"\/contact\">Contactez nous<\/a><\/p>","protected":false},"excerpt":{"rendered":"<p><i style=\"color: white;\">.<\/i><\/p>\n","protected":false},"featured_media":2454,"template":"","meta":{"_acf_changed":false,"_relevanssi_hide_post":"","_relevanssi_hide_content":"","_relevanssi_pin_for_all":"","_relevanssi_pin_keywords":"","_relevanssi_unpin_keywords":"","_relevanssi_related_keywords":"","_relevanssi_related_include_ids":"","_relevanssi_related_exclude_ids":"","_relevanssi_related_no_append":"","_relevanssi_related_not_related":"","_relevanssi_related_posts":"","_relevanssi_noindex_reason":""},"product_brand":[],"product_cat":[25],"product_tag":[],"class_list":{"0":"post-1035","1":"product","2":"type-product","3":"status-publish","4":"has-post-thumbnail","6":"product_cat-electrosurgery","8":"first","9":"instock","10":"virtual","11":"product-type-simple"},"acf":[],"_links":{"self":[{"href":"https:\/\/www.bvimedical.be\/fr\/wp-json\/wp\/v2\/product\/1035","targetHints":{"allow":["GET"]}}],"collection":[{"href":"https:\/\/www.bvimedical.be\/fr\/wp-json\/wp\/v2\/product"}],"about":[{"href":"https:\/\/www.bvimedical.be\/fr\/wp-json\/wp\/v2\/types\/product"}],"wp:featuredmedia":[{"embeddable":true,"href":"https:\/\/www.bvimedical.be\/fr\/wp-json\/wp\/v2\/media\/2454"}],"wp:attachment":[{"href":"https:\/\/www.bvimedical.be\/fr\/wp-json\/wp\/v2\/media?parent=1035"}],"wp:term":[{"taxonomy":"product_brand","embeddable":true,"href":"https:\/\/www.bvimedical.be\/fr\/wp-json\/wp\/v2\/product_brand?post=1035"},{"taxonomy":"product_cat","embeddable":true,"href":"https:\/\/www.bvimedical.be\/fr\/wp-json\/wp\/v2\/product_cat?post=1035"},{"taxonomy":"product_tag","embeddable":true,"href":"https:\/\/www.bvimedical.be\/fr\/wp-json\/wp\/v2\/product_tag?post=1035"}],"curies":[{"name":"wp","href":"https:\/\/api.w.org\/{rel}","templated":true}]}}