{"id":1059,"date":"2021-11-11T15:00:20","date_gmt":"2021-11-11T15:00:20","guid":{"rendered":"https:\/\/bvifr.wpengine.com\/fr\/?post_type=product&#038;p=1059"},"modified":"2025-12-24T23:19:36","modified_gmt":"2025-12-24T23:19:36","slug":"endo-optiks","status":"publish","type":"product","link":"https:\/\/www.bvimedical.be\/fr\/produit\/fr-endo-optiks\/","title":{"rendered":"Endo Optiks<sup>\u00ae<\/sup>"},"content":{"rendered":"<p><strong>L&rsquo;endoscopie dans la chirurgie du glaucome<\/strong><\/p>\n<p>Le syst\u00e8me d\u2019endoscopie laser ophtalmique\u00a0E2 offre une approche mini-invasive de la chirurgie du glaucome (MIGS). La cyclophotocoagulation endoscopique (ECP) r\u00e9duit la pression intraoculaire (PIO) de vos patients et le nombre de prescriptions de m\u00e9dicaments contre le glaucome.<\/p>\n<p><strong>L&rsquo;endoscopie dans la chirurgie de la r\u00e9tine<\/strong><\/p>\n<p>Le syst\u00e8me\u00a0E4 est un outil polyvalent qui offre une vue compl\u00e8te de l\u2019anatomie de l\u2019\u0153il. La vue endoscopique offre l\u2019avantage unique d\u2019une visualisation directe lors des chirurgies des segments ant\u00e9rieurs et post\u00e9rieurs. Exemples\u00a0: v\u00e9rification de la pose de l\u2019implant intraoculaire, retrait des implants disloqu\u00e9s et des corps \u00e9trangers, examen de la r\u00e9tine p\u00e9riph\u00e9rique, de la pars\u00a0plana et des proc\u00e8s ciliaires. L\u2019imagerie et l\u2019\u00e9clairage coaxiaux sont particuli\u00e8rement utiles pendant la vitrectomie ordinaire.<\/p>\n<p><strong>BROCHURES<\/strong><\/p>\n<p><a href=\"https:\/\/www.bvimedical.com\/wp-content\/uploads\/2025\/12\/122425_1530784-03-Endo-Optiks-E2-E4-Brochure-2025.pdf\"><img decoding=\"async\" class=\"pdf-link-image\" src=\"https:\/\/bvimedical.be\/wp-content\/uploads\/2021\/11\/brochure.png\" \/>Brochure Endo Optiks\u00ae E2\/E4 <b>TELECHARGER<\/b><\/a><\/p>\n<div class=\"get-us-url\">\n<div>https:\/\/www.bvimedical.be\/wp-content\/uploads\/2023\/11\/BVI-Product-Catalog-2023.pdf<\/div>\n<\/div>\n<p><a class=\"contact-fix uscat\" target=\"_blank\" rel=\"noopener\">Download US Catalog<\/a><\/p>\n<p><a class=\"contact-fix\" href=\"\/contact\">Contactez nous<\/a><\/p>\n<p>&nbsp;<\/p>\n<p>*S. Chien Wong, Thomas C. Lee, Jeffrey S. Heier, and Allen C. Ho. Endoscopic vitrectomy. Curr Opin Ophthalmol 2014,25:195-206<\/p>","protected":false},"excerpt":{"rendered":"<p>BVI est fier de proposer des solutions efficaces d\u2019endoscopie laser pour une grande vari\u00e9t\u00e9 de besoins chirurgicaux, y\u00a0compris la cyclophotocoagulation endoscopique (ECP) pour le traitement du glaucome. La microendoscopie laser offre une occasion unique de visualiser l\u2019int\u00e9rieur de l\u2019\u0153il et de traiter des pathologies par abord ant\u00e9rieur ou post\u00e9rieur.<\/p>\n","protected":false},"featured_media":3553,"template":"","meta":{"_acf_changed":false,"_relevanssi_hide_post":"","_relevanssi_hide_content":"","_relevanssi_pin_for_all":"","_relevanssi_pin_keywords":"","_relevanssi_unpin_keywords":"","_relevanssi_related_keywords":"","_relevanssi_related_include_ids":"","_relevanssi_related_exclude_ids":"","_relevanssi_related_no_append":"","_relevanssi_related_not_related":"","_relevanssi_related_posts":"","_relevanssi_noindex_reason":""},"product_brand":[],"product_cat":[28],"product_tag":[],"class_list":{"0":"post-1059","1":"product","2":"type-product","3":"status-publish","4":"has-post-thumbnail","6":"product_cat-endoscopy-system","8":"first","9":"instock","10":"virtual","11":"product-type-simple"},"acf":[],"_links":{"self":[{"href":"https:\/\/www.bvimedical.be\/fr\/wp-json\/wp\/v2\/product\/1059","targetHints":{"allow":["GET"]}}],"collection":[{"href":"https:\/\/www.bvimedical.be\/fr\/wp-json\/wp\/v2\/product"}],"about":[{"href":"https:\/\/www.bvimedical.be\/fr\/wp-json\/wp\/v2\/types\/product"}],"wp:featuredmedia":[{"embeddable":true,"href":"https:\/\/www.bvimedical.be\/fr\/wp-json\/wp\/v2\/media\/3553"}],"wp:attachment":[{"href":"https:\/\/www.bvimedical.be\/fr\/wp-json\/wp\/v2\/media?parent=1059"}],"wp:term":[{"taxonomy":"product_brand","embeddable":true,"href":"https:\/\/www.bvimedical.be\/fr\/wp-json\/wp\/v2\/product_brand?post=1059"},{"taxonomy":"product_cat","embeddable":true,"href":"https:\/\/www.bvimedical.be\/fr\/wp-json\/wp\/v2\/product_cat?post=1059"},{"taxonomy":"product_tag","embeddable":true,"href":"https:\/\/www.bvimedical.be\/fr\/wp-json\/wp\/v2\/product_tag?post=1059"}],"curies":[{"name":"wp","href":"https:\/\/api.w.org\/{rel}","templated":true}]}}