{"id":1098,"date":"2021-11-16T15:45:07","date_gmt":"2021-11-16T15:45:07","guid":{"rendered":"https:\/\/bvifr.wpengine.com\/fr\/?post_type=product&#038;p=1098"},"modified":"2024-04-05T15:04:10","modified_gmt":"2024-04-05T15:04:10","slug":"instruments-a-usage-unique","status":"publish","type":"product","link":"https:\/\/www.bvimedical.be\/fr\/produit\/instruments-a-usage-unique\/","title":{"rendered":"Instruments \u00e0 usage unique"},"content":{"rendered":"<p><strong>DESCRIPTION<\/strong><\/p>\n<p>Nos instruments \u00e0 usage unique et sets \u00e0 usage unique de haute qualit\u00e9 permettent aux chirurgiens d&rsquo;avoir les bons instruments pour diverses proc\u00e9dures ophtalmiques et contribuent \u00e0 am\u00e9liorer l&rsquo;efficacit\u00e9 de la salle d&rsquo;op\u00e9ration. La charge de rest\u00e9riliser ou r\u00e9parer les instruments endommag\u00e9s disparait, ce qui contribue \u00e0 augmenter encore l&rsquo;efficacit\u00e9 op\u00e9rationnelle. Notre gamme d&rsquo;instruments \u00e0 usage unique comprend : des pinces, des porte-aiguilles, des manipulateurs, des ciseaux, des sp\u00e9culums, extenseur de pupille I-Ring,\u2026 et plus encore.<\/p>\n<p>&nbsp;<\/p>\n<p><strong>BROCHURES<\/strong><\/p>\n<p><a href=\"https:\/\/bvimedical.be\/wp-content\/uploads\/2021\/12\/1518464-01-IN-BVI-Malosa-Single-Use-Instruments-Core-Brochure-A4-v15.pdf\" target=\"_blank\" rel=\"noopener\"><img decoding=\"async\" class=\"pdf-link-image\" src=\"https:\/\/bvimedical.be\/wp-content\/uploads\/2021\/11\/brochure.png\" \/>Malosa<sup>\u00ae<\/sup> Portfolio<b>TELECHARGER<\/b><\/a><\/p>\n<p><a href=\"https:\/\/bvimedical.be\/wp-content\/uploads\/2022\/02\/Malosa\u00ae-Refractive-Catalogue-1548688-01-IN.pdf\" target=\"_blank\" rel=\"noopener\"><img decoding=\"async\" class=\"pdf-link-image\" src=\"https:\/\/bvimedical.be\/wp-content\/uploads\/2021\/11\/brochure.png\" \/>Malosa<sup>\u00ae<\/sup> Refractive Catalog<b>TELECHARGER<\/b><\/a><\/p>\n<div class=\"get-us-url\">\n<div>https:\/\/www.bvimedical.be\/wp-content\/uploads\/2023\/11\/BVI-Product-Catalog-2023.pdf<\/div>\n<\/div>\n<p><a class=\"contact-fix uscat\" target=\"_blank\" rel=\"noopener\">Download US Catalog<\/a><\/p>\n<p><a class=\"contact-fix\" href=\"\/contact\">Contactez nous<\/a><\/p>","protected":false},"excerpt":{"rendered":"<p><i style=\"color: white;\">.<\/i><\/p>\n","protected":false},"featured_media":4024,"template":"","meta":{"_acf_changed":false,"_relevanssi_hide_post":"","_relevanssi_hide_content":"","_relevanssi_pin_for_all":"","_relevanssi_pin_keywords":"","_relevanssi_unpin_keywords":"","_relevanssi_related_keywords":"","_relevanssi_related_include_ids":"","_relevanssi_related_exclude_ids":"","_relevanssi_related_no_append":"","_relevanssi_related_not_related":"","_relevanssi_related_posts":"","_relevanssi_noindex_reason":""},"product_brand":[],"product_cat":[27],"product_tag":[],"class_list":{"0":"post-1098","1":"product","2":"type-product","3":"status-publish","4":"has-post-thumbnail","6":"product_cat-single-use-instruments","8":"first","9":"instock","10":"virtual","11":"product-type-simple"},"acf":[],"_links":{"self":[{"href":"https:\/\/www.bvimedical.be\/fr\/wp-json\/wp\/v2\/product\/1098","targetHints":{"allow":["GET"]}}],"collection":[{"href":"https:\/\/www.bvimedical.be\/fr\/wp-json\/wp\/v2\/product"}],"about":[{"href":"https:\/\/www.bvimedical.be\/fr\/wp-json\/wp\/v2\/types\/product"}],"wp:featuredmedia":[{"embeddable":true,"href":"https:\/\/www.bvimedical.be\/fr\/wp-json\/wp\/v2\/media\/4024"}],"wp:attachment":[{"href":"https:\/\/www.bvimedical.be\/fr\/wp-json\/wp\/v2\/media?parent=1098"}],"wp:term":[{"taxonomy":"product_brand","embeddable":true,"href":"https:\/\/www.bvimedical.be\/fr\/wp-json\/wp\/v2\/product_brand?post=1098"},{"taxonomy":"product_cat","embeddable":true,"href":"https:\/\/www.bvimedical.be\/fr\/wp-json\/wp\/v2\/product_cat?post=1098"},{"taxonomy":"product_tag","embeddable":true,"href":"https:\/\/www.bvimedical.be\/fr\/wp-json\/wp\/v2\/product_tag?post=1098"}],"curies":[{"name":"wp","href":"https:\/\/api.w.org\/{rel}","templated":true}]}}