{"id":1135,"date":"2021-11-19T14:32:01","date_gmt":"2021-11-19T14:32:01","guid":{"rendered":"https:\/\/bvifr.wpengine.com\/fr\/?post_type=product&#038;p=1135"},"modified":"2024-04-05T14:56:54","modified_gmt":"2024-04-05T14:56:54","slug":"manipulateurs","status":"publish","type":"product","link":"https:\/\/www.bvimedical.be\/fr\/produit\/manipulateurs\/","title":{"rendered":"Manipulateurs"},"content":{"rendered":"<p><strong>DESCRIPTION<\/strong><\/p>\n<p>Pointe en silicone r\u00e9tractable avec structure nervur\u00e9e sp\u00e9ciale pour manipuler la surface r\u00e9tinienne La pointe en silicone est une pointe de couleur verte pour une diff\u00e9renciation visuelle claire avec la surface r\u00e9tinienne rouge. La pointe r\u00e9tractable aide \u00e0 une insertion en douceur \u00e0 travers les syst\u00e8mes d&rsquo;entr\u00e9e. Structure de pointe sans particules de diamant &#8211; con\u00e7ue pour r\u00e9duire le risque de perte de particules \u00e0 l&rsquo;int\u00e9rieur de l&rsquo;\u0153il.<\/p>\n<p>&nbsp;<\/p>\n<p><strong>BROCHURES<\/strong><\/p>\n<p><a href=\"https:\/\/bvimedical.be\/wp-content\/uploads\/2021\/11\/1614928-01-IN_RetractableTissueManipulator_Vitreq-1.pdf\"><img decoding=\"async\" class=\"pdf-link-image\" src=\"https:\/\/bvimedical.be\/wp-content\/uploads\/2021\/11\/brochure.png\" \/>Tissue manipulators brochure (International)<b>TELECHARGER<\/b><\/a><\/p>\n<div class=\"get-us-url\">\n<div>https:\/\/www.bvimedical.be\/wp-content\/uploads\/2023\/11\/BVI-Product-Catalog-2023.pdf<\/div>\n<\/div>\n<p><a class=\"contact-fix uscat\" target=\"_blank\" rel=\"noopener\">Download US Catalog<\/a><\/p>\n<p><a class=\"contact-fix\" href=\"\/contact\">Contactez nous<\/a><\/p>","protected":false},"excerpt":{"rendered":"<p>Brossage et manipulation atraumatiques de la surface r\u00e9tinienne<\/p>\n","protected":false},"featured_media":2525,"template":"","meta":{"_acf_changed":false,"_relevanssi_hide_post":"","_relevanssi_hide_content":"","_relevanssi_pin_for_all":"","_relevanssi_pin_keywords":"","_relevanssi_unpin_keywords":"","_relevanssi_related_keywords":"","_relevanssi_related_include_ids":"","_relevanssi_related_exclude_ids":"","_relevanssi_related_no_append":"","_relevanssi_related_not_related":"","_relevanssi_related_posts":"","_relevanssi_noindex_reason":""},"product_brand":[],"product_cat":[33],"product_tag":[],"class_list":{"0":"post-1135","1":"product","2":"type-product","3":"status-publish","4":"has-post-thumbnail","6":"product_cat-manipulateurs","8":"first","9":"instock","10":"virtual","11":"product-type-simple"},"acf":[],"_links":{"self":[{"href":"https:\/\/www.bvimedical.be\/fr\/wp-json\/wp\/v2\/product\/1135","targetHints":{"allow":["GET"]}}],"collection":[{"href":"https:\/\/www.bvimedical.be\/fr\/wp-json\/wp\/v2\/product"}],"about":[{"href":"https:\/\/www.bvimedical.be\/fr\/wp-json\/wp\/v2\/types\/product"}],"wp:featuredmedia":[{"embeddable":true,"href":"https:\/\/www.bvimedical.be\/fr\/wp-json\/wp\/v2\/media\/2525"}],"wp:attachment":[{"href":"https:\/\/www.bvimedical.be\/fr\/wp-json\/wp\/v2\/media?parent=1135"}],"wp:term":[{"taxonomy":"product_brand","embeddable":true,"href":"https:\/\/www.bvimedical.be\/fr\/wp-json\/wp\/v2\/product_brand?post=1135"},{"taxonomy":"product_cat","embeddable":true,"href":"https:\/\/www.bvimedical.be\/fr\/wp-json\/wp\/v2\/product_cat?post=1135"},{"taxonomy":"product_tag","embeddable":true,"href":"https:\/\/www.bvimedical.be\/fr\/wp-json\/wp\/v2\/product_tag?post=1135"}],"curies":[{"name":"wp","href":"https:\/\/api.w.org\/{rel}","templated":true}]}}