{"id":1139,"date":"2021-11-19T14:39:09","date_gmt":"2021-11-19T14:39:09","guid":{"rendered":"https:\/\/bvifr.wpengine.com\/fr\/?post_type=product&#038;p=1139"},"modified":"2024-04-05T14:55:42","modified_gmt":"2024-04-05T14:55:42","slug":"squeezers","status":"publish","type":"product","link":"https:\/\/www.bvimedical.be\/fr\/produit\/squeezers\/","title":{"rendered":"Squeezers"},"content":{"rendered":"<p><strong>Description<\/strong><\/p>\n<p>Dispositif d&rsquo;injection unique en forme de crayon qui permet aux chirurgiens d&rsquo;injecter des colorants et des liquides perfluorocarbon\u00e9s avec une grande pr\u00e9cision.<br \/>\nAvec le \u00ab\u00a0Squeezer\u00a0\u00bb, les chirurgiens ont le contr\u00f4le n\u00e9cessaire pour injecter des colorants et des liquides perfluorocarbon\u00e9s d&rsquo;une seule main. La poign\u00e9e d&rsquo;injection du Squeezer est la m\u00eame que la poign\u00e9e famili\u00e8re et s\u00fbre du crayon utilis\u00e9e lors de l&rsquo;utilisation de forceps, d&rsquo;instruments de rin\u00e7age et d&rsquo;autres instruments chirurgicaux, ainsi que de seringues redondantes pr\u00e9sentant des risques potentiels d&rsquo;injection incontr\u00f4l\u00e9e.<\/p>\n<div class=\"get-us-url\">\n<div>https:\/\/www.bvimedical.be\/wp-content\/uploads\/2023\/11\/BVI-Product-Catalog-2023.pdf<\/div>\n<\/div>\n<p><a class=\"contact-fix uscat\" target=\"_blank\" rel=\"noopener\">Download US Catalog<\/a><\/p>\n<p><a class=\"contact-fix\" href=\"\/contact\">Contactez nous<\/a><\/p>","protected":false},"excerpt":{"rendered":"<p>Dispositif d&rsquo;injection unique et de haute pr\u00e9cision en forme de crayon pour les colorants et les PFCL<\/p>\n","protected":false},"featured_media":5633,"template":"","meta":{"_acf_changed":false,"_relevanssi_hide_post":"","_relevanssi_hide_content":"","_relevanssi_pin_for_all":"","_relevanssi_pin_keywords":"","_relevanssi_unpin_keywords":"","_relevanssi_related_keywords":"","_relevanssi_related_include_ids":"","_relevanssi_related_exclude_ids":"","_relevanssi_related_no_append":"","_relevanssi_related_not_related":"","_relevanssi_related_posts":"","_relevanssi_noindex_reason":""},"product_brand":[],"product_cat":[34],"product_tag":[],"class_list":{"0":"post-1139","1":"product","2":"type-product","3":"status-publish","4":"has-post-thumbnail","6":"product_cat-squeezers","8":"first","9":"instock","10":"virtual","11":"product-type-simple"},"acf":[],"_links":{"self":[{"href":"https:\/\/www.bvimedical.be\/fr\/wp-json\/wp\/v2\/product\/1139","targetHints":{"allow":["GET"]}}],"collection":[{"href":"https:\/\/www.bvimedical.be\/fr\/wp-json\/wp\/v2\/product"}],"about":[{"href":"https:\/\/www.bvimedical.be\/fr\/wp-json\/wp\/v2\/types\/product"}],"wp:featuredmedia":[{"embeddable":true,"href":"https:\/\/www.bvimedical.be\/fr\/wp-json\/wp\/v2\/media\/5633"}],"wp:attachment":[{"href":"https:\/\/www.bvimedical.be\/fr\/wp-json\/wp\/v2\/media?parent=1139"}],"wp:term":[{"taxonomy":"product_brand","embeddable":true,"href":"https:\/\/www.bvimedical.be\/fr\/wp-json\/wp\/v2\/product_brand?post=1139"},{"taxonomy":"product_cat","embeddable":true,"href":"https:\/\/www.bvimedical.be\/fr\/wp-json\/wp\/v2\/product_cat?post=1139"},{"taxonomy":"product_tag","embeddable":true,"href":"https:\/\/www.bvimedical.be\/fr\/wp-json\/wp\/v2\/product_tag?post=1139"}],"curies":[{"name":"wp","href":"https:\/\/api.w.org\/{rel}","templated":true}]}}