{"id":1153,"date":"2021-11-19T15:39:38","date_gmt":"2021-11-19T15:39:38","guid":{"rendered":"https:\/\/bvifr.wpengine.com\/fr\/?post_type=product&#038;p=1153"},"modified":"2025-03-03T20:02:11","modified_gmt":"2025-03-03T20:02:11","slug":"arceole","status":"publish","type":"product","link":"https:\/\/www.bvimedical.be\/fr\/produit\/arceole\/","title":{"rendered":"ARCEOLE"},"content":{"rendered":"<p><strong>DESCRIPTION<\/strong><\/p>\n<p>Arc\u00e9ole est un set d\u2019injection pr\u00eat \u00e0 l\u2019emploi de gaz ophtalmique pour le tamponnement interne de la r\u00e9tine. Il facilite l\u2019usage des gaz au bloc. Le set st\u00e9rile \u00e0 usage unique et apyrog\u00e8ne est pr\u00e9sent\u00e9 avec un filtre 0,22\u00b5m valid\u00e9, seringue et canule. ARCEOLE est un r\u00e9servoir unidose de l\u2019un des trois gaz suivants : SF6 (hexafluorure de soufre), C2F6 (Hexafluoro\u00e9thane), C3F8 (Octafluoropropane).<\/p>\n<p>&nbsp;<\/p>\n<p><strong>BROCHURES<\/strong><\/p>\n<p><a href=\"https:\/\/www.bvimedical.be\/wp-content\/uploads\/2024\/09\/1576799_02_IN_EN-Arceole-Brochure.pdf\" target=\"_blank\" rel=\"noopener\"><img decoding=\"async\" class=\"pdf-link-image\" src=\"https:\/\/bvimedical.be\/fr\/wp-content\/uploads\/2021\/11\/brochure.png\" \/>Brochure ARCEOLE <b>TELECHARGER<\/b><\/a><\/p>\n<div class=\"get-us-url\">\n<div>https:\/\/www.bvimedical.be\/wp-content\/uploads\/2023\/11\/BVI-Product-Catalog-2023.pdf<\/div>\n<\/div>\n<p><a class=\"contact-fix uscat\" target=\"_blank\" rel=\"noopener\">Download US Catalog<\/a><\/p>\n<p><a class=\"contact-fix\" href=\"\/contact\">Contactez nous<\/a><\/p>","protected":false},"excerpt":{"rendered":"<p>Set d\u2019injection de gaz ophtalmique st\u00e9rile.<\/p>\n","protected":false},"featured_media":5985,"template":"","meta":{"_acf_changed":false,"_relevanssi_hide_post":"","_relevanssi_hide_content":"","_relevanssi_pin_for_all":"","_relevanssi_pin_keywords":"","_relevanssi_unpin_keywords":"","_relevanssi_related_keywords":"","_relevanssi_related_include_ids":"","_relevanssi_related_exclude_ids":"","_relevanssi_related_no_append":"","_relevanssi_related_not_related":"","_relevanssi_related_posts":"","_relevanssi_noindex_reason":""},"product_brand":[],"product_cat":[39],"product_tag":[],"class_list":{"0":"post-1153","1":"product","2":"type-product","3":"status-publish","4":"has-post-thumbnail","6":"product_cat-gas","8":"first","9":"instock","10":"virtual","11":"product-type-simple"},"acf":[],"_links":{"self":[{"href":"https:\/\/www.bvimedical.be\/fr\/wp-json\/wp\/v2\/product\/1153","targetHints":{"allow":["GET"]}}],"collection":[{"href":"https:\/\/www.bvimedical.be\/fr\/wp-json\/wp\/v2\/product"}],"about":[{"href":"https:\/\/www.bvimedical.be\/fr\/wp-json\/wp\/v2\/types\/product"}],"wp:featuredmedia":[{"embeddable":true,"href":"https:\/\/www.bvimedical.be\/fr\/wp-json\/wp\/v2\/media\/5985"}],"wp:attachment":[{"href":"https:\/\/www.bvimedical.be\/fr\/wp-json\/wp\/v2\/media?parent=1153"}],"wp:term":[{"taxonomy":"product_brand","embeddable":true,"href":"https:\/\/www.bvimedical.be\/fr\/wp-json\/wp\/v2\/product_brand?post=1153"},{"taxonomy":"product_cat","embeddable":true,"href":"https:\/\/www.bvimedical.be\/fr\/wp-json\/wp\/v2\/product_cat?post=1153"},{"taxonomy":"product_tag","embeddable":true,"href":"https:\/\/www.bvimedical.be\/fr\/wp-json\/wp\/v2\/product_tag?post=1153"}],"curies":[{"name":"wp","href":"https:\/\/api.w.org\/{rel}","templated":true}]}}