{"id":1471,"date":"2021-11-30T15:35:24","date_gmt":"2021-11-30T15:35:24","guid":{"rendered":"https:\/\/bvifr.wpengine.com\/fr\/?post_type=product&#038;p=1471"},"modified":"2026-02-25T16:05:31","modified_gmt":"2026-02-25T16:05:31","slug":"isopure","status":"publish","type":"product","link":"https:\/\/www.bvimedical.be\/fr\/produit\/fr-producten-isopure\/","title":{"rendered":"ISOPURE"},"content":{"rendered":"<p><strong>DESCRIPTION<\/strong><\/p>\n<p>ISOPURE est une lentille intraoculaire premium destin\u00e9e aux patients atteints de cataracte, con\u00e7ue pour fournir une vision fonctionnelle \u00e0 distance interm\u00e9diaire dans diverses conditions, sans compromettre la qualit\u00e9 de la vision \u2013 avec la simplicit\u00e9 d&rsquo;une LIO monofocale.<\/p>\n<p>&nbsp;<\/p>\n<p><strong>BROCHURES<\/strong><\/p>\n<p><a href=\"https:\/\/www.bvimedical.com\/wp-content\/uploads\/2025\/03\/031825_Hydrophobic_and_Hydrophilic_IOL_Portfolio_28_10.pdf\" target=\"_blank\" rel=\"noopener\"><img decoding=\"async\" class=\"pdf-link-image\" src=\"https:\/\/www.bvimedical.be\/wp-content\/uploads\/2021\/11\/brochure.png\" \/>IOL Portfolio<b>TELECHARGER<\/b><\/a><\/p>\n<p><a href=\"https:\/\/www.bvimedical.com\/wp-content\/uploads\/2025\/03\/031825_Hydrophobic_IOL_Portfolio.pdf\" target=\"_blank\" rel=\"noopener\"><img decoding=\"async\" class=\"pdf-link-image\" src=\"https:\/\/www.bvimedical.be\/wp-content\/uploads\/2021\/11\/brochure.png\" \/>Hydrophobic IOL Portfolio<b>TELECHARGER<\/b><\/a><\/p>\n<p><a href=\"https:\/\/www.bvimedical.be\/wp-content\/uploads\/2024\/04\/ISOPURE-Technical-Data-Sheet.pdf\" target=\"_blank\" rel=\"noopener\" data-wp-editing=\"1\"><img decoding=\"async\" class=\"pdf-link-image\" src=\"https:\/\/bvimedical.be\/wp-content\/uploads\/2021\/11\/brochure.png\" \/>ISOPURE Technical Specifications\u00a0<b>TELECHARGER<\/b><\/a><\/p>\n<p><a href=\"https:\/\/www.bvimedical.com\/wp-content\/uploads\/2026\/02\/022526_ISOPURE-Brochure.pdf\" target=\"_blank\" rel=\"noopener\"><img decoding=\"async\" class=\"pdf-link-image\" src=\"https:\/\/www.bvimedical.com\/wp-content\/uploads\/2021\/11\/brochure.png\" \/>ISOPURE Technology<b>TELECHARGER<\/b><\/a><\/p>\n<p><a href=\"https:\/\/www.bvimedical.be\/wp-content\/uploads\/2024\/04\/ISOPURE-123-Technical-Data-Sheet.pdf\" target=\"_blank\" rel=\"noopener\" data-wp-editing=\"1\"><img decoding=\"async\" class=\"pdf-link-image\" src=\"https:\/\/bvimedical.be\/wp-content\/uploads\/2021\/11\/brochure.png\" \/>ISOPURE 123 Technical Specifications <b>TELECHARGER<\/b><\/a><\/p>\n<p><a href=\"https:\/\/www.bvimedical.be\/wp-content\/uploads\/2024\/10\/Medicel-Accuject-Injector-Guidelines-Technical-Data-Sheet.pdf\" target=\"_blank\" rel=\"noopener\"><img decoding=\"async\" class=\"pdf-link-image\" src=\"https:\/\/bvimedical.be\/wp-content\/uploads\/2021\/11\/brochure.png\" \/>Medicel Accuject Injector Guidelines<b>TELECHARGER<\/b><\/a><\/p>\n<p><a href=\"https:\/\/www.bvimedical.be\/wp-content\/uploads\/2024\/10\/Single-Use-Injector-123-Premium-with-PRS-Technical-Data-Sheet.pdf\" target=\"_blank\" rel=\"noopener\"><img decoding=\"async\" class=\"pdf-link-image\" src=\"https:\/\/bvimedical.be\/wp-content\/uploads\/2021\/11\/brochure.png\" \/>1.2.3 Premium Injector Guidelines<b>TELECHARGER<\/b><\/a><\/p>\n<p><a class=\"special-landing-button\" style=\"margin-top: 20px; background: #8779aa;\" href=\"https:\/\/isopure.bvimedical.com\/\" target=\"_blank\" rel=\"noopener\">En savoir plus<\/a><\/p>\n<div class=\"get-us-url\">\n<div>https:\/\/www.bvimedical.be\/wp-content\/uploads\/2023\/11\/BVI-Product-Catalog-2023.pdf<\/div>\n<\/div>\n<p><a class=\"contact-fix uscat\" target=\"_blank\" rel=\"noopener\">Download US Catalog<\/a><\/p>\n<p><a class=\"contact-fix\" href=\"\/contact\">Contactez nous<\/a><\/p>\n","protected":false},"excerpt":{"rendered":"<p><i style=\"color: white;\">.<\/i><\/p>\n","protected":false},"featured_media":2571,"template":"","meta":{"_acf_changed":false,"_relevanssi_hide_post":"","_relevanssi_hide_content":"","_relevanssi_pin_for_all":"","_relevanssi_pin_keywords":"","_relevanssi_unpin_keywords":"","_relevanssi_related_keywords":"","_relevanssi_related_include_ids":"","_relevanssi_related_exclude_ids":"","_relevanssi_related_no_append":"","_relevanssi_related_not_related":"","_relevanssi_related_posts":"","_relevanssi_noindex_reason":""},"product_brand":[],"product_cat":[43],"product_tag":[],"class_list":{"0":"post-1471","1":"product","2":"type-product","3":"status-publish","4":"has-post-thumbnail","6":"product_cat-premium-monofocal-iol","8":"first","9":"instock","10":"virtual","11":"product-type-simple"},"acf":[],"_links":{"self":[{"href":"https:\/\/www.bvimedical.be\/fr\/wp-json\/wp\/v2\/product\/1471","targetHints":{"allow":["GET"]}}],"collection":[{"href":"https:\/\/www.bvimedical.be\/fr\/wp-json\/wp\/v2\/product"}],"about":[{"href":"https:\/\/www.bvimedical.be\/fr\/wp-json\/wp\/v2\/types\/product"}],"wp:featuredmedia":[{"embeddable":true,"href":"https:\/\/www.bvimedical.be\/fr\/wp-json\/wp\/v2\/media\/2571"}],"wp:attachment":[{"href":"https:\/\/www.bvimedical.be\/fr\/wp-json\/wp\/v2\/media?parent=1471"}],"wp:term":[{"taxonomy":"product_brand","embeddable":true,"href":"https:\/\/www.bvimedical.be\/fr\/wp-json\/wp\/v2\/product_brand?post=1471"},{"taxonomy":"product_cat","embeddable":true,"href":"https:\/\/www.bvimedical.be\/fr\/wp-json\/wp\/v2\/product_cat?post=1471"},{"taxonomy":"product_tag","embeddable":true,"href":"https:\/\/www.bvimedical.be\/fr\/wp-json\/wp\/v2\/product_tag?post=1471"}],"curies":[{"name":"wp","href":"https:\/\/api.w.org\/{rel}","templated":true}]}}