{"id":1483,"date":"2021-12-02T08:22:11","date_gmt":"2021-12-02T08:22:11","guid":{"rendered":"https:\/\/bvifr.wpengine.com\/fr\/?post_type=product&#038;p=1483"},"modified":"2026-03-11T20:59:11","modified_gmt":"2026-03-11T20:59:11","slug":"finevision-toric","status":"publish","type":"product","link":"https:\/\/www.bvimedical.be\/fr\/produit\/fr-producten-finevision-toric-pod-ft\/","title":{"rendered":"FINEVISION TORIC (POD FT)"},"content":{"rendered":"<p><strong>DESCRIPTION<\/strong><\/p>\n<p>FINEVISION est la premi\u00e8re et originale lentille intraoculaire trifocale diffractive brevet\u00e9e. La combinaison des deux profils offre au patient une vision \u00e0 moyenne distance sans affecter l&rsquo;acuit\u00e9 visuelle de pr\u00e8s et de loin. Visitez maintenant notre calculateur torique en ligne avec la formule de r\u00e9gression Abulafia-Koch: <a href=\"http:\/\/toric.bvimedical.com\">toric.bvimedical.com*<\/a><\/p>\n<p><strong>BROCHURES<\/strong><\/p>\n<p><a href=\"https:\/\/www.bvimedical.com\/wp-content\/uploads\/2025\/03\/031825_Hydrophobic_and_Hydrophilic_IOL_Portfolio_28_10.pdf\" target=\"_blank\" rel=\"noopener\"><img decoding=\"async\" class=\"pdf-link-image\" src=\"https:\/\/www.bvimedical.be\/wp-content\/uploads\/2021\/11\/brochure.png\" \/>IOL Portfolio<b>TELECHARGER<\/b><\/a><\/p>\n<p><a href=\"https:\/\/www.bvimedical.be\/wp-content\/uploads\/2024\/04\/FineVisionToric-Technical-Data-Sheet.pdf\" target=\"_blank\" rel=\"noopener\"><img decoding=\"async\" class=\"pdf-link-image\" src=\"https:\/\/bvimedical.be\/wp-content\/uploads\/2021\/11\/brochure.png\" \/>FINEVISION TORIC Technical Specifications<b>TELECHARGER<\/b><\/a><\/p>\n<p><a href=\"https:\/\/www.bvimedical.com\/wp-content\/uploads\/2025\/06\/160625_FINE-Technology-Brochure.pdf\" target=\"_blank\" rel=\"noopener\"><img decoding=\"async\" class=\"pdf-link-image\" src=\"https:\/\/www.bvimedical.com\/wp-content\/uploads\/2021\/11\/brochure.png\" \/>FINE Technology<b>TELECHARGER<\/b><\/a><\/p>\n<p><a href=\"https:\/\/www.bvimedical.be\/wp-content\/uploads\/2024\/10\/Medicel-Accuject-Injector-Guidelines-Technical-Data-Sheet.pdf\" target=\"_blank\" rel=\"noopener\"><img decoding=\"async\" class=\"pdf-link-image\" src=\"https:\/\/bvimedical.be\/wp-content\/uploads\/2021\/11\/brochure.png\" \/>Medicel Accuject Injector Guidelines<b>TELECHARGER<\/b><\/a><\/p>\n<div class=\"get-us-url\">\n<div>https:\/\/www.bvimedical.be\/wp-content\/uploads\/2023\/11\/BVI-Product-Catalog-2023.pdf<\/div>\n<\/div>\n<p><a class=\"contact-fix uscat\" target=\"_blank\" rel=\"noopener\">Download US Catalog<\/a><\/p>\n<p><a class=\"contact-fix\" href=\"\/contact\">Contactez nous<\/a><\/p>\n<p>* <a href=\"https:\/\/toric.bvimedical.com\/\" target=\"_blank\" rel=\"noopener\">https:\/\/toric.bvimedical.com\/<\/a> est une URL de transfert pour <a href=\"http:\/\/www.physioltoric.eu\" target=\"_blank\" rel=\"noopener\">www.physioltoric.eu<\/a><\/p>","protected":false},"excerpt":{"rendered":"<p>26% hydrofiele acryl torische IOL<\/p>\n","protected":false},"featured_media":6033,"template":"","meta":{"_acf_changed":false,"_relevanssi_hide_post":"","_relevanssi_hide_content":"","_relevanssi_pin_for_all":"","_relevanssi_pin_keywords":"","_relevanssi_unpin_keywords":"","_relevanssi_related_keywords":"","_relevanssi_related_include_ids":"","_relevanssi_related_exclude_ids":"","_relevanssi_related_no_append":"","_relevanssi_related_not_related":"","_relevanssi_related_posts":"","_relevanssi_noindex_reason":""},"product_brand":[],"product_cat":[41],"product_tag":[],"class_list":{"0":"post-1483","1":"product","2":"type-product","3":"status-publish","4":"has-post-thumbnail","6":"product_cat-trifocal-iol","8":"first","9":"instock","10":"virtual","11":"product-type-simple"},"acf":[],"_links":{"self":[{"href":"https:\/\/www.bvimedical.be\/fr\/wp-json\/wp\/v2\/product\/1483","targetHints":{"allow":["GET"]}}],"collection":[{"href":"https:\/\/www.bvimedical.be\/fr\/wp-json\/wp\/v2\/product"}],"about":[{"href":"https:\/\/www.bvimedical.be\/fr\/wp-json\/wp\/v2\/types\/product"}],"wp:featuredmedia":[{"embeddable":true,"href":"https:\/\/www.bvimedical.be\/fr\/wp-json\/wp\/v2\/media\/6033"}],"wp:attachment":[{"href":"https:\/\/www.bvimedical.be\/fr\/wp-json\/wp\/v2\/media?parent=1483"}],"wp:term":[{"taxonomy":"product_brand","embeddable":true,"href":"https:\/\/www.bvimedical.be\/fr\/wp-json\/wp\/v2\/product_brand?post=1483"},{"taxonomy":"product_cat","embeddable":true,"href":"https:\/\/www.bvimedical.be\/fr\/wp-json\/wp\/v2\/product_cat?post=1483"},{"taxonomy":"product_tag","embeddable":true,"href":"https:\/\/www.bvimedical.be\/fr\/wp-json\/wp\/v2\/product_tag?post=1483"}],"curies":[{"name":"wp","href":"https:\/\/api.w.org\/{rel}","templated":true}]}}