{"id":5352,"date":"2023-04-13T09:20:43","date_gmt":"2023-04-13T09:20:43","guid":{"rendered":"https:\/\/bvimedical.be\/?post_type=product&#038;p=5352"},"modified":"2023-04-17T08:11:19","modified_gmt":"2023-04-17T08:11:19","slug":"monoblue-ilm-view","status":"publish","type":"product","link":"https:\/\/www.bvimedical.be\/fr\/produit\/monoblue-ilm-view\/","title":{"rendered":"MONOBLUE ILM View"},"content":{"rendered":"<p><strong>Description<\/strong><\/p>\n<p>MONOBLUE ILM View is an ultra-purified DDG solution presented in a single dose syringe with 0.5 ml of 0,025% DDG.<\/p>\n<p>MONOBLUE ILM View is indicated for the staining of the Inner Limiting Membrane (ILM).<\/p>\n<p>&nbsp;<\/p>\n<p><strong>BROCHURES<\/strong><\/p>\n<p><a href=\"https:\/\/www.bvimedical.com\/wp-content\/uploads\/2023\/01\/TDS_Monoblue-ILM.pdf\" target=\"_blank\" rel=\"noopener\"><img decoding=\"async\" class=\"pdf-link-image\" src=\"https:\/\/www.bvimedical.com\/wp-content\/uploads\/2021\/11\/brochure.png\" \/> MONOBLUE ILM View technical data sheet<b>TELECHARGER<\/b><\/a><\/p>\n<div class=\"get-us-url\">\n<div>https:\/\/www.bvimedical.be\/wp-content\/uploads\/2023\/11\/BVI-Product-Catalog-2023.pdf<\/div>\n<\/div>\n<p><a class=\"contact-fix uscat\" target=\"_blank\" rel=\"noopener\">Download US Catalog<\/a><\/p>\n<p><a class=\"contact-fix\" href=\"\/contact\">Contact<\/a><\/p>","protected":false},"excerpt":{"rendered":"<p>Bleu de trypan purifi\u00e9; v\u00e9hicule isotonique tamponn\u00e8<\/p>\n","protected":false},"featured_media":5359,"template":"","meta":{"_acf_changed":false,"_relevanssi_hide_post":"","_relevanssi_hide_content":"","_relevanssi_pin_for_all":"","_relevanssi_pin_keywords":"","_relevanssi_unpin_keywords":"","_relevanssi_related_keywords":"","_relevanssi_related_include_ids":"","_relevanssi_related_exclude_ids":"","_relevanssi_related_no_append":"","_relevanssi_related_not_related":"","_relevanssi_related_posts":"","_relevanssi_noindex_reason":""},"product_brand":[],"product_cat":[24],"product_tag":[],"class_list":{"0":"post-5352","1":"product","2":"type-product","3":"status-publish","4":"has-post-thumbnail","6":"product_cat-surgical-dyes","8":"first","9":"instock","10":"virtual","11":"product-type-simple"},"acf":[],"_links":{"self":[{"href":"https:\/\/www.bvimedical.be\/fr\/wp-json\/wp\/v2\/product\/5352","targetHints":{"allow":["GET"]}}],"collection":[{"href":"https:\/\/www.bvimedical.be\/fr\/wp-json\/wp\/v2\/product"}],"about":[{"href":"https:\/\/www.bvimedical.be\/fr\/wp-json\/wp\/v2\/types\/product"}],"wp:featuredmedia":[{"embeddable":true,"href":"https:\/\/www.bvimedical.be\/fr\/wp-json\/wp\/v2\/media\/5359"}],"wp:attachment":[{"href":"https:\/\/www.bvimedical.be\/fr\/wp-json\/wp\/v2\/media?parent=5352"}],"wp:term":[{"taxonomy":"product_brand","embeddable":true,"href":"https:\/\/www.bvimedical.be\/fr\/wp-json\/wp\/v2\/product_brand?post=5352"},{"taxonomy":"product_cat","embeddable":true,"href":"https:\/\/www.bvimedical.be\/fr\/wp-json\/wp\/v2\/product_cat?post=5352"},{"taxonomy":"product_tag","embeddable":true,"href":"https:\/\/www.bvimedical.be\/fr\/wp-json\/wp\/v2\/product_tag?post=5352"}],"curies":[{"name":"wp","href":"https:\/\/api.w.org\/{rel}","templated":true}]}}