{"id":988,"date":"2021-11-11T09:53:24","date_gmt":"2021-11-11T09:53:24","guid":{"rendered":"https:\/\/bvifr.wpengine.com\/fr\/?post_type=product&#038;p=988"},"modified":"2024-04-05T15:11:58","modified_gmt":"2024-04-05T15:11:58","slug":"canules","status":"publish","type":"product","link":"https:\/\/www.bvimedical.be\/fr\/produit\/canules\/","title":{"rendered":"Canules"},"content":{"rendered":"<p><strong>DESCRIPTION<\/strong><\/p>\n<div class=\"ewa-rteLine\">Nous offrons une gamme de canules \u00e0 usage unique <strong>Visitec,<\/strong> d\u00e9velopp\u00e9e pour vous assister durant vos interventions chirurgicales ophtalmiques.<\/div>\n<div class=\"ewa-rteLine\"><\/div>\n<div><\/div>\n<div class=\"ewa-rteLine\">Nos canules<strong> Vitreq<\/strong> sont cr\u00e9\u00e9es pour offrir au chirurgien un contr\u00f4le optimis\u00e9 sur certaines des proc\u00e9dures vitr\u00e9o r\u00e9tiniennes les plus difficiles, afin d&rsquo;am\u00e9liorer leur s\u00e9curit\u00e9 et leur taux de r\u00e9ussite. La gamme compl\u00e8te de cannules comprend : des aiguilles d&rsquo;injection PFC ; canules VFI ; canules \u00e0 embout en silicone; etc.<\/div>\n<p>&nbsp;<\/p>\n<p><strong>BROCHURES<\/strong><\/p>\n<p><a href=\"https:\/\/bvimedical.be\/wp-content\/uploads\/2022\/05\/1536846-02-IN-BVI-Visitec-Cannulas-Final.pdf\" target=\"_blank\" rel=\"noopener\"><img decoding=\"async\" class=\"pdf-link-image\" src=\"https:\/\/bvimedical.be\/wp-content\/uploads\/2021\/11\/brochure.png\" \/>Portfolio Visitec\u00ae Cannules <b>TELECHARGER<\/b><\/a><\/p>\n<p><a href=\"https:\/\/bvimedical.be\/wp-content\/uploads\/2022\/02\/1619742-01_IN_Vitreq_Cannulas_and_Needles_Brochure.pdf\" target=\"_blank\" rel=\"noopener\"><img decoding=\"async\" class=\"pdf-link-image\" src=\"https:\/\/bvimedical.be\/wp-content\/uploads\/2021\/11\/brochure.png\" \/>Portfolio Visitec\u00ae Cannules <b>TELECHARGER<\/b><\/a><\/p>\n<div class=\"get-us-url\">\n<div>https:\/\/www.bvimedical.be\/wp-content\/uploads\/2023\/11\/BVI-Product-Catalog-2023.pdf<\/div>\n<\/div>\n<p><a class=\"contact-fix uscat\" target=\"_blank\" rel=\"noopener\">Download US Catalog<\/a><\/p>\n<p><a class=\"contact-fix\" href=\"\/contact\">Contactez nous<\/a><\/p>","protected":false},"excerpt":{"rendered":"<p>D\u00e9couvrez nos gamme de canules Visitec et Vitreq<\/p>\n","protected":false},"featured_media":4170,"template":"","meta":{"_acf_changed":false,"_relevanssi_hide_post":"","_relevanssi_hide_content":"","_relevanssi_pin_for_all":"","_relevanssi_pin_keywords":"","_relevanssi_unpin_keywords":"","_relevanssi_related_keywords":"","_relevanssi_related_include_ids":"","_relevanssi_related_exclude_ids":"","_relevanssi_related_no_append":"","_relevanssi_related_not_related":"","_relevanssi_related_posts":"","_relevanssi_noindex_reason":""},"product_brand":[],"product_cat":[19],"product_tag":[],"class_list":{"0":"post-988","1":"product","2":"type-product","3":"status-publish","4":"has-post-thumbnail","6":"product_cat-cannulas","8":"first","9":"instock","10":"virtual","11":"product-type-simple"},"acf":[],"_links":{"self":[{"href":"https:\/\/www.bvimedical.be\/fr\/wp-json\/wp\/v2\/product\/988","targetHints":{"allow":["GET"]}}],"collection":[{"href":"https:\/\/www.bvimedical.be\/fr\/wp-json\/wp\/v2\/product"}],"about":[{"href":"https:\/\/www.bvimedical.be\/fr\/wp-json\/wp\/v2\/types\/product"}],"wp:featuredmedia":[{"embeddable":true,"href":"https:\/\/www.bvimedical.be\/fr\/wp-json\/wp\/v2\/media\/4170"}],"wp:attachment":[{"href":"https:\/\/www.bvimedical.be\/fr\/wp-json\/wp\/v2\/media?parent=988"}],"wp:term":[{"taxonomy":"product_brand","embeddable":true,"href":"https:\/\/www.bvimedical.be\/fr\/wp-json\/wp\/v2\/product_brand?post=988"},{"taxonomy":"product_cat","embeddable":true,"href":"https:\/\/www.bvimedical.be\/fr\/wp-json\/wp\/v2\/product_cat?post=988"},{"taxonomy":"product_tag","embeddable":true,"href":"https:\/\/www.bvimedical.be\/fr\/wp-json\/wp\/v2\/product_tag?post=988"}],"curies":[{"name":"wp","href":"https:\/\/api.w.org\/{rel}","templated":true}]}}